{"id":2484,"date":"2021-03-03T17:55:09","date_gmt":"2021-03-03T16:55:09","guid":{"rendered":"https:\/\/nntt.auria.org\/?page_id=2484"},"modified":"2021-03-03T17:57:05","modified_gmt":"2021-03-03T16:57:05","slug":"abc-ya","status":"publish","type":"page","link":"https:\/\/nntt2.auria.org\/index.php\/abc-ya\/","title":{"rendered":"ABC ya"},"content":{"rendered":"\n<figure class=\"wp-block-image size-large is-resized\"><a href=\"https:\/\/www.abcya.com\/\"><img loading=\"lazy\" decoding=\"async\" src=\"https:\/\/nntt2.auria.org\/wp-content\/uploads\/2021\/03\/abcYa2-1024x410.jpg\" alt=\"\" class=\"wp-image-2485\" width=\"1416\" height=\"567\" srcset=\"https:\/\/nntt2.auria.org\/wp-content\/uploads\/2021\/03\/abcYa2-1024x410.jpg 1024w, https:\/\/nntt2.auria.org\/wp-content\/uploads\/2021\/03\/abcYa2-600x240.jpg 600w, https:\/\/nntt2.auria.org\/wp-content\/uploads\/2021\/03\/abcYa2-300x120.jpg 300w, https:\/\/nntt2.auria.org\/wp-content\/uploads\/2021\/03\/abcYa2-768x307.jpg 768w, https:\/\/nntt2.auria.org\/wp-content\/uploads\/2021\/03\/abcYa2-1536x615.jpg 1536w, https:\/\/nntt2.auria.org\/wp-content\/uploads\/2021\/03\/abcYa2-1200x480.jpg 1200w, https:\/\/nntt2.auria.org\/wp-content\/uploads\/2021\/03\/abcYa2.jpg 1656w\" sizes=\"auto, (max-width: 1416px) 100vw, 1416px\" \/><\/a><\/figure>\n\n\n\n<p class=\"has-medium-font-size\">\u00e9s un lloc web que ofereix jocs i activitats educatives per a nens en edat escolar. Els jocs del lloc web s\u2019organitzen en nivells de grau des de preinfantil fins al sis\u00e8 grau, aix\u00ed com en categories d\u2019assignatures com ara lletres, n\u00fameros i vacances.<\/p>\n\n\n\n<p class=\"has-medium-font-size\"><\/p>\n\n\n\n<p class=\"has-medium-font-size\">Es pot jugar en l\u00ednia a trav\u00e9s d ela seva p\u00e0gina o descarregar la seva app.<\/p>\n\n\n\n<p class=\"has-medium-font-size\"><\/p>\n\n\n\n<p class=\"has-medium-font-size\">El contingut i la p\u00e0gina es troben en angl\u00e8s.<\/p>\n\n\n\n<p><\/p>\n\n\n\n<p class=\"has-huge-font-size\"><a href=\"https:\/\/www.abcya.com\/\">Ves a la seva p\u00e0gina<\/a><\/p>\n\n\n\n<p><\/p>\n\n\n\n<p><\/p>\n","protected":false},"excerpt":{"rendered":"<p>\u00e9s un lloc web que ofereix jocs i activitats educatives per a nens en edat escolar. Els jocs del lloc web s\u2019organitzen en nivells de grau des de preinfantil fins al sis\u00e8<a class=\"moretag\" href=\"https:\/\/nntt2.auria.org\/index.php\/abc-ya\/\">Read More&#8230;<\/a><\/p>\n","protected":false},"author":1,"featured_media":0,"parent":0,"menu_order":0,"comment_status":"closed","ping_status":"closed","template":"","meta":{"footnotes":""},"class_list":["post-2484","page","type-page","status-publish","hentry"],"_links":{"self":[{"href":"https:\/\/nntt2.auria.org\/index.php\/wp-json\/wp\/v2\/pages\/2484","targetHints":{"allow":["GET"]}}],"collection":[{"href":"https:\/\/nntt2.auria.org\/index.php\/wp-json\/wp\/v2\/pages"}],"about":[{"href":"https:\/\/nntt2.auria.org\/index.php\/wp-json\/wp\/v2\/types\/page"}],"author":[{"embeddable":true,"href":"https:\/\/nntt2.auria.org\/index.php\/wp-json\/wp\/v2\/users\/1"}],"replies":[{"embeddable":true,"href":"https:\/\/nntt2.auria.org\/index.php\/wp-json\/wp\/v2\/comments?post=2484"}],"version-history":[{"count":2,"href":"https:\/\/nntt2.auria.org\/index.php\/wp-json\/wp\/v2\/pages\/2484\/revisions"}],"predecessor-version":[{"id":2488,"href":"https:\/\/nntt2.auria.org\/index.php\/wp-json\/wp\/v2\/pages\/2484\/revisions\/2488"}],"wp:attachment":[{"href":"https:\/\/nntt2.auria.org\/index.php\/wp-json\/wp\/v2\/media?parent=2484"}],"curies":[{"name":"wp","href":"https:\/\/api.w.org\/{rel}","templated":true}]}}