{"id":2473,"date":"2021-03-03T17:38:18","date_gmt":"2021-03-03T16:38:18","guid":{"rendered":"https:\/\/nntt.auria.org\/?page_id=2473"},"modified":"2021-03-03T17:38:18","modified_gmt":"2021-03-03T16:38:18","slug":"educa-plus","status":"publish","type":"page","link":"https:\/\/nntt2.auria.org\/index.php\/educa-plus\/","title":{"rendered":"Educa Plus"},"content":{"rendered":"\n<div class=\"wp-block-media-text alignwide is-stacked-on-mobile\"><figure class=\"wp-block-media-text__media\"><a href=\"http:\/\/www.educaplus.org\/games\/juegos\"><img loading=\"lazy\" decoding=\"async\" width=\"815\" height=\"711\" src=\"https:\/\/nntt2.auria.org\/wp-content\/uploads\/2021\/03\/educaplus2.jpg\" alt=\"\" class=\"wp-image-2474\" srcset=\"https:\/\/nntt2.auria.org\/wp-content\/uploads\/2021\/03\/educaplus2.jpg 815w, https:\/\/nntt2.auria.org\/wp-content\/uploads\/2021\/03\/educaplus2-600x523.jpg 600w, https:\/\/nntt2.auria.org\/wp-content\/uploads\/2021\/03\/educaplus2-300x262.jpg 300w, https:\/\/nntt2.auria.org\/wp-content\/uploads\/2021\/03\/educaplus2-768x670.jpg 768w\" sizes=\"auto, (max-width: 815px) 100vw, 815px\" \/><\/a><\/figure><div class=\"wp-block-media-text__content\">\n<p class=\"has-medium-font-size\">Es tracta d&#8217;una p\u00e0gina web amb jocs i recursos en l\u00ednia per a professors. <\/p>\n\n\n\n<p class=\"has-medium-font-size\">El contingut est\u00e0 classificat per &#8220;mat\u00e8ries&#8221;<\/p>\n\n\n\n<p class=\"has-large-font-size\"><a href=\"http:\/\/www.educaplus.org\/games\/juegos\">enlla\u00e7 a la p\u00e0gina<\/a><\/p>\n<\/div><\/div>\n","protected":false},"excerpt":{"rendered":"<p>Es tracta d&#8217;una p\u00e0gina web amb jocs i recursos en l\u00ednia per a professors. El contingut est\u00e0 classificat per &#8220;mat\u00e8ries&#8221; enlla\u00e7 a la p\u00e0gina<\/p>\n","protected":false},"author":1,"featured_media":0,"parent":0,"menu_order":0,"comment_status":"closed","ping_status":"closed","template":"","meta":{"footnotes":""},"class_list":["post-2473","page","type-page","status-publish","hentry"],"_links":{"self":[{"href":"https:\/\/nntt2.auria.org\/index.php\/wp-json\/wp\/v2\/pages\/2473","targetHints":{"allow":["GET"]}}],"collection":[{"href":"https:\/\/nntt2.auria.org\/index.php\/wp-json\/wp\/v2\/pages"}],"about":[{"href":"https:\/\/nntt2.auria.org\/index.php\/wp-json\/wp\/v2\/types\/page"}],"author":[{"embeddable":true,"href":"https:\/\/nntt2.auria.org\/index.php\/wp-json\/wp\/v2\/users\/1"}],"replies":[{"embeddable":true,"href":"https:\/\/nntt2.auria.org\/index.php\/wp-json\/wp\/v2\/comments?post=2473"}],"version-history":[{"count":1,"href":"https:\/\/nntt2.auria.org\/index.php\/wp-json\/wp\/v2\/pages\/2473\/revisions"}],"predecessor-version":[{"id":2475,"href":"https:\/\/nntt2.auria.org\/index.php\/wp-json\/wp\/v2\/pages\/2473\/revisions\/2475"}],"wp:attachment":[{"href":"https:\/\/nntt2.auria.org\/index.php\/wp-json\/wp\/v2\/media?parent=2473"}],"curies":[{"name":"wp","href":"https:\/\/api.w.org\/{rel}","templated":true}]}}