{"id":2455,"date":"2021-03-03T16:59:56","date_gmt":"2021-03-03T15:59:56","guid":{"rendered":"https:\/\/nntt.auria.org\/?page_id=2455"},"modified":"2021-03-03T17:01:28","modified_gmt":"2021-03-03T16:01:28","slug":"toy-teather","status":"publish","type":"page","link":"https:\/\/nntt2.auria.org\/index.php\/toy-teather\/","title":{"rendered":"Toy Teather"},"content":{"rendered":"\n<div class=\"wp-block-media-text alignwide is-stacked-on-mobile\"><figure class=\"wp-block-media-text__media\"><a href=\"https:\/\/toytheater.com\/\"><img loading=\"lazy\" decoding=\"async\" width=\"1024\" height=\"573\" src=\"https:\/\/nntt2.auria.org\/wp-content\/uploads\/2021\/03\/toyTeather2-1024x573.jpg\" alt=\"\" class=\"wp-image-2456\" srcset=\"https:\/\/nntt2.auria.org\/wp-content\/uploads\/2021\/03\/toyTeather2-1024x573.jpg 1024w, https:\/\/nntt2.auria.org\/wp-content\/uploads\/2021\/03\/toyTeather2-600x336.jpg 600w, https:\/\/nntt2.auria.org\/wp-content\/uploads\/2021\/03\/toyTeather2-300x168.jpg 300w, https:\/\/nntt2.auria.org\/wp-content\/uploads\/2021\/03\/toyTeather2-768x430.jpg 768w, https:\/\/nntt2.auria.org\/wp-content\/uploads\/2021\/03\/toyTeather2.jpg 1409w\" sizes=\"auto, (max-width: 1024px) 100vw, 1024px\" \/><\/a><\/figure><div class=\"wp-block-media-text__content\">\n<p class=\"has-medium-font-size\">Toy teather \u00e9s una col\u00b7lecci\u00f3 de jocs i recursos interactius educatius i gratu\u00efts pensats com una eina per professors. <\/p>\n\n\n\n<p class=\"has-medium-font-size\">Tots els recursos es poden utilitzar en l\u00ednia, des d&#8217;un ordinador, tauleta o m\u00f2bil.<\/p>\n\n\n\n<p class=\"has-large-font-size\"><a href=\"https:\/\/toytheater.com\/\">Enlla\u00e7 a la p\u00e0gina<\/a><\/p>\n<\/div><\/div>\n\n\n\n<p><\/p>\n","protected":false},"excerpt":{"rendered":"<p>Toy teather \u00e9s una col\u00b7lecci\u00f3 de jocs i recursos interactius educatius i gratu\u00efts pensats com una eina per professors. Tots els recursos es poden utilitzar en l\u00ednia, des d&#8217;un ordinador, tauleta o<a class=\"moretag\" href=\"https:\/\/nntt2.auria.org\/index.php\/toy-teather\/\">Read More&#8230;<\/a><\/p>\n","protected":false},"author":1,"featured_media":0,"parent":0,"menu_order":0,"comment_status":"closed","ping_status":"closed","template":"","meta":{"footnotes":""},"class_list":["post-2455","page","type-page","status-publish","hentry"],"_links":{"self":[{"href":"https:\/\/nntt2.auria.org\/index.php\/wp-json\/wp\/v2\/pages\/2455","targetHints":{"allow":["GET"]}}],"collection":[{"href":"https:\/\/nntt2.auria.org\/index.php\/wp-json\/wp\/v2\/pages"}],"about":[{"href":"https:\/\/nntt2.auria.org\/index.php\/wp-json\/wp\/v2\/types\/page"}],"author":[{"embeddable":true,"href":"https:\/\/nntt2.auria.org\/index.php\/wp-json\/wp\/v2\/users\/1"}],"replies":[{"embeddable":true,"href":"https:\/\/nntt2.auria.org\/index.php\/wp-json\/wp\/v2\/comments?post=2455"}],"version-history":[{"count":2,"href":"https:\/\/nntt2.auria.org\/index.php\/wp-json\/wp\/v2\/pages\/2455\/revisions"}],"predecessor-version":[{"id":2459,"href":"https:\/\/nntt2.auria.org\/index.php\/wp-json\/wp\/v2\/pages\/2455\/revisions\/2459"}],"wp:attachment":[{"href":"https:\/\/nntt2.auria.org\/index.php\/wp-json\/wp\/v2\/media?parent=2455"}],"curies":[{"name":"wp","href":"https:\/\/api.w.org\/{rel}","templated":true}]}}