{"id":2444,"date":"2021-03-03T16:42:43","date_gmt":"2021-03-03T15:42:43","guid":{"rendered":"https:\/\/nntt.auria.org\/?page_id=2444"},"modified":"2021-03-03T16:49:08","modified_gmt":"2021-03-03T15:49:08","slug":"mundo-primaria","status":"publish","type":"page","link":"https:\/\/nntt2.auria.org\/index.php\/mundo-primaria\/","title":{"rendered":"Mundo Primaria"},"content":{"rendered":"\n<div class=\"wp-block-media-text alignwide is-stacked-on-mobile\"><figure class=\"wp-block-media-text__media\"><a href=\"https:\/\/www.mundoprimaria.com\/\"><img loading=\"lazy\" decoding=\"async\" width=\"987\" height=\"680\" src=\"https:\/\/nntt2.auria.org\/wp-content\/uploads\/2021\/03\/mundoPrimaria2.jpg\" alt=\"\" class=\"wp-image-2445\" srcset=\"https:\/\/nntt2.auria.org\/wp-content\/uploads\/2021\/03\/mundoPrimaria2.jpg 987w, https:\/\/nntt2.auria.org\/wp-content\/uploads\/2021\/03\/mundoPrimaria2-600x413.jpg 600w, https:\/\/nntt2.auria.org\/wp-content\/uploads\/2021\/03\/mundoPrimaria2-300x207.jpg 300w, https:\/\/nntt2.auria.org\/wp-content\/uploads\/2021\/03\/mundoPrimaria2-768x529.jpg 768w\" sizes=\"auto, (max-width: 987px) 100vw, 987px\" \/><\/a><\/figure><div class=\"wp-block-media-text__content\">\n<p class=\"has-medium-font-size\"><strong>Mundo Primaria<\/strong> sorgeix com una font de jocs i altres recursos did\u00e0ctics gratu\u00efts de gran qualitat. <\/p>\n\n\n\n<p class=\"has-medium-font-size\">Principalment est\u00e0 pensat per a nens d&#8217;entre 3 i 12 anys per\u00f2 se&#8217;n pot beneficiar qualsevol persona tingui l&#8217;edat que tingui.<\/p>\n\n\n\n<p class=\"has-medium-font-size\">Els jocs NO requereixen de desc\u00e0rrega. Es poden jugar en l\u00ednia.<\/p>\n\n\n\n<p class=\"has-medium-font-size\">La web i quasi tots els seus recursos es troben en llengua castellana.<\/p>\n\n\n\n<p class=\"has-medium-font-size\">A banda de jocs tamb\u00e9 hi podem trobar contes, can\u00e7ons, dibuixos, endevinalles, etc.<\/p>\n\n\n\n<p><\/p>\n\n\n\n<p class=\"has-large-font-size\"><a href=\"https:\/\/www.mundoprimaria.com\/\">enlla\u00e7 a la p\u00e0gina<\/a><\/p>\n<\/div><\/div>\n\n\n\n<p><\/p>\n","protected":false},"excerpt":{"rendered":"<p>Mundo Primaria sorgeix com una font de jocs i altres recursos did\u00e0ctics gratu\u00efts de gran qualitat. Principalment est\u00e0 pensat per a nens d&#8217;entre 3 i 12 anys per\u00f2 se&#8217;n pot beneficiar qualsevol<a class=\"moretag\" href=\"https:\/\/nntt2.auria.org\/index.php\/mundo-primaria\/\">Read More&#8230;<\/a><\/p>\n","protected":false},"author":1,"featured_media":0,"parent":0,"menu_order":0,"comment_status":"closed","ping_status":"closed","template":"","meta":{"footnotes":""},"class_list":["post-2444","page","type-page","status-publish","hentry"],"_links":{"self":[{"href":"https:\/\/nntt2.auria.org\/index.php\/wp-json\/wp\/v2\/pages\/2444","targetHints":{"allow":["GET"]}}],"collection":[{"href":"https:\/\/nntt2.auria.org\/index.php\/wp-json\/wp\/v2\/pages"}],"about":[{"href":"https:\/\/nntt2.auria.org\/index.php\/wp-json\/wp\/v2\/types\/page"}],"author":[{"embeddable":true,"href":"https:\/\/nntt2.auria.org\/index.php\/wp-json\/wp\/v2\/users\/1"}],"replies":[{"embeddable":true,"href":"https:\/\/nntt2.auria.org\/index.php\/wp-json\/wp\/v2\/comments?post=2444"}],"version-history":[{"count":3,"href":"https:\/\/nntt2.auria.org\/index.php\/wp-json\/wp\/v2\/pages\/2444\/revisions"}],"predecessor-version":[{"id":2452,"href":"https:\/\/nntt2.auria.org\/index.php\/wp-json\/wp\/v2\/pages\/2444\/revisions\/2452"}],"wp:attachment":[{"href":"https:\/\/nntt2.auria.org\/index.php\/wp-json\/wp\/v2\/media?parent=2444"}],"curies":[{"name":"wp","href":"https:\/\/api.w.org\/{rel}","templated":true}]}}