{"id":2406,"date":"2021-02-15T17:45:15","date_gmt":"2021-02-15T16:45:15","guid":{"rendered":"https:\/\/nntt.auria.org\/?page_id=2406"},"modified":"2021-02-15T17:45:15","modified_gmt":"2021-02-15T16:45:15","slug":"camera-mouse","status":"publish","type":"page","link":"https:\/\/nntt2.auria.org\/index.php\/camera-mouse\/","title":{"rendered":"Camera Mouse"},"content":{"rendered":"\n<div class=\"wp-block-media-text alignwide is-stacked-on-mobile\" style=\"grid-template-columns:42% auto\"><figure class=\"wp-block-media-text__media\"><a href=\"http:\/\/www.cameramouse.org\/\"><img loading=\"lazy\" decoding=\"async\" width=\"600\" height=\"480\" src=\"https:\/\/nntt2.auria.org\/wp-content\/uploads\/2021\/02\/ev.png\" alt=\"\" class=\"wp-image-2407\" srcset=\"https:\/\/nntt2.auria.org\/wp-content\/uploads\/2021\/02\/ev.png 600w, https:\/\/nntt2.auria.org\/wp-content\/uploads\/2021\/02\/ev-300x240.png 300w\" sizes=\"auto, (max-width: 600px) 100vw, 600px\" \/><\/a><\/figure><div class=\"wp-block-media-text__content\">\n<p class=\"has-medium-font-size\">Camera Mouse \u00e9s un programa gratu\u00eft que us permet controlar el punter del ratol\u00ed a la pantalla de l&#8217;ordinador nom\u00e9s movent el cap. Mitjan\u00e7ant una webcam.<\/p>\n<\/div><\/div>\n","protected":false},"excerpt":{"rendered":"<p>Camera Mouse \u00e9s un programa gratu\u00eft que us permet controlar el punter del ratol\u00ed a la pantalla de l&#8217;ordinador nom\u00e9s movent el cap. Mitjan\u00e7ant una webcam.<\/p>\n","protected":false},"author":1,"featured_media":0,"parent":0,"menu_order":0,"comment_status":"closed","ping_status":"closed","template":"","meta":{"footnotes":""},"class_list":["post-2406","page","type-page","status-publish","hentry"],"_links":{"self":[{"href":"https:\/\/nntt2.auria.org\/index.php\/wp-json\/wp\/v2\/pages\/2406","targetHints":{"allow":["GET"]}}],"collection":[{"href":"https:\/\/nntt2.auria.org\/index.php\/wp-json\/wp\/v2\/pages"}],"about":[{"href":"https:\/\/nntt2.auria.org\/index.php\/wp-json\/wp\/v2\/types\/page"}],"author":[{"embeddable":true,"href":"https:\/\/nntt2.auria.org\/index.php\/wp-json\/wp\/v2\/users\/1"}],"replies":[{"embeddable":true,"href":"https:\/\/nntt2.auria.org\/index.php\/wp-json\/wp\/v2\/comments?post=2406"}],"version-history":[{"count":1,"href":"https:\/\/nntt2.auria.org\/index.php\/wp-json\/wp\/v2\/pages\/2406\/revisions"}],"predecessor-version":[{"id":2408,"href":"https:\/\/nntt2.auria.org\/index.php\/wp-json\/wp\/v2\/pages\/2406\/revisions\/2408"}],"wp:attachment":[{"href":"https:\/\/nntt2.auria.org\/index.php\/wp-json\/wp\/v2\/media?parent=2406"}],"curies":[{"name":"wp","href":"https:\/\/api.w.org\/{rel}","templated":true}]}}