{"id":2398,"date":"2021-02-15T17:37:59","date_gmt":"2021-02-15T16:37:59","guid":{"rendered":"https:\/\/nntt.auria.org\/?page_id=2398"},"modified":"2021-02-15T17:38:46","modified_gmt":"2021-02-15T16:38:46","slug":"optikey-pro","status":"publish","type":"page","link":"https:\/\/nntt2.auria.org\/index.php\/optikey-pro\/","title":{"rendered":"Optikey Pro"},"content":{"rendered":"\n<div class=\"wp-block-media-text alignwide is-stacked-on-mobile\"><figure class=\"wp-block-media-text__media\"><a href=\"http:\/\/www.optikey.org\/applications\/optikey-pro\"><img loading=\"lazy\" decoding=\"async\" width=\"565\" height=\"401\" src=\"https:\/\/nntt2.auria.org\/wp-content\/uploads\/2021\/02\/OPtikeyUI.jpg\" alt=\"\" class=\"wp-image-2399\" srcset=\"https:\/\/nntt2.auria.org\/wp-content\/uploads\/2021\/02\/OPtikeyUI.jpg 565w, https:\/\/nntt2.auria.org\/wp-content\/uploads\/2021\/02\/OPtikeyUI-300x213.jpg 300w\" sizes=\"auto, (max-width: 565px) 100vw, 565px\" \/><\/a><\/figure><div class=\"wp-block-media-text__content\">\n<p class=\"has-medium-font-size\">Optikey \u00e9s un software gratu\u00eft que consisteix en un teclat virtual en pantalla molt complert i amb moltes opcions de configuraci\u00f3. Ideal per controlar l&#8217;ordinador amb la mirada a trav\u00e9s d&#8217;un dispositiu de seguiment ocular, com el Tobii o amb una web cam i el software gratu\u00eft &#8220;<a href=\"https:\/\/nntt2.auria.org\/index.php\/recursos\/descarregues\/per-ordinador\/\">camera mouse<\/a>&#8220;. Tamb\u00e9 resulta \u00fatil com a eina de comunicaci\u00f3 SAAC ja que t\u00e9 opci\u00f3 de lectura de text a veu entre moltes altres funcions.<\/p>\n<\/div><\/div>\n","protected":false},"excerpt":{"rendered":"<p>Optikey \u00e9s un software gratu\u00eft que consisteix en un teclat virtual en pantalla molt complert i amb moltes opcions de configuraci\u00f3. Ideal per controlar l&#8217;ordinador amb la mirada a trav\u00e9s d&#8217;un dispositiu<a class=\"moretag\" href=\"https:\/\/nntt2.auria.org\/index.php\/optikey-pro\/\">Read More&#8230;<\/a><\/p>\n","protected":false},"author":1,"featured_media":0,"parent":0,"menu_order":0,"comment_status":"closed","ping_status":"closed","template":"","meta":{"footnotes":""},"class_list":["post-2398","page","type-page","status-publish","hentry"],"_links":{"self":[{"href":"https:\/\/nntt2.auria.org\/index.php\/wp-json\/wp\/v2\/pages\/2398","targetHints":{"allow":["GET"]}}],"collection":[{"href":"https:\/\/nntt2.auria.org\/index.php\/wp-json\/wp\/v2\/pages"}],"about":[{"href":"https:\/\/nntt2.auria.org\/index.php\/wp-json\/wp\/v2\/types\/page"}],"author":[{"embeddable":true,"href":"https:\/\/nntt2.auria.org\/index.php\/wp-json\/wp\/v2\/users\/1"}],"replies":[{"embeddable":true,"href":"https:\/\/nntt2.auria.org\/index.php\/wp-json\/wp\/v2\/comments?post=2398"}],"version-history":[{"count":2,"href":"https:\/\/nntt2.auria.org\/index.php\/wp-json\/wp\/v2\/pages\/2398\/revisions"}],"predecessor-version":[{"id":2401,"href":"https:\/\/nntt2.auria.org\/index.php\/wp-json\/wp\/v2\/pages\/2398\/revisions\/2401"}],"wp:attachment":[{"href":"https:\/\/nntt2.auria.org\/index.php\/wp-json\/wp\/v2\/media?parent=2398"}],"curies":[{"name":"wp","href":"https:\/\/api.w.org\/{rel}","templated":true}]}}