{"id":2394,"date":"2021-02-12T16:51:24","date_gmt":"2021-02-12T15:51:24","guid":{"rendered":"https:\/\/nntt.auria.org\/?page_id=2394"},"modified":"2021-02-12T16:51:24","modified_gmt":"2021-02-12T15:51:24","slug":"jocs-plataforma-scratch-canal-aura-games","status":"publish","type":"page","link":"https:\/\/nntt2.auria.org\/index.php\/jocs-plataforma-scratch-canal-aura-games\/","title":{"rendered":"Jocs plataforma Scratch, canal \u00c0ura Games"},"content":{"rendered":"\n<div class=\"wp-block-media-text alignwide is-stacked-on-mobile\"><figure class=\"wp-block-media-text__media\"><a href=\"https:\/\/scratch.mit.edu\/studios\/5900132\/\"><img loading=\"lazy\" decoding=\"async\" width=\"413\" height=\"413\" src=\"https:\/\/nntt2.auria.org\/wp-content\/uploads\/2021\/02\/JocsMakey-1.png\" alt=\"\" class=\"wp-image-2395\" srcset=\"https:\/\/nntt2.auria.org\/wp-content\/uploads\/2021\/02\/JocsMakey-1.png 413w, https:\/\/nntt2.auria.org\/wp-content\/uploads\/2021\/02\/JocsMakey-1-300x300.png 300w, https:\/\/nntt2.auria.org\/wp-content\/uploads\/2021\/02\/JocsMakey-1-100x100.png 100w, https:\/\/nntt2.auria.org\/wp-content\/uploads\/2021\/02\/JocsMakey-1-150x150.png 150w\" sizes=\"auto, (max-width: 413px) 100vw, 413px\" \/><\/a><\/figure><div class=\"wp-block-media-text__content\">\n<p class=\"has-medium-font-size\"><strong>Scratch<\/strong>\u00a0\u00e9s un projecte educatiu de\u00a0llenguatge de programaci\u00f3\u00a0creat pel grup\u00a0<em>Lifelong Kindergarten,\u00a0MIT Media Lab\u00a0<\/em>a Massachusetts, sota la direcci\u00f3 de\u00a0Mitchel Resnick. Ofereix de forma gratu\u00efta una eina de programaci\u00f3 en l\u00ednia als usuaris majors de 6 anys que s\u2019hi registrin.<\/p>\n\n\n\n<p class=\"has-medium-font-size\">El programa de Noves tecnologies hi tenim una &#8220;canal&#8221; anomenat &#8220;\u00c0uria Games&#8221; amb un petit cat\u00e0leg de jocs pensats per poder-se utilitzar amb la placa makey makey.<\/p>\n<\/div><\/div>\n\n\n\n<p><\/p>\n","protected":false},"excerpt":{"rendered":"<p>Scratch\u00a0\u00e9s un projecte educatiu de\u00a0llenguatge de programaci\u00f3\u00a0creat pel grup\u00a0Lifelong Kindergarten,\u00a0MIT Media Lab\u00a0a Massachusetts, sota la direcci\u00f3 de\u00a0Mitchel Resnick. Ofereix de forma gratu\u00efta una eina de programaci\u00f3 en l\u00ednia als usuaris majors de<a class=\"moretag\" href=\"https:\/\/nntt2.auria.org\/index.php\/jocs-plataforma-scratch-canal-aura-games\/\">Read More&#8230;<\/a><\/p>\n","protected":false},"author":1,"featured_media":0,"parent":0,"menu_order":0,"comment_status":"closed","ping_status":"closed","template":"","meta":{"footnotes":""},"class_list":["post-2394","page","type-page","status-publish","hentry"],"_links":{"self":[{"href":"https:\/\/nntt2.auria.org\/index.php\/wp-json\/wp\/v2\/pages\/2394","targetHints":{"allow":["GET"]}}],"collection":[{"href":"https:\/\/nntt2.auria.org\/index.php\/wp-json\/wp\/v2\/pages"}],"about":[{"href":"https:\/\/nntt2.auria.org\/index.php\/wp-json\/wp\/v2\/types\/page"}],"author":[{"embeddable":true,"href":"https:\/\/nntt2.auria.org\/index.php\/wp-json\/wp\/v2\/users\/1"}],"replies":[{"embeddable":true,"href":"https:\/\/nntt2.auria.org\/index.php\/wp-json\/wp\/v2\/comments?post=2394"}],"version-history":[{"count":1,"href":"https:\/\/nntt2.auria.org\/index.php\/wp-json\/wp\/v2\/pages\/2394\/revisions"}],"predecessor-version":[{"id":2396,"href":"https:\/\/nntt2.auria.org\/index.php\/wp-json\/wp\/v2\/pages\/2394\/revisions\/2396"}],"wp:attachment":[{"href":"https:\/\/nntt2.auria.org\/index.php\/wp-json\/wp\/v2\/media?parent=2394"}],"curies":[{"name":"wp","href":"https:\/\/api.w.org\/{rel}","templated":true}]}}