{"id":2362,"date":"2021-02-10T15:43:56","date_gmt":"2021-02-10T14:43:56","guid":{"rendered":"https:\/\/nntt.auria.org\/?page_id=2362"},"modified":"2021-02-10T15:43:56","modified_gmt":"2021-02-10T14:43:56","slug":"fun-brains","status":"publish","type":"page","link":"https:\/\/nntt2.auria.org\/index.php\/fun-brains\/","title":{"rendered":"Fun Brains"},"content":{"rendered":"\n<div class=\"wp-block-media-text alignwide is-stacked-on-mobile\"><figure class=\"wp-block-media-text__media\"><a href=\"https:\/\/www.funbrain.com\/\"><img loading=\"lazy\" decoding=\"async\" width=\"200\" height=\"200\" src=\"https:\/\/nntt2.auria.org\/wp-content\/uploads\/2020\/09\/FUNBRAIN_ico.png\" alt=\"\" class=\"wp-image-867\" srcset=\"https:\/\/nntt2.auria.org\/wp-content\/uploads\/2020\/09\/FUNBRAIN_ico.png 200w, https:\/\/nntt2.auria.org\/wp-content\/uploads\/2020\/09\/FUNBRAIN_ico-100x100.png 100w, https:\/\/nntt2.auria.org\/wp-content\/uploads\/2020\/09\/FUNBRAIN_ico-150x150.png 150w\" sizes=\"auto, (max-width: 200px) 100vw, 200px\" \/><\/a><\/figure><div class=\"wp-block-media-text__content\">\n<p class=\"has-medium-font-size\">Creat per a nens des de l&#8217;escola bressol fins als vuit anys. L\u00edder en jocs educatius gratu\u00efts per a nens des de 1997. El web ofereix centenars de jocs, llibres, c\u00f2mics i v\u00eddeos que desenvolupen habilitats en matem\u00e0tiques, lectura, resoluci\u00f3 de problemes i alfabetitzaci\u00f3.<\/p>\n\n\n\n<p class=\"has-medium-font-size\"><em>Els educadors i els pares poden confiar en aquest web per proporcionar una experi\u00e8ncia divertida i segura tant a casa com a l&#8217;escola.<\/em><\/p>\n\n\n\n<p>La web est\u00e0 en angl\u00e8s!<\/p>\n<\/div><\/div>\n\n\n\n<p><\/p>\n","protected":false},"excerpt":{"rendered":"<p>Creat per a nens des de l&#8217;escola bressol fins als vuit anys. L\u00edder en jocs educatius gratu\u00efts per a nens des de 1997. El web ofereix centenars de jocs, llibres, c\u00f2mics i<a class=\"moretag\" href=\"https:\/\/nntt2.auria.org\/index.php\/fun-brains\/\">Read More&#8230;<\/a><\/p>\n","protected":false},"author":1,"featured_media":0,"parent":0,"menu_order":0,"comment_status":"closed","ping_status":"closed","template":"","meta":{"footnotes":""},"class_list":["post-2362","page","type-page","status-publish","hentry"],"_links":{"self":[{"href":"https:\/\/nntt2.auria.org\/index.php\/wp-json\/wp\/v2\/pages\/2362","targetHints":{"allow":["GET"]}}],"collection":[{"href":"https:\/\/nntt2.auria.org\/index.php\/wp-json\/wp\/v2\/pages"}],"about":[{"href":"https:\/\/nntt2.auria.org\/index.php\/wp-json\/wp\/v2\/types\/page"}],"author":[{"embeddable":true,"href":"https:\/\/nntt2.auria.org\/index.php\/wp-json\/wp\/v2\/users\/1"}],"replies":[{"embeddable":true,"href":"https:\/\/nntt2.auria.org\/index.php\/wp-json\/wp\/v2\/comments?post=2362"}],"version-history":[{"count":1,"href":"https:\/\/nntt2.auria.org\/index.php\/wp-json\/wp\/v2\/pages\/2362\/revisions"}],"predecessor-version":[{"id":2363,"href":"https:\/\/nntt2.auria.org\/index.php\/wp-json\/wp\/v2\/pages\/2362\/revisions\/2363"}],"wp:attachment":[{"href":"https:\/\/nntt2.auria.org\/index.php\/wp-json\/wp\/v2\/media?parent=2362"}],"curies":[{"name":"wp","href":"https:\/\/api.w.org\/{rel}","templated":true}]}}