{"id":2357,"date":"2021-02-10T15:38:17","date_gmt":"2021-02-10T14:38:17","guid":{"rendered":"https:\/\/nntt.auria.org\/?page_id=2357"},"modified":"2021-02-10T15:38:17","modified_gmt":"2021-02-10T14:38:17","slug":"special-bites","status":"publish","type":"page","link":"https:\/\/nntt2.auria.org\/index.php\/special-bites\/","title":{"rendered":"Special Bites"},"content":{"rendered":"\n<div class=\"wp-block-media-text alignwide is-stacked-on-mobile\"><figure class=\"wp-block-media-text__media\"><a href=\"http:\/\/www.specialbites.com\/\"><img loading=\"lazy\" decoding=\"async\" width=\"200\" height=\"200\" src=\"https:\/\/nntt2.auria.org\/wp-content\/uploads\/2020\/09\/specialbites_ico.png\" alt=\"\" class=\"wp-image-866\" srcset=\"https:\/\/nntt2.auria.org\/wp-content\/uploads\/2020\/09\/specialbites_ico.png 200w, https:\/\/nntt2.auria.org\/wp-content\/uploads\/2020\/09\/specialbites_ico-100x100.png 100w, https:\/\/nntt2.auria.org\/wp-content\/uploads\/2020\/09\/specialbites_ico-150x150.png 150w\" sizes=\"auto, (max-width: 200px) 100vw, 200px\" \/><\/a><\/figure><div class=\"wp-block-media-text__content\">\n<p class=\"has-medium-font-size\">En aquest web trobareu una llarga llista d&#8217;activitats educatives des d&#8217;una visi\u00f3 inclusiva, joc per descarregar i jocs en l\u00ednia pensats per a l&#8217;\u00fas d&#8217;un polsador. S\u00f3n adequats per a una \u00e0mplia gamma d&#8217;usuaris i especialment per a l&#8217;aula inclusiva. Podreu trobar alguns dels seus jocs en el recopilatori que \u00fas proposem a l&#8217;apartat Jocs en l\u00ednia.<\/p>\n<\/div><\/div>\n","protected":false},"excerpt":{"rendered":"<p>En aquest web trobareu una llarga llista d&#8217;activitats educatives des d&#8217;una visi\u00f3 inclusiva, joc per descarregar i jocs en l\u00ednia pensats per a l&#8217;\u00fas d&#8217;un polsador. S\u00f3n adequats per a una \u00e0mplia<a class=\"moretag\" href=\"https:\/\/nntt2.auria.org\/index.php\/special-bites\/\">Read More&#8230;<\/a><\/p>\n","protected":false},"author":1,"featured_media":0,"parent":0,"menu_order":0,"comment_status":"closed","ping_status":"closed","template":"","meta":{"footnotes":""},"class_list":["post-2357","page","type-page","status-publish","hentry"],"_links":{"self":[{"href":"https:\/\/nntt2.auria.org\/index.php\/wp-json\/wp\/v2\/pages\/2357","targetHints":{"allow":["GET"]}}],"collection":[{"href":"https:\/\/nntt2.auria.org\/index.php\/wp-json\/wp\/v2\/pages"}],"about":[{"href":"https:\/\/nntt2.auria.org\/index.php\/wp-json\/wp\/v2\/types\/page"}],"author":[{"embeddable":true,"href":"https:\/\/nntt2.auria.org\/index.php\/wp-json\/wp\/v2\/users\/1"}],"replies":[{"embeddable":true,"href":"https:\/\/nntt2.auria.org\/index.php\/wp-json\/wp\/v2\/comments?post=2357"}],"version-history":[{"count":1,"href":"https:\/\/nntt2.auria.org\/index.php\/wp-json\/wp\/v2\/pages\/2357\/revisions"}],"predecessor-version":[{"id":2358,"href":"https:\/\/nntt2.auria.org\/index.php\/wp-json\/wp\/v2\/pages\/2357\/revisions\/2358"}],"wp:attachment":[{"href":"https:\/\/nntt2.auria.org\/index.php\/wp-json\/wp\/v2\/media?parent=2357"}],"curies":[{"name":"wp","href":"https:\/\/api.w.org\/{rel}","templated":true}]}}