{"id":2354,"date":"2021-02-10T15:34:41","date_gmt":"2021-02-10T14:34:41","guid":{"rendered":"https:\/\/nntt.auria.org\/?page_id=2354"},"modified":"2021-02-10T15:34:41","modified_gmt":"2021-02-10T14:34:41","slug":"one-switch","status":"publish","type":"page","link":"https:\/\/nntt2.auria.org\/index.php\/one-switch\/","title":{"rendered":"One Switch"},"content":{"rendered":"\n<div class=\"wp-block-media-text alignwide is-stacked-on-mobile\"><figure class=\"wp-block-media-text__media\"><a href=\"https:\/\/www.oneswitch.org.uk\/\"><img loading=\"lazy\" decoding=\"async\" width=\"200\" height=\"200\" src=\"https:\/\/nntt2.auria.org\/wp-content\/uploads\/2020\/09\/oneswitch_ico.gif\" alt=\"\" class=\"wp-image-865\"\/><\/a><\/figure><div class=\"wp-block-media-text__content\">\n<p class=\"has-medium-font-size\">Projecte personal centrat en el m\u00f3n de l&#8217;accessibilitat i, com indica el nom, a l&#8217;\u00fas dels polsadors per trencar barreres. En aquest web trobarem des d&#8217;una biblioteca de jocs pensats per polsador o l&#8217;\u00fas d&#8217;una sola tecla fins a productes f\u00edsics. El seu disseny web tot i que, en un principi, impacta est\u00e0 pensat per a ser el m\u00e0xim d&#8217;accessible per a totes aquelles diversitats que puguin fer-ne \u00fas i el puguin fer de forma aut\u00f2noma.<\/p>\n\n\n\n<p class=\"has-medium-font-size\"><em>El projecte \u00e9s vell en relaci\u00f3 amb els altres que s&#8217;han anat presentant per aqu\u00ed i sovint podreu trobar-hi enlla\u00e7os trencats per\u00f2 segueix essent una important font d&#8217;informaci\u00f3 sobre l&#8217;accessibilitat mitjan\u00e7ant les noves tecnologies.<\/em><\/p>\n\n\n\n<p>La p\u00e0gina est\u00e0 en angl\u00e8s!<\/p>\n<\/div><\/div>\n","protected":false},"excerpt":{"rendered":"<p>Projecte personal centrat en el m\u00f3n de l&#8217;accessibilitat i, com indica el nom, a l&#8217;\u00fas dels polsadors per trencar barreres. En aquest web trobarem des d&#8217;una biblioteca de jocs pensats per polsador<a class=\"moretag\" href=\"https:\/\/nntt2.auria.org\/index.php\/one-switch\/\">Read More&#8230;<\/a><\/p>\n","protected":false},"author":1,"featured_media":0,"parent":0,"menu_order":0,"comment_status":"closed","ping_status":"closed","template":"","meta":{"footnotes":""},"class_list":["post-2354","page","type-page","status-publish","hentry"],"_links":{"self":[{"href":"https:\/\/nntt2.auria.org\/index.php\/wp-json\/wp\/v2\/pages\/2354","targetHints":{"allow":["GET"]}}],"collection":[{"href":"https:\/\/nntt2.auria.org\/index.php\/wp-json\/wp\/v2\/pages"}],"about":[{"href":"https:\/\/nntt2.auria.org\/index.php\/wp-json\/wp\/v2\/types\/page"}],"author":[{"embeddable":true,"href":"https:\/\/nntt2.auria.org\/index.php\/wp-json\/wp\/v2\/users\/1"}],"replies":[{"embeddable":true,"href":"https:\/\/nntt2.auria.org\/index.php\/wp-json\/wp\/v2\/comments?post=2354"}],"version-history":[{"count":1,"href":"https:\/\/nntt2.auria.org\/index.php\/wp-json\/wp\/v2\/pages\/2354\/revisions"}],"predecessor-version":[{"id":2355,"href":"https:\/\/nntt2.auria.org\/index.php\/wp-json\/wp\/v2\/pages\/2354\/revisions\/2355"}],"wp:attachment":[{"href":"https:\/\/nntt2.auria.org\/index.php\/wp-json\/wp\/v2\/media?parent=2354"}],"curies":[{"name":"wp","href":"https:\/\/api.w.org\/{rel}","templated":true}]}}