{"id":2337,"date":"2021-02-10T14:30:34","date_gmt":"2021-02-10T13:30:34","guid":{"rendered":"https:\/\/nntt.auria.org\/?page_id=2337"},"modified":"2021-02-10T14:30:34","modified_gmt":"2021-02-10T13:30:34","slug":"lamosqueta","status":"publish","type":"page","link":"https:\/\/nntt2.auria.org\/index.php\/lamosqueta\/","title":{"rendered":"LaMosqueta"},"content":{"rendered":"\n<div class=\"wp-block-media-text alignwide is-stacked-on-mobile\"><figure class=\"wp-block-media-text__media\"><a href=\"http:\/\/www.lamosqueta.cat\/index.html\"><img loading=\"lazy\" decoding=\"async\" width=\"200\" height=\"200\" src=\"https:\/\/nntt2.auria.org\/wp-content\/uploads\/2020\/06\/mosqueta.png\" alt=\"\" class=\"wp-image-320\" srcset=\"https:\/\/nntt2.auria.org\/wp-content\/uploads\/2020\/06\/mosqueta.png 200w, https:\/\/nntt2.auria.org\/wp-content\/uploads\/2020\/06\/mosqueta-100x100.png 100w, https:\/\/nntt2.auria.org\/wp-content\/uploads\/2020\/06\/mosqueta-150x150.png 150w\" sizes=\"auto, (max-width: 200px) 100vw, 200px\" \/><\/a><\/figure><div class=\"wp-block-media-text__content\">\n<p class=\"has-medium-font-size\">El projecte inicial sorgeix d&#8217;un projecte de final de carrera, trobareu m\u00e9s informaci\u00f3\u00a0a l&#8217;apartat\u00a0<em>&#8220;Qui som?&#8221;<\/em>.\u00a0<\/p>\n\n\n\n<p class=\"has-medium-font-size\">Hi trobarem una p\u00e0gina web accessible amb un conjunt d&#8217;activitats d&#8217;encerclament dirigit les quals es poden treballar mitjan\u00e7ant el ratol\u00ed, el teclat o commutadors. <\/p>\n\n\n\n<p class=\"has-medium-font-size\">Aquestes activitats estan destinades principalment a infants amb diversitats motrius, sensorials, cognitives i emocionals.<\/p>\n<\/div><\/div>\n\n\n\n<p><\/p>\n","protected":false},"excerpt":{"rendered":"<p>El projecte inicial sorgeix d&#8217;un projecte de final de carrera, trobareu m\u00e9s informaci\u00f3\u00a0a l&#8217;apartat\u00a0&#8220;Qui som?&#8221;.\u00a0 Hi trobarem una p\u00e0gina web accessible amb un conjunt d&#8217;activitats d&#8217;encerclament dirigit les quals es poden treballar<a class=\"moretag\" href=\"https:\/\/nntt2.auria.org\/index.php\/lamosqueta\/\">Read More&#8230;<\/a><\/p>\n","protected":false},"author":1,"featured_media":0,"parent":0,"menu_order":0,"comment_status":"closed","ping_status":"closed","template":"","meta":{"footnotes":""},"class_list":["post-2337","page","type-page","status-publish","hentry"],"_links":{"self":[{"href":"https:\/\/nntt2.auria.org\/index.php\/wp-json\/wp\/v2\/pages\/2337","targetHints":{"allow":["GET"]}}],"collection":[{"href":"https:\/\/nntt2.auria.org\/index.php\/wp-json\/wp\/v2\/pages"}],"about":[{"href":"https:\/\/nntt2.auria.org\/index.php\/wp-json\/wp\/v2\/types\/page"}],"author":[{"embeddable":true,"href":"https:\/\/nntt2.auria.org\/index.php\/wp-json\/wp\/v2\/users\/1"}],"replies":[{"embeddable":true,"href":"https:\/\/nntt2.auria.org\/index.php\/wp-json\/wp\/v2\/comments?post=2337"}],"version-history":[{"count":1,"href":"https:\/\/nntt2.auria.org\/index.php\/wp-json\/wp\/v2\/pages\/2337\/revisions"}],"predecessor-version":[{"id":2338,"href":"https:\/\/nntt2.auria.org\/index.php\/wp-json\/wp\/v2\/pages\/2337\/revisions\/2338"}],"wp:attachment":[{"href":"https:\/\/nntt2.auria.org\/index.php\/wp-json\/wp\/v2\/media?parent=2337"}],"curies":[{"name":"wp","href":"https:\/\/api.w.org\/{rel}","templated":true}]}}