{"id":2330,"date":"2021-02-10T14:27:33","date_gmt":"2021-02-10T13:27:33","guid":{"rendered":"https:\/\/nntt.auria.org\/?page_id=2330"},"modified":"2021-02-10T14:27:33","modified_gmt":"2021-02-10T13:27:33","slug":"vedoque","status":"publish","type":"page","link":"https:\/\/nntt2.auria.org\/index.php\/vedoque\/","title":{"rendered":"Vedoque"},"content":{"rendered":"\n<div class=\"wp-block-media-text alignwide is-stacked-on-mobile\"><figure class=\"wp-block-media-text__media\"><a href=\"https:\/\/vedoque.com\/\"><img loading=\"lazy\" decoding=\"async\" width=\"200\" height=\"200\" src=\"https:\/\/nntt2.auria.org\/wp-content\/uploads\/2020\/06\/vedoque.png\" alt=\"\" class=\"wp-image-319\" srcset=\"https:\/\/nntt2.auria.org\/wp-content\/uploads\/2020\/06\/vedoque.png 200w, https:\/\/nntt2.auria.org\/wp-content\/uploads\/2020\/06\/vedoque-100x100.png 100w, https:\/\/nntt2.auria.org\/wp-content\/uploads\/2020\/06\/vedoque-150x150.png 150w\" sizes=\"auto, (max-width: 200px) 100vw, 200px\" \/><\/a><\/figure><div class=\"wp-block-media-text__content\">\n<p class=\"has-medium-font-size\">Projecte personal amb una gran varietat de jocs educatius per a tots els cursos. Tot i no ser un projecte que treballi les&nbsp;diversitats&nbsp;o l&#8217;accessibilitat com a objectiu principal t\u00e9 recursos que poden ser molt \u00fatils per a treballar l&#8217;acc\u00e9s&nbsp;a l&#8217;ordinador&nbsp;o l&#8217;aprenentatge d&#8217;algunes&nbsp;HVD&nbsp;i&nbsp;AVD.<\/p>\n\n\n\n<p class=\"has-medium-font-size\"><em>El projecte s&#8217;ha actualitzat a&nbsp;HTML5&nbsp;i ja no fa servir&nbsp;Flash&nbsp;Player&nbsp;per tant no tindreu problemes de compatibilitat.<\/em><\/p>\n<\/div><\/div>\n\n\n\n<p><\/p>\n","protected":false},"excerpt":{"rendered":"<p>Projecte personal amb una gran varietat de jocs educatius per a tots els cursos. Tot i no ser un projecte que treballi les&nbsp;diversitats&nbsp;o l&#8217;accessibilitat com a objectiu principal t\u00e9 recursos que poden<a class=\"moretag\" href=\"https:\/\/nntt2.auria.org\/index.php\/vedoque\/\">Read More&#8230;<\/a><\/p>\n","protected":false},"author":1,"featured_media":0,"parent":0,"menu_order":0,"comment_status":"closed","ping_status":"closed","template":"","meta":{"footnotes":""},"class_list":["post-2330","page","type-page","status-publish","hentry"],"_links":{"self":[{"href":"https:\/\/nntt2.auria.org\/index.php\/wp-json\/wp\/v2\/pages\/2330","targetHints":{"allow":["GET"]}}],"collection":[{"href":"https:\/\/nntt2.auria.org\/index.php\/wp-json\/wp\/v2\/pages"}],"about":[{"href":"https:\/\/nntt2.auria.org\/index.php\/wp-json\/wp\/v2\/types\/page"}],"author":[{"embeddable":true,"href":"https:\/\/nntt2.auria.org\/index.php\/wp-json\/wp\/v2\/users\/1"}],"replies":[{"embeddable":true,"href":"https:\/\/nntt2.auria.org\/index.php\/wp-json\/wp\/v2\/comments?post=2330"}],"version-history":[{"count":1,"href":"https:\/\/nntt2.auria.org\/index.php\/wp-json\/wp\/v2\/pages\/2330\/revisions"}],"predecessor-version":[{"id":2333,"href":"https:\/\/nntt2.auria.org\/index.php\/wp-json\/wp\/v2\/pages\/2330\/revisions\/2333"}],"wp:attachment":[{"href":"https:\/\/nntt2.auria.org\/index.php\/wp-json\/wp\/v2\/media?parent=2330"}],"curies":[{"name":"wp","href":"https:\/\/api.w.org\/{rel}","templated":true}]}}