{"id":2326,"date":"2021-02-10T14:22:44","date_gmt":"2021-02-10T13:22:44","guid":{"rendered":"https:\/\/nntt.auria.org\/?page_id=2326"},"modified":"2021-02-10T14:22:44","modified_gmt":"2021-02-10T13:22:44","slug":"el-buho-boo","status":"publish","type":"page","link":"https:\/\/nntt2.auria.org\/index.php\/el-buho-boo\/","title":{"rendered":"El Buho Boo"},"content":{"rendered":"\n<div class=\"wp-block-media-text alignwide is-stacked-on-mobile\"><figure class=\"wp-block-media-text__media\"><a href=\"https:\/\/elbuhoboo.com\/index_cat.php\"><img loading=\"lazy\" decoding=\"async\" width=\"200\" height=\"200\" src=\"https:\/\/nntt2.auria.org\/wp-content\/uploads\/2020\/06\/buhoboo.png\" alt=\"\" class=\"wp-image-321\" srcset=\"https:\/\/nntt2.auria.org\/wp-content\/uploads\/2020\/06\/buhoboo.png 200w, https:\/\/nntt2.auria.org\/wp-content\/uploads\/2020\/06\/buhoboo-100x100.png 100w, https:\/\/nntt2.auria.org\/wp-content\/uploads\/2020\/06\/buhoboo-150x150.png 150w\" sizes=\"auto, (max-width: 200px) 100vw, 200px\" \/><\/a><\/figure><div class=\"wp-block-media-text__content\">\n<p class=\"has-medium-font-size\">Projecte familiar basat en jocs educatius dins del m\u00f3n dels animals. Els objectius que persegueix s\u00f3n: ensenyar a pr\u00e9mer les tecles, moure el ratol\u00ed, fer clic i arrossegar objectes. Tamb\u00e9 hi podreu trobar altre material com jocs de pintar o trencaclosques. <\/p>\n\n\n\n<p class=\"has-medium-font-size\">Pel que fa a la p\u00e0gina web resulta confusa a l&#8217;inici, massa informaci\u00f3, per\u00f2 un cop dins de l&#8217;apartat de jocs es torna m\u00e9s senzilla. <\/p>\n\n\n\n<p class=\"has-medium-font-size\">Aquest recurs est\u00e0 disponible en diversos idiomes entre ells el catal\u00e0 i tamb\u00e9 est\u00e0 disponible per a m\u00f2bils i tauletes (Android i iOS).<\/p>\n<\/div><\/div>\n","protected":false},"excerpt":{"rendered":"<p>Projecte familiar basat en jocs educatius dins del m\u00f3n dels animals. Els objectius que persegueix s\u00f3n: ensenyar a pr\u00e9mer les tecles, moure el ratol\u00ed, fer clic i arrossegar objectes. Tamb\u00e9 hi podreu<a class=\"moretag\" href=\"https:\/\/nntt2.auria.org\/index.php\/el-buho-boo\/\">Read More&#8230;<\/a><\/p>\n","protected":false},"author":1,"featured_media":0,"parent":0,"menu_order":0,"comment_status":"closed","ping_status":"closed","template":"","meta":{"footnotes":""},"class_list":["post-2326","page","type-page","status-publish","hentry"],"_links":{"self":[{"href":"https:\/\/nntt2.auria.org\/index.php\/wp-json\/wp\/v2\/pages\/2326","targetHints":{"allow":["GET"]}}],"collection":[{"href":"https:\/\/nntt2.auria.org\/index.php\/wp-json\/wp\/v2\/pages"}],"about":[{"href":"https:\/\/nntt2.auria.org\/index.php\/wp-json\/wp\/v2\/types\/page"}],"author":[{"embeddable":true,"href":"https:\/\/nntt2.auria.org\/index.php\/wp-json\/wp\/v2\/users\/1"}],"replies":[{"embeddable":true,"href":"https:\/\/nntt2.auria.org\/index.php\/wp-json\/wp\/v2\/comments?post=2326"}],"version-history":[{"count":1,"href":"https:\/\/nntt2.auria.org\/index.php\/wp-json\/wp\/v2\/pages\/2326\/revisions"}],"predecessor-version":[{"id":2327,"href":"https:\/\/nntt2.auria.org\/index.php\/wp-json\/wp\/v2\/pages\/2326\/revisions\/2327"}],"wp:attachment":[{"href":"https:\/\/nntt2.auria.org\/index.php\/wp-json\/wp\/v2\/media?parent=2326"}],"curies":[{"name":"wp","href":"https:\/\/api.w.org\/{rel}","templated":true}]}}