{"id":2322,"date":"2021-02-10T14:16:59","date_gmt":"2021-02-10T13:16:59","guid":{"rendered":"https:\/\/nntt.auria.org\/?page_id=2322"},"modified":"2021-02-10T14:16:59","modified_gmt":"2021-02-10T13:16:59","slug":"papunet-games","status":"publish","type":"page","link":"https:\/\/nntt2.auria.org\/index.php\/papunet-games\/","title":{"rendered":"Papunet Games"},"content":{"rendered":"\n<div class=\"wp-block-media-text alignwide is-stacked-on-mobile\" style=\"grid-template-columns:46% auto\"><figure class=\"wp-block-media-text__media\"><a href=\"https:\/\/papunet.net\/games\"><img loading=\"lazy\" decoding=\"async\" width=\"200\" height=\"200\" src=\"https:\/\/nntt2.auria.org\/wp-content\/uploads\/2020\/06\/papunet.png\" alt=\"\" class=\"wp-image-322\" srcset=\"https:\/\/nntt2.auria.org\/wp-content\/uploads\/2020\/06\/papunet.png 200w, https:\/\/nntt2.auria.org\/wp-content\/uploads\/2020\/06\/papunet-100x100.png 100w, https:\/\/nntt2.auria.org\/wp-content\/uploads\/2020\/06\/papunet-150x150.png 150w\" sizes=\"auto, (max-width: 200px) 100vw, 200px\" \/><\/a><\/figure><div class=\"wp-block-media-text__content\">\n<p class=\"has-medium-font-size\">Papunet\u00a0\u00e9s un projecte finland\u00e8s el qual en la seva versi\u00f3 en angl\u00e8s ens ofereix una s\u00e8rie de material accessible, centrant-se en l\u2019aprenentatge mitjan\u00e7ant el joc. Amb una alta personalitzaci\u00f3 tant a un nivell gr\u00e0fic com cognitiu. Una p\u00e0gina web molt senzilla a l\u2019hora de navegar amb diverses opcions per fer m\u00e9s f\u00e0cil la cerca de contingut.<\/p>\n\n\n\n<p class=\"has-medium-font-size\">Basada en&nbsp;Flash&nbsp;Player, per tant, haureu de permetre que el vostre navegador l\u2019executi.<\/p>\n<\/div><\/div>\n","protected":false},"excerpt":{"rendered":"<p>Papunet\u00a0\u00e9s un projecte finland\u00e8s el qual en la seva versi\u00f3 en angl\u00e8s ens ofereix una s\u00e8rie de material accessible, centrant-se en l\u2019aprenentatge mitjan\u00e7ant el joc. Amb una alta personalitzaci\u00f3 tant a un<a class=\"moretag\" href=\"https:\/\/nntt2.auria.org\/index.php\/papunet-games\/\">Read More&#8230;<\/a><\/p>\n","protected":false},"author":1,"featured_media":0,"parent":0,"menu_order":0,"comment_status":"closed","ping_status":"closed","template":"","meta":{"footnotes":""},"class_list":["post-2322","page","type-page","status-publish","hentry"],"_links":{"self":[{"href":"https:\/\/nntt2.auria.org\/index.php\/wp-json\/wp\/v2\/pages\/2322","targetHints":{"allow":["GET"]}}],"collection":[{"href":"https:\/\/nntt2.auria.org\/index.php\/wp-json\/wp\/v2\/pages"}],"about":[{"href":"https:\/\/nntt2.auria.org\/index.php\/wp-json\/wp\/v2\/types\/page"}],"author":[{"embeddable":true,"href":"https:\/\/nntt2.auria.org\/index.php\/wp-json\/wp\/v2\/users\/1"}],"replies":[{"embeddable":true,"href":"https:\/\/nntt2.auria.org\/index.php\/wp-json\/wp\/v2\/comments?post=2322"}],"version-history":[{"count":1,"href":"https:\/\/nntt2.auria.org\/index.php\/wp-json\/wp\/v2\/pages\/2322\/revisions"}],"predecessor-version":[{"id":2323,"href":"https:\/\/nntt2.auria.org\/index.php\/wp-json\/wp\/v2\/pages\/2322\/revisions\/2323"}],"wp:attachment":[{"href":"https:\/\/nntt2.auria.org\/index.php\/wp-json\/wp\/v2\/media?parent=2322"}],"curies":[{"name":"wp","href":"https:\/\/api.w.org\/{rel}","templated":true}]}}