{"id":2316,"date":"2021-02-10T14:08:19","date_gmt":"2021-02-10T13:08:19","guid":{"rendered":"https:\/\/nntt.auria.org\/?page_id=2316"},"modified":"2021-02-10T14:08:19","modified_gmt":"2021-02-10T13:08:19","slug":"eye-gaze-games","status":"publish","type":"page","link":"https:\/\/nntt2.auria.org\/index.php\/eye-gaze-games\/","title":{"rendered":"Eye Gaze Games"},"content":{"rendered":"\n<div class=\"wp-block-media-text alignwide is-stacked-on-mobile\"><figure class=\"wp-block-media-text__media\"><a href=\"https:\/\/www.eyegazegames.com\/#\"><img loading=\"lazy\" decoding=\"async\" width=\"1025\" height=\"805\" src=\"https:\/\/nntt2.auria.org\/wp-content\/uploads\/2021\/02\/EyeGazeGran.png\" alt=\"\" class=\"wp-image-2317\" srcset=\"https:\/\/nntt2.auria.org\/wp-content\/uploads\/2021\/02\/EyeGazeGran.png 1025w, https:\/\/nntt2.auria.org\/wp-content\/uploads\/2021\/02\/EyeGazeGran-600x471.png 600w, https:\/\/nntt2.auria.org\/wp-content\/uploads\/2021\/02\/EyeGazeGran-300x236.png 300w, https:\/\/nntt2.auria.org\/wp-content\/uploads\/2021\/02\/EyeGazeGran-768x603.png 768w\" sizes=\"auto, (max-width: 1025px) 100vw, 1025px\" \/><\/a><\/figure><div class=\"wp-block-media-text__content\">\n<p class=\"has-large-font-size\">En aquesta p\u00e0gina trobar\u00e0s jocs pensats per poder-se utilitzar mitjan\u00e7ant un sistema de control de mirada com per exemple el Tobii<\/p>\n<\/div><\/div>\n\n\n\n<p><\/p>\n","protected":false},"excerpt":{"rendered":"<p>En aquesta p\u00e0gina trobar\u00e0s jocs pensats per poder-se utilitzar mitjan\u00e7ant un sistema de control de mirada com per exemple el Tobii<\/p>\n","protected":false},"author":1,"featured_media":0,"parent":0,"menu_order":0,"comment_status":"closed","ping_status":"closed","template":"","meta":{"footnotes":""},"class_list":["post-2316","page","type-page","status-publish","hentry"],"_links":{"self":[{"href":"https:\/\/nntt2.auria.org\/index.php\/wp-json\/wp\/v2\/pages\/2316","targetHints":{"allow":["GET"]}}],"collection":[{"href":"https:\/\/nntt2.auria.org\/index.php\/wp-json\/wp\/v2\/pages"}],"about":[{"href":"https:\/\/nntt2.auria.org\/index.php\/wp-json\/wp\/v2\/types\/page"}],"author":[{"embeddable":true,"href":"https:\/\/nntt2.auria.org\/index.php\/wp-json\/wp\/v2\/users\/1"}],"replies":[{"embeddable":true,"href":"https:\/\/nntt2.auria.org\/index.php\/wp-json\/wp\/v2\/comments?post=2316"}],"version-history":[{"count":1,"href":"https:\/\/nntt2.auria.org\/index.php\/wp-json\/wp\/v2\/pages\/2316\/revisions"}],"predecessor-version":[{"id":2318,"href":"https:\/\/nntt2.auria.org\/index.php\/wp-json\/wp\/v2\/pages\/2316\/revisions\/2318"}],"wp:attachment":[{"href":"https:\/\/nntt2.auria.org\/index.php\/wp-json\/wp\/v2\/media?parent=2316"}],"curies":[{"name":"wp","href":"https:\/\/api.w.org\/{rel}","templated":true}]}}