{"id":23,"date":"2020-05-28T14:06:35","date_gmt":"2020-05-28T14:06:35","guid":{"rendered":"https:\/\/nntt.auria.org\/?page_id=23"},"modified":"2020-12-16T16:03:49","modified_gmt":"2020-12-16T15:03:49","slug":"accessibilitat","status":"publish","type":"page","link":"https:\/\/nntt2.auria.org\/index.php\/recursos\/accessibilitat\/","title":{"rendered":"Accessibilitat TIC"},"content":{"rendered":"\n<div class=\"wp-block-media-text alignwide is-stacked-on-mobile is-vertically-aligned-top\" style=\"grid-template-columns:18% auto\"><figure class=\"wp-block-media-text__media\"><a href=\"https:\/\/www.utac.cat\/\" target=\"_blank\" rel=\"noopener noreferrer\"><img loading=\"lazy\" decoding=\"async\" width=\"200\" height=\"200\" src=\"https:\/\/nntt2.auria.org\/wp-content\/uploads\/2020\/06\/utac.png\" alt=\"\" class=\"wp-image-463\" srcset=\"https:\/\/nntt2.auria.org\/wp-content\/uploads\/2020\/06\/utac.png 200w, https:\/\/nntt2.auria.org\/wp-content\/uploads\/2020\/06\/utac-100x100.png 100w, https:\/\/nntt2.auria.org\/wp-content\/uploads\/2020\/06\/utac-150x150.png 150w\" sizes=\"auto, (max-width: 200px) 100vw, 200px\" \/><\/a><\/figure><div class=\"wp-block-media-text__content\">\n<p class=\"has-large-font-size\"><a href=\"https:\/\/www.utac.cat\/\" target=\"_blank\" rel=\"noreferrer noopener\">UTAC<\/a><\/p>\n\n\n\n<p>La&nbsp;UTAC&nbsp;\u00e9s un servei adre\u00e7at a persones que es poden beneficiar de l&#8217;\u00fas de comunicaci\u00f3 augmentativa, a professionals que els donen suport i a les seves fam\u00edlies. Els usuaris de comunicaci\u00f3 augmentativa ho poden ser&nbsp;a conseq\u00fc\u00e8ncia&nbsp;d&#8217;una discapacitat motriu, d&#8217;un trastorn de l&#8217;espectre de l&#8217;autisme, discapacitat intel\u00b7lectual, o qualsevol altra causa que dificulti o impedeixi l&#8217;\u00fas de la parla per comunicar-se, desenvolupar el llenguatge i\/o accedir als aprenentatges. La&nbsp;UTAC&nbsp;tamb\u00e9 ofereix assessorament sobre tecnologies de suport en \u00e0mbits com l&#8217;acc\u00e9s a la tecnologia, el joc adaptat, el control de l&#8217;entorn i la mobilitat assistida.<\/p>\n\n\n\n<p>La&nbsp;UTAC&nbsp;\u00e9s un servei extern de la Facultat de Psicologia de la Universitat de Barcelona. Compr\u00e8n la&nbsp;UTAC&nbsp;S\u00edrius, en conveni amb el Departament de Treball, Afers Socials i Fam\u00edlies i la&nbsp;UTAC&nbsp;Educaci\u00f3, en contracte amb el Departament d&#8217;Educaci\u00f3 de la Generalitat de Catalunya.<\/p>\n<\/div><\/div>\n\n\n\n<div style=\"height:100px\" aria-hidden=\"true\" class=\"wp-block-spacer\"><\/div>\n\n\n\n<div class=\"wp-block-media-text alignwide is-stacked-on-mobile is-vertically-aligned-top\" style=\"grid-template-columns:15% auto\"><figure class=\"wp-block-media-text__media\"><img loading=\"lazy\" decoding=\"async\" width=\"402\" height=\"402\" src=\"https:\/\/nntt2.auria.org\/wp-content\/uploads\/2020\/10\/IconaLateralAccessibilitatTIC.png\" alt=\"\" class=\"wp-image-1206\" srcset=\"https:\/\/nntt2.auria.org\/wp-content\/uploads\/2020\/10\/IconaLateralAccessibilitatTIC.png 402w, https:\/\/nntt2.auria.org\/wp-content\/uploads\/2020\/10\/IconaLateralAccessibilitatTIC-300x300.png 300w, https:\/\/nntt2.auria.org\/wp-content\/uploads\/2020\/10\/IconaLateralAccessibilitatTIC-100x100.png 100w, https:\/\/nntt2.auria.org\/wp-content\/uploads\/2020\/10\/IconaLateralAccessibilitatTIC-150x150.png 150w\" sizes=\"auto, (max-width: 402px) 100vw, 402px\" \/><\/figure><div class=\"wp-block-media-text__content\">\n<p class=\"has-large-font-size\"><strong><a href=\"https:\/\/nntt2.auria.org\/index.php\/category\/recursos\/accessibilitat\/\">Accessibilitat<\/a><\/strong><\/p>\n\n\n\n<p>Secci\u00f3 on podreu trobar un recull de totes aquelles entrades que s&#8217;han fet al blog relacionades amb l&#8217;accessibilitat o la millores d&#8217;aquesta en les noves tecnologies, programari que utilitzem o simplement curiositats.<\/p>\n\n\n\n<p> <\/p>\n<\/div><\/div>\n","protected":false},"excerpt":{"rendered":"<p>UTAC La&nbsp;UTAC&nbsp;\u00e9s un servei adre\u00e7at a persones que es poden beneficiar de l&#8217;\u00fas de comunicaci\u00f3 augmentativa, a professionals que els donen suport i a les seves fam\u00edlies. Els usuaris de comunicaci\u00f3 augmentativa<a class=\"moretag\" href=\"https:\/\/nntt2.auria.org\/index.php\/recursos\/accessibilitat\/\">Read More&#8230;<\/a><\/p>\n","protected":false},"author":1,"featured_media":0,"parent":884,"menu_order":0,"comment_status":"closed","ping_status":"closed","template":"","meta":{"footnotes":""},"class_list":["post-23","page","type-page","status-publish","hentry"],"_links":{"self":[{"href":"https:\/\/nntt2.auria.org\/index.php\/wp-json\/wp\/v2\/pages\/23","targetHints":{"allow":["GET"]}}],"collection":[{"href":"https:\/\/nntt2.auria.org\/index.php\/wp-json\/wp\/v2\/pages"}],"about":[{"href":"https:\/\/nntt2.auria.org\/index.php\/wp-json\/wp\/v2\/types\/page"}],"author":[{"embeddable":true,"href":"https:\/\/nntt2.auria.org\/index.php\/wp-json\/wp\/v2\/users\/1"}],"replies":[{"embeddable":true,"href":"https:\/\/nntt2.auria.org\/index.php\/wp-json\/wp\/v2\/comments?post=23"}],"version-history":[{"count":23,"href":"https:\/\/nntt2.auria.org\/index.php\/wp-json\/wp\/v2\/pages\/23\/revisions"}],"predecessor-version":[{"id":3682,"href":"https:\/\/nntt2.auria.org\/index.php\/wp-json\/wp\/v2\/pages\/23\/revisions\/3682"}],"up":[{"embeddable":true,"href":"https:\/\/nntt2.auria.org\/index.php\/wp-json\/wp\/v2\/pages\/884"}],"wp:attachment":[{"href":"https:\/\/nntt2.auria.org\/index.php\/wp-json\/wp\/v2\/media?parent=23"}],"curies":[{"name":"wp","href":"https:\/\/api.w.org\/{rel}","templated":true}]}}