{"id":2177,"date":"2021-01-05T16:00:46","date_gmt":"2021-01-05T15:00:46","guid":{"rendered":"https:\/\/nntt.auria.org\/?page_id=2177"},"modified":"2021-12-23T09:26:11","modified_gmt":"2021-12-23T08:26:11","slug":"memori-o-joc-de-celles","status":"publish","type":"page","link":"https:\/\/nntt2.auria.org\/index.php\/recursos\/jocs-i-aplicacions-propies\/memori-o-joc-de-celles\/","title":{"rendered":"Memori o Joc de cel\u00b7les"},"content":{"rendered":"\n<p class=\"has-medium-font-size\">El <strong>Programa de Noves Tecnologies<\/strong> de la <strong>Auria Fundaci\u00f3<\/strong> tornem a l&#8217;acci\u00f3 amb un nou joc desenvolupat en motiu de les dates nadalenques!<\/p>\n\n\n\n<p class=\"has-medium-font-size\"><strong><a href=\"https:\/\/auria-nntt.itch.io\/memori\">Memori<\/a> o Joc de les cel\u00b7les (Edici\u00f3 Nadal)\u00a0<\/strong> t\u00e9 com a idea principal treballar la mem\u00f2ria sota un context o tem\u00e0tica concreta. En aquesta primera edici\u00f3 la tem\u00e0tica o context \u00e9s l&#8217;\u00e8poca nadalenca.<\/p>\n\n\n\n<p class=\"has-medium-font-size\">&nbsp;L&#8217;objectiu del joc \u00e9s que els jugadors siguin capa\u00e7os de recordar les parelles que hi ha en taulell. La din\u00e0mica \u00e9s la mateixa d&#8217;un memori tot i que hi ha un parell de caracter\u00edstiques que el fan una mica diferent.<\/p>\n\n\n\n<p class=\"has-medium-font-size\">Inicialment les cel\u00b7les estan cap per amunt per tal de que nosaltres podem veure quines imatges els hi corresponen i durant un cert temps intentar memoritzar el m\u00e0xim possible de parelles. Totes les imatges s\u00f3n de tem\u00e0tica nadalenca i s&#8217;hauran d&#8217;aparellar clicant sobre elles per\u00f2 vigileu amb les bombes, l&#8217;\u00fanica forma de desactivar-les \u00e9s emparellant-les, si \u00fas equivoqueu s&#8217;acabar\u00e0 la partida.<\/p>\n\n\n\n<p class=\"has-medium-font-size\">S&#8217;ha creat un men\u00fa principal on hi trobares les <em>instruccions<\/em> del jocs d&#8217;una forma m\u00e9s visual, els <em>cr\u00e8dits<\/em> i un apartat de <em>millor puntuaci\u00f3<\/em> que encara est\u00e0 en fase experimental. Evidentment tamb\u00e9 trobarem el boto per tal de <em>jugar<\/em>.<\/p>\n\n\n\n<div class=\"wp-block-columns is-layout-flex wp-container-core-columns-is-layout-9d6595d7 wp-block-columns-is-layout-flex\">\n<div class=\"wp-block-column is-layout-flow wp-block-column-is-layout-flow\">\n<div class=\"wp-block-image\"><figure class=\"aligncenter size-large is-resized\"><img loading=\"lazy\" decoding=\"async\" src=\"https:\/\/nntt2.auria.org\/wp-content\/uploads\/2021\/01\/memori.png\" alt=\"\" class=\"wp-image-2178\" width=\"313\" height=\"412\" srcset=\"https:\/\/nntt2.auria.org\/wp-content\/uploads\/2021\/01\/memori.png 439w, https:\/\/nntt2.auria.org\/wp-content\/uploads\/2021\/01\/memori-228x300.png 228w\" sizes=\"auto, (max-width: 313px) 100vw, 313px\" \/><\/figure><\/div>\n<\/div>\n\n\n\n<div class=\"wp-block-column is-layout-flow wp-block-column-is-layout-flow\">\n<div class=\"wp-block-image\"><figure class=\"aligncenter size-large is-resized\"><img loading=\"lazy\" decoding=\"async\" src=\"https:\/\/nntt2.auria.org\/wp-content\/uploads\/2021\/01\/Memori_menu-1024x572.png\" alt=\"\" class=\"wp-image-2166\" width=\"732\" height=\"409\" srcset=\"https:\/\/nntt2.auria.org\/wp-content\/uploads\/2021\/01\/Memori_menu-1024x572.png 1024w, https:\/\/nntt2.auria.org\/wp-content\/uploads\/2021\/01\/Memori_menu-600x335.png 600w, https:\/\/nntt2.auria.org\/wp-content\/uploads\/2021\/01\/Memori_menu-300x168.png 300w, https:\/\/nntt2.auria.org\/wp-content\/uploads\/2021\/01\/Memori_menu-768x429.png 768w, https:\/\/nntt2.auria.org\/wp-content\/uploads\/2021\/01\/Memori_menu.png 1196w\" sizes=\"auto, (max-width: 732px) 100vw, 732px\" \/><\/figure><\/div>\n<\/div>\n<\/div>\n\n\n\n<p class=\"has-text-align-center has-huge-font-size\"><a href=\"https:\/\/auria-nntt.itch.io\/memori\">Accedeix al joc<\/a><\/p>\n","protected":false},"excerpt":{"rendered":"<p>El Programa de Noves Tecnologies de la Auria Fundaci\u00f3 tornem a l&#8217;acci\u00f3 amb un nou joc desenvolupat en motiu de les dates nadalenques! Memori o Joc de les cel\u00b7les (Edici\u00f3 Nadal)\u00a0 t\u00e9<a class=\"moretag\" href=\"https:\/\/nntt2.auria.org\/index.php\/recursos\/jocs-i-aplicacions-propies\/memori-o-joc-de-celles\/\">Read More&#8230;<\/a><\/p>\n","protected":false},"author":1,"featured_media":0,"parent":2129,"menu_order":0,"comment_status":"closed","ping_status":"closed","template":"","meta":{"footnotes":""},"class_list":["post-2177","page","type-page","status-publish","hentry"],"_links":{"self":[{"href":"https:\/\/nntt2.auria.org\/index.php\/wp-json\/wp\/v2\/pages\/2177","targetHints":{"allow":["GET"]}}],"collection":[{"href":"https:\/\/nntt2.auria.org\/index.php\/wp-json\/wp\/v2\/pages"}],"about":[{"href":"https:\/\/nntt2.auria.org\/index.php\/wp-json\/wp\/v2\/types\/page"}],"author":[{"embeddable":true,"href":"https:\/\/nntt2.auria.org\/index.php\/wp-json\/wp\/v2\/users\/1"}],"replies":[{"embeddable":true,"href":"https:\/\/nntt2.auria.org\/index.php\/wp-json\/wp\/v2\/comments?post=2177"}],"version-history":[{"count":4,"href":"https:\/\/nntt2.auria.org\/index.php\/wp-json\/wp\/v2\/pages\/2177\/revisions"}],"predecessor-version":[{"id":2829,"href":"https:\/\/nntt2.auria.org\/index.php\/wp-json\/wp\/v2\/pages\/2177\/revisions\/2829"}],"up":[{"embeddable":true,"href":"https:\/\/nntt2.auria.org\/index.php\/wp-json\/wp\/v2\/pages\/2129"}],"wp:attachment":[{"href":"https:\/\/nntt2.auria.org\/index.php\/wp-json\/wp\/v2\/media?parent=2177"}],"curies":[{"name":"wp","href":"https:\/\/api.w.org\/{rel}","templated":true}]}}