{"id":2173,"date":"2021-01-05T15:57:47","date_gmt":"2021-01-05T14:57:47","guid":{"rendered":"https:\/\/nntt.auria.org\/?page_id=2173"},"modified":"2023-01-16T15:47:42","modified_gmt":"2023-01-16T14:47:42","slug":"fruiteshero","status":"publish","type":"page","link":"https:\/\/nntt2.auria.org\/index.php\/recursos\/jocs-i-aplicacions-propies\/fruiteshero\/","title":{"rendered":"FruitesHero"},"content":{"rendered":"\n<div class=\"wp-block-media-text alignwide is-stacked-on-mobile is-vertically-aligned-top\" style=\"grid-template-columns:51% auto\"><figure class=\"wp-block-media-text__media\"><a href=\"https:\/\/auria-nntt.itch.io\/fruites-hero\"><img loading=\"lazy\" decoding=\"async\" width=\"1024\" height=\"642\" src=\"https:\/\/nntt2.auria.org\/wp-content\/uploads\/2021\/01\/fruiteshero-1024x642.png\" alt=\"\" class=\"wp-image-2174\" srcset=\"https:\/\/nntt2.auria.org\/wp-content\/uploads\/2021\/01\/fruiteshero-1024x642.png 1024w, https:\/\/nntt2.auria.org\/wp-content\/uploads\/2021\/01\/fruiteshero-600x376.png 600w, https:\/\/nntt2.auria.org\/wp-content\/uploads\/2021\/01\/fruiteshero-300x188.png 300w, https:\/\/nntt2.auria.org\/wp-content\/uploads\/2021\/01\/fruiteshero-768x482.png 768w, https:\/\/nntt2.auria.org\/wp-content\/uploads\/2021\/01\/fruiteshero.png 1197w\" sizes=\"auto, (max-width: 1024px) 100vw, 1024px\" \/><\/a><\/figure><div class=\"wp-block-media-text__content\">\n<p class=\"has-medium-font-size\">El <strong>Programa de Noves Tecnologies<\/strong> d&#8217;<strong>\u00c0uria Fundaci\u00f3<\/strong> hem desenvolupat aquest senzill joc pensat per ser utilitzat a trav\u00e9s d&#8217;una placa Makey Makey.<\/p>\n\n\n\n<p class=\"has-medium-font-size\">El que busquem amb aquest joc \u00e9s barrejar objectes reals amb els virtuals  per tal que la persona pugui interactuar directament amb el joc sense la necessitat de sistemes intermigs com poden ser el teclat, ratol\u00ed o comandament.<\/p>\n\n\n\n<p class=\"has-medium-font-size\">\u00a0L&#8217;objectiu del joc \u00e9s que els jugadors toquin la fruita real que veuen baixar per la pantalla de l&#8217;ordinador.<\/p>\n\n\n\n<p class=\"has-medium-font-size\">S&#8217;ha creat un menu principal el qual permet escollir amb quantes fruites i amb quantes vides es vol jugar, per tal de personalitzar millor a les habilitats de cada jugador. Durant el joc la velocitat tamb\u00e9 s&#8217;incrementa gradualment.<\/p>\n\n\n\n<p class=\"has-medium-font-size\">Existeixen avisos sonors per tal d&#8217;anunciar si la resposta que s&#8217;ha escollit \u00e9s correcta o no. Tamb\u00e9 s&#8217;ha implementat un bot\u00f2 per tal de mutejar la m\u00fasica en cas que sigui necessari per a la comoditat dels jugadors.<\/p>\n<\/div><\/div>\n\n\n\n<p><\/p>\n","protected":false},"excerpt":{"rendered":"<p>El Programa de Noves Tecnologies d&#8217;\u00c0uria Fundaci\u00f3 hem desenvolupat aquest senzill joc pensat per ser utilitzat a trav\u00e9s d&#8217;una placa Makey Makey. El que busquem amb aquest joc \u00e9s barrejar objectes reals<a class=\"moretag\" href=\"https:\/\/nntt2.auria.org\/index.php\/recursos\/jocs-i-aplicacions-propies\/fruiteshero\/\">Read More&#8230;<\/a><\/p>\n","protected":false},"author":1,"featured_media":0,"parent":2129,"menu_order":0,"comment_status":"closed","ping_status":"closed","template":"","meta":{"footnotes":""},"class_list":["post-2173","page","type-page","status-publish","hentry"],"_links":{"self":[{"href":"https:\/\/nntt2.auria.org\/index.php\/wp-json\/wp\/v2\/pages\/2173","targetHints":{"allow":["GET"]}}],"collection":[{"href":"https:\/\/nntt2.auria.org\/index.php\/wp-json\/wp\/v2\/pages"}],"about":[{"href":"https:\/\/nntt2.auria.org\/index.php\/wp-json\/wp\/v2\/types\/page"}],"author":[{"embeddable":true,"href":"https:\/\/nntt2.auria.org\/index.php\/wp-json\/wp\/v2\/users\/1"}],"replies":[{"embeddable":true,"href":"https:\/\/nntt2.auria.org\/index.php\/wp-json\/wp\/v2\/comments?post=2173"}],"version-history":[{"count":2,"href":"https:\/\/nntt2.auria.org\/index.php\/wp-json\/wp\/v2\/pages\/2173\/revisions"}],"predecessor-version":[{"id":3159,"href":"https:\/\/nntt2.auria.org\/index.php\/wp-json\/wp\/v2\/pages\/2173\/revisions\/3159"}],"up":[{"embeddable":true,"href":"https:\/\/nntt2.auria.org\/index.php\/wp-json\/wp\/v2\/pages\/2129"}],"wp:attachment":[{"href":"https:\/\/nntt2.auria.org\/index.php\/wp-json\/wp\/v2\/media?parent=2173"}],"curies":[{"name":"wp","href":"https:\/\/api.w.org\/{rel}","templated":true}]}}