{"id":2078,"date":"2020-12-16T15:51:14","date_gmt":"2020-12-16T14:51:14","guid":{"rendered":"https:\/\/nntt.auria.org\/?page_id=2078"},"modified":"2024-09-12T13:42:05","modified_gmt":"2024-09-12T12:42:05","slug":"les-nostres-xarxes-i-plataformes","status":"publish","type":"page","link":"https:\/\/nntt2.auria.org\/index.php\/sobre-nosaltres\/les-nostres-xarxes-i-plataformes\/","title":{"rendered":"Les nostres xarxes i plataformes"},"content":{"rendered":"\n<div class=\"wp-block-media-text alignwide is-stacked-on-mobile\" style=\"grid-template-columns:25% auto\"><figure class=\"wp-block-media-text__media\"><a href=\"https:\/\/www.youtube.com\/user\/FAPIgualada\"><img loading=\"lazy\" decoding=\"async\" width=\"200\" height=\"200\" src=\"https:\/\/nntt2.auria.org\/wp-content\/uploads\/2020\/06\/auria_youtube.png\" alt=\"\" class=\"wp-image-273 size-full\" srcset=\"https:\/\/nntt2.auria.org\/wp-content\/uploads\/2020\/06\/auria_youtube.png 200w, https:\/\/nntt2.auria.org\/wp-content\/uploads\/2020\/06\/auria_youtube-100x100.png 100w, https:\/\/nntt2.auria.org\/wp-content\/uploads\/2020\/06\/auria_youtube-150x150.png 150w\" sizes=\"auto, (max-width: 200px) 100vw, 200px\" \/><\/a><\/figure><div class=\"wp-block-media-text__content\">\n<p class=\"has-large-font-size\">Canal de Youtube d&#8217;\u00c0uria Grup<\/p>\n\n\n\n<p>Com tots sabeu Youtube \u00e9s un lloc web en el qual els usuaris poden penjar i compartir v\u00eddeos, crear llistes de reproducci\u00f3 i molt\u00edssimes coses m\u00e9s. <\/p>\n<\/div><\/div>\n\n\n\n<div style=\"height:100px\" aria-hidden=\"true\" class=\"wp-block-spacer\"><\/div>\n\n\n\n<div class=\"wp-block-media-text alignwide is-stacked-on-mobile\" style=\"grid-template-columns:25% auto\"><figure class=\"wp-block-media-text__media\"><a href=\"https:\/\/www.facebook.com\/auriagrup\/photos\/?ref=page_internal\"><img loading=\"lazy\" decoding=\"async\" width=\"200\" height=\"200\" src=\"https:\/\/nntt2.auria.org\/wp-content\/uploads\/2020\/06\/auria_facebook.png\" alt=\"\" class=\"wp-image-274 size-full\" srcset=\"https:\/\/nntt2.auria.org\/wp-content\/uploads\/2020\/06\/auria_facebook.png 200w, https:\/\/nntt2.auria.org\/wp-content\/uploads\/2020\/06\/auria_facebook-100x100.png 100w, https:\/\/nntt2.auria.org\/wp-content\/uploads\/2020\/06\/auria_facebook-150x150.png 150w\" sizes=\"auto, (max-width: 200px) 100vw, 200px\" \/><\/a><\/figure><div class=\"wp-block-media-text__content\">\n<p class=\"has-large-font-size\">Canal de Facebook d&#8217;\u00c0uria Grup<\/p>\n\n\n\n<p>Facebook \u00e9s una xarxa social que permet interactuar amb altres persones, enviar-los missatges i compartir enlla\u00e7os, fotografies i v\u00eddeos, entre altres coses. \u00c9s obert a tothom qui tingui m\u00e9s de tretze anys, i nom\u00e9s cal una adre\u00e7a de correu electr\u00f2nica v\u00e0lida per a registrar-s&#8217;hi.<\/p>\n\n\n\n<p><\/p>\n<\/div><\/div>\n\n\n\n<div style=\"height:100px\" aria-hidden=\"true\" class=\"wp-block-spacer\"><\/div>\n\n\n\n<div class=\"wp-block-media-text alignwide is-stacked-on-mobile\" style=\"grid-template-columns:25% auto\"><figure class=\"wp-block-media-text__media\"><a href=\"https:\/\/www.auria.org\/\"><img loading=\"lazy\" decoding=\"async\" width=\"531\" height=\"502\" src=\"https:\/\/nntt2.auria.org\/wp-content\/uploads\/2020\/12\/iconaWebAuria-2.png\" alt=\"\" class=\"wp-image-2095 size-full\" srcset=\"https:\/\/nntt2.auria.org\/wp-content\/uploads\/2020\/12\/iconaWebAuria-2.png 531w, https:\/\/nntt2.auria.org\/wp-content\/uploads\/2020\/12\/iconaWebAuria-2-300x284.png 300w\" sizes=\"auto, (max-width: 531px) 100vw, 531px\" \/><\/a><\/figure><div class=\"wp-block-media-text__content\">\n<p class=\"has-large-font-size\">P\u00e0gina web d&#8217;\u00c0uria Grup<\/p>\n<\/div><\/div>\n\n\n\n<div style=\"height:100px\" aria-hidden=\"true\" class=\"wp-block-spacer\"><\/div>\n\n\n\n<div class=\"wp-block-media-text alignwide is-stacked-on-mobile\" style=\"grid-template-columns:23% auto\"><figure class=\"wp-block-media-text__media\"><a href=\"https:\/\/auria-nntt.itch.io\/\"><img loading=\"lazy\" decoding=\"async\" width=\"245\" height=\"245\" src=\"https:\/\/nntt2.auria.org\/wp-content\/uploads\/2020\/12\/IconaItch.io_-3.png\" alt=\"\" class=\"wp-image-2106 size-full\" srcset=\"https:\/\/nntt2.auria.org\/wp-content\/uploads\/2020\/12\/IconaItch.io_-3.png 245w, https:\/\/nntt2.auria.org\/wp-content\/uploads\/2020\/12\/IconaItch.io_-3-100x100.png 100w, https:\/\/nntt2.auria.org\/wp-content\/uploads\/2020\/12\/IconaItch.io_-3-150x150.png 150w\" sizes=\"auto, (max-width: 245px) 100vw, 245px\" \/><\/a><\/figure><div class=\"wp-block-media-text__content\">\n<p class=\"has-large-font-size\">Canal d&#8217;Itch.io de Noves tecnologies (auria-nntt)<\/p>\n\n\n\n<p><strong>itch.io<\/strong>&nbsp;\u00e9s un lloc web designat per allotjar, vendre i descarregar videojocs independents creats pels seus usuaris.<\/p>\n<\/div><\/div>\n\n\n\n<div style=\"height:100px\" aria-hidden=\"true\" class=\"wp-block-spacer\"><\/div>\n\n\n\n<div class=\"wp-block-media-text alignwide is-stacked-on-mobile\" style=\"grid-template-columns:24% auto\"><figure class=\"wp-block-media-text__media\"><a href=\"https:\/\/scratch.mit.edu\/studios\/5900132\/\"><img loading=\"lazy\" decoding=\"async\" width=\"257\" height=\"247\" src=\"https:\/\/nntt2.auria.org\/wp-content\/uploads\/2020\/12\/2000px-Scratchcat.svg_-1.png\" alt=\"\" class=\"wp-image-2107 size-full\"\/><\/a><\/figure><div class=\"wp-block-media-text__content\">\n<p class=\"has-large-font-size\">Scratch<\/p>\n\n\n\n<p><em><strong>Scratch<\/strong><\/em>&nbsp;\u00e9s un projecte educatiu de&nbsp;llenguatge de programaci\u00f3&nbsp;creat pel grup&nbsp;<em>Lifelong Kindergarten,&nbsp;MIT Media Lab&nbsp;<\/em>a Massachusetts, sota la direcci\u00f3 de&nbsp;Mitchel Resnick. Ofereix de forma gratu\u00efta una eina de programaci\u00f3 en l\u00ednia als usuaris majors de 6 anys que s&#8217;hi registrin<\/p>\n<\/div><\/div>\n\n\n\n<div style=\"height:100px\" aria-hidden=\"true\" class=\"wp-block-spacer\"><\/div>\n\n\n\n<div class=\"wp-block-media-text alignwide is-stacked-on-mobile\" style=\"grid-template-columns:25% auto\"><figure class=\"wp-block-media-text__media\"><a href=\"https:\/\/play.google.com\/store\/apps\/developer?id=Programa+de+Noves+Tecnologies+d%27%C3%80uria+Fundaci%C3%B3&amp;gl=ES\"><img loading=\"lazy\" decoding=\"async\" width=\"231\" height=\"235\" src=\"https:\/\/nntt2.auria.org\/wp-content\/uploads\/2022\/07\/compteGooglePlay-1.png\" alt=\"\" class=\"wp-image-3015 size-full\"\/><\/a><\/figure><div class=\"wp-block-media-text__content\">\n<p class=\"has-large-font-size\">Google Play<\/p>\n\n\n\n<p class=\"has-normal-font-size\">Anteriorment coneguda com a&nbsp;<strong>Android Market<\/strong>, \u00e9s una plataforma de distribuci\u00f3 digital d&#8217;aplicacions m\u00f2bils per als dispositius amb sistema operatiu&nbsp;<a href=\"https:\/\/ca.wikipedia.org\/wiki\/Android\">Android<\/a>, aix\u00ed com una botiga en l\u00ednia desenvolupada i operada per&nbsp;<a href=\"https:\/\/ca.wikipedia.org\/wiki\/Google\">Google LLC<\/a>. Aquesta plataforma permet als usuaris navegar i descarregar aplicacions (desenvolupades mitjan\u00e7ant&nbsp;<a href=\"https:\/\/ca.wikipedia.org\/w\/index.php?title=Android_SDK&amp;action=edit&amp;redlink=1\">Android SDK<\/a>), jocs, m\u00fasica, llibres i pel\u00b7l\u00edcules.<\/p>\n<\/div><\/div>\n\n\n\n<div style=\"height:100px\" aria-hidden=\"true\" class=\"wp-block-spacer\"><\/div>\n\n\n\n<div class=\"wp-block-media-text alignwide is-stacked-on-mobile\" style=\"grid-template-columns:25% auto\"><figure class=\"wp-block-media-text__media\"><a href=\"https:\/\/www.jigsawplanet.com\/auria22\/puzzles-publics-auria\"><img loading=\"lazy\" decoding=\"async\" width=\"231\" height=\"235\" src=\"https:\/\/nntt2.auria.org\/wp-content\/uploads\/2024\/09\/jigsawPlanet.png\" alt=\"\" class=\"wp-image-4242 size-full\"\/><\/a><\/figure><div class=\"wp-block-media-text__content\">\n<p class=\"has-large-font-size\">Jigsaw Planet<\/p>\n\n\n\n<p class=\"has-normal-font-size\">Plataforma en l\u00ednia per jugar, crear i compartir puzzles personalitzats.<\/p>\n<\/div><\/div>\n","protected":false},"excerpt":{"rendered":"<p>Canal de Youtube d&#8217;\u00c0uria Grup Com tots sabeu Youtube \u00e9s un lloc web en el qual els usuaris poden penjar i compartir v\u00eddeos, crear llistes de reproducci\u00f3 i molt\u00edssimes coses m\u00e9s. Canal<a class=\"moretag\" href=\"https:\/\/nntt2.auria.org\/index.php\/sobre-nosaltres\/les-nostres-xarxes-i-plataformes\/\">Read More&#8230;<\/a><\/p>\n","protected":false},"author":1,"featured_media":0,"parent":25,"menu_order":0,"comment_status":"closed","ping_status":"closed","template":"","meta":{"footnotes":""},"class_list":["post-2078","page","type-page","status-publish","hentry"],"_links":{"self":[{"href":"https:\/\/nntt2.auria.org\/index.php\/wp-json\/wp\/v2\/pages\/2078","targetHints":{"allow":["GET"]}}],"collection":[{"href":"https:\/\/nntt2.auria.org\/index.php\/wp-json\/wp\/v2\/pages"}],"about":[{"href":"https:\/\/nntt2.auria.org\/index.php\/wp-json\/wp\/v2\/types\/page"}],"author":[{"embeddable":true,"href":"https:\/\/nntt2.auria.org\/index.php\/wp-json\/wp\/v2\/users\/1"}],"replies":[{"embeddable":true,"href":"https:\/\/nntt2.auria.org\/index.php\/wp-json\/wp\/v2\/comments?post=2078"}],"version-history":[{"count":14,"href":"https:\/\/nntt2.auria.org\/index.php\/wp-json\/wp\/v2\/pages\/2078\/revisions"}],"predecessor-version":[{"id":4244,"href":"https:\/\/nntt2.auria.org\/index.php\/wp-json\/wp\/v2\/pages\/2078\/revisions\/4244"}],"up":[{"embeddable":true,"href":"https:\/\/nntt2.auria.org\/index.php\/wp-json\/wp\/v2\/pages\/25"}],"wp:attachment":[{"href":"https:\/\/nntt2.auria.org\/index.php\/wp-json\/wp\/v2\/media?parent=2078"}],"curies":[{"name":"wp","href":"https:\/\/api.w.org\/{rel}","templated":true}]}}