{"id":2003,"date":"2020-11-30T13:09:50","date_gmt":"2020-11-30T12:09:50","guid":{"rendered":"https:\/\/nntt.auria.org\/?page_id=2003"},"modified":"2020-12-11T16:00:41","modified_gmt":"2020-12-11T15:00:41","slug":"chromecast","status":"publish","type":"page","link":"https:\/\/nntt2.auria.org\/index.php\/recursos\/material-tecnologic\/chromecast\/","title":{"rendered":"Chromecast"},"content":{"rendered":"\n<div class=\"wp-block-columns is-layout-flex wp-container-core-columns-is-layout-9d6595d7 wp-block-columns-is-layout-flex\">\n<div class=\"wp-block-column is-layout-flow wp-block-column-is-layout-flow\">\n<figure class=\"wp-block-image size-large is-resized\"><img loading=\"lazy\" decoding=\"async\" src=\"https:\/\/nntt2.auria.org\/wp-content\/uploads\/2020\/11\/google_chromecast_3_negro_02_l-1.jpg\" alt=\"\" class=\"wp-image-2008\" width=\"279\" height=\"279\" srcset=\"https:\/\/nntt2.auria.org\/wp-content\/uploads\/2020\/11\/google_chromecast_3_negro_02_l-1.jpg 800w, https:\/\/nntt2.auria.org\/wp-content\/uploads\/2020\/11\/google_chromecast_3_negro_02_l-1-300x300.jpg 300w, https:\/\/nntt2.auria.org\/wp-content\/uploads\/2020\/11\/google_chromecast_3_negro_02_l-1-100x100.jpg 100w, https:\/\/nntt2.auria.org\/wp-content\/uploads\/2020\/11\/google_chromecast_3_negro_02_l-1-600x600.jpg 600w, https:\/\/nntt2.auria.org\/wp-content\/uploads\/2020\/11\/google_chromecast_3_negro_02_l-1-150x150.jpg 150w, https:\/\/nntt2.auria.org\/wp-content\/uploads\/2020\/11\/google_chromecast_3_negro_02_l-1-768x768.jpg 768w\" sizes=\"auto, (max-width: 279px) 100vw, 279px\" \/><\/figure>\n<\/div>\n\n\n\n<div class=\"wp-block-column is-layout-flow wp-block-column-is-layout-flow\">\n<figure class=\"wp-block-image size-large is-resized\"><img loading=\"lazy\" decoding=\"async\" src=\"https:\/\/nntt2.auria.org\/wp-content\/uploads\/2020\/11\/450_1000-2.jpg\" alt=\"\" class=\"wp-image-2009\" width=\"398\" height=\"299\" srcset=\"https:\/\/nntt2.auria.org\/wp-content\/uploads\/2020\/11\/450_1000-2.jpg 450w, https:\/\/nntt2.auria.org\/wp-content\/uploads\/2020\/11\/450_1000-2-300x225.jpg 300w\" sizes=\"auto, (max-width: 398px) 100vw, 398px\" \/><\/figure>\n<\/div>\n<\/div>\n\n\n\n<p>\u00c9s un dispositiu de petites dimensions, lleuger i f\u00e0cilment instal\u00b7lable en els nostres televisors que ens permet accedir a una s\u00e8rie d&#8217;aplicacions, apps o eines pr\u00f2pies d&#8217;una Smart TV a televisions que no disposin d&#8217;aquesta tecnologia.<\/p>\n\n\n\n<p>Nom\u00e9s cal disposar d&#8217;un port HDMI per poder connectar el Chromecast. Els primers passos despr\u00e9s d&#8217;haver connectat \u00e9s sincronitzar amb el nostre Smartphone o tablet amb sistema operatiu Android o iOS mitjan\u00e7ant l&#8217;aplicaci\u00f3 Google Home disponible a la Play Store i en App Store respectivament. Despr\u00e9s de la sincronitzaci\u00f3, podrem fer que la tele reprodueixi aquells continguts que des del m\u00f2bil li indiquem.<\/p>\n\n\n\n<p><strong>Com funciona?<\/strong><\/p>\n\n\n\n<p>Tot i que habitualment es diu que Chromecast converteix la teva TV a la pantalla del m\u00f2bil, la veritat \u00e9s que \u00e9s m\u00e9s aviat un int\u00e8rpret. Mentre que altres sistemes exporten directament la pantalla del m\u00f2bil a la Smart TV, sent que el contingut es reprodueixi en les dues pantalles alhora, amb Chromecast el que obtenim \u00e9s reproduir el que des del m\u00f2bil li vam indicar, per\u00f2 sense que el tel\u00e8fon tingui que mantenir-se ocupat amb aquesta tasca.<\/p>\n\n\n\n<p>Si vols veure un v\u00eddeo a Youtube, nom\u00e9s cal indicar-ho en el teu m\u00f2bil i el dispositiu Chromecast connectat al HDMI del televisor accedir\u00e0 a la seva pr\u00f2pia APP de Youtube i buscar\u00e0 aquest v\u00eddeo mentre tu segueixes utilitzant el teu tel\u00e8fon amb total llibertat.<\/p>\n\n\n\n<p>Els estics HDMI s\u00f3n una forma facil\u00edssima de tornar teu televisor intel\u00b7ligent, fins i tot quan no ho \u00e9s. Es connecten a l&#8217;entrada HDMI de la TV i des del teu m\u00f2bil pots enviar contingut perqu\u00e8 es reprodueixi a la tele.<\/p>\n\n\n\n<p>Chromecast \u00e9s el m\u00e9s popular, per\u00f2 no \u00e9s l&#8217;\u00fanic. En qualsevol cas, el proc\u00e9s \u00e9s sempre similar. En una aplicaci\u00f3 que suporti Google Cast (m\u00e9s de 2000 i pujant), apareixer\u00e0 autom\u00e0ticament el bot\u00f3 per enviar contingut. En pr\u00e9mer, tria el dispositiu al men\u00fa desplegable i llest.<\/p>\n\n\n\n<p><\/p>\n\n\n\n<p>Per\u00f2 el Chromecast \u00e9s molt m\u00e9s que poder veure v\u00eddeos de YouTube o Netflix a la teva tele. De fet i encara que soni t\u00f2pic, els seus usos poden arribar tan lluny com ho faci la teva imaginaci\u00f3. Per\u00f2 per no quedar-nos en xerrameca aqu\u00ed et portem una petita llista amb catorze coses que pots fer amb el teu.<\/p>\n\n\n\n<p><strong>Veure els teus v\u00eddeos i pel\u00b7l\u00edcules preferides a la tele<\/strong><\/p>\n\n\n\n<p>Chromecast Icon<\/p>\n\n\n\n<p>\u00c9s la funci\u00f3 principal de Chromecast, la de poder transmetre al teu televisi\u00f3 els v\u00eddeos que est\u00e0s veient al m\u00f2bil. Aplicacions com Netflix, HBO o YouTube, a m\u00e9s de les oficials de diversos canals de televisi\u00f3, et permeten enviar contingut a el dispositiu de Google perqu\u00e8 puguis gaudir del seu contingut a la tele.<\/p>\n\n\n\n<p>Poder fer aix\u00f2 \u00e9s el m\u00e9s f\u00e0cil de el m\u00f3n, nom\u00e9s has de comen\u00e7ar a reproduir els teus v\u00eddeos, s\u00e8ries o pel\u00b7l\u00edcules favorites en una de les moltes aplicacions compatibles. Llavors prem sobre el bot\u00f3 de Chromecast de l&#8217;aplicaci\u00f3, que t\u00e9 la forma que veus a la imatge, tria el dispositiu i connecta&#8217;t per veure a trav\u00e9s d&#8217;ell tot el que vulguis.<\/p>\n\n\n\n<p><strong>YouTube en grup \u00e9s molt millor<\/strong><\/p>\n\n\n\n<p>YTB \u200b\u200bChromecast<\/p>\n\n\n\n<p>Una de les possibilitats que t\u00e9 l&#8217;aplicaci\u00f3 de YouTube amb el Chromecast \u00e9s la de crear una llista de reproducci\u00f3 autom\u00e0tica. Ho fa de forma autom\u00e0tica, i simplement has d&#8217;anar prement des de qualsevol dispositiu que utilitzi la mateixa WiFi sobre els v\u00eddeos perqu\u00e8 et aparegui l&#8217;opci\u00f3 de posar-ho a la cua. Aquesta funci\u00f3 fa del petit dispositiu de Google un complement perfecte per a festes i reunions.<\/p>\n\n\n\n<p>Pensa-ho, ets a casa tirant la tarda amb els amics, i resulta que cada un vol mostrar als altres v\u00eddeos especialment graciosos o interessants que s&#8217;han trobat durant la setmana. Cadasc\u00fa pot anar afegint el seu v\u00eddeo a la cua perqu\u00e8 a la fi tots puguin ser vistos pel grup. A m\u00e9s, quan s&#8217;afegeix un nou v\u00eddeo a la cua en la televisi\u00f3 apareixer\u00e0 un missatge dient qui ho ha fet.<\/p>\n\n\n\n<p><strong>Reproduir v\u00eddeos en directe de Facebook<\/strong><\/p>\n\n\n\n<p>Els v\u00eddeos en directe de Facebook i altres p\u00e0gines tamb\u00e9 implementen el bot\u00f3 de Chromecast per defecte des de qualsevol navegador sense necessitat d&#8217;aplicacions extra, de manera que \u00e9s un altre tipus de contingut que podr\u00e0s gaudir al teu Chromecast.<\/p>\n\n\n\n<p>Tamb\u00e9 tens a la teva disposici\u00f3 aplicacions com Web V\u00eddeo Cast, que identifica els v\u00eddeos inserits en diferents webs i et permet retransmetre&#8217;ls a la televisi\u00f3 amb Chromecast i altres dispositius. I s\u00ed, aix\u00f2 tamb\u00e9 inclou v\u00eddeos en directe.<\/p>\n\n\n\n<p><strong>La teva tele com a cadena musical<\/strong><\/p>\n\n\n\n<p>S\u00ed, hi ha un Chromecast Audio especialment dissenyat per als equips de so, per\u00f2 aix\u00f2 \u00e9s una cosa que d&#8217;alguna manera tamb\u00e9 pots fer amb el Chromecast convencional. Spotify \u00e9s compatible amb ell, de manera que pots fer servir la tele per escoltar els teus discos i can\u00e7ons favorites en el moment que vulguis.<\/p>\n\n\n\n<p>Un cop m\u00e9s, aix\u00f2 pot ser especialment \u00fatil en reunions i entre amics. I si ja per rematar la teva televisi\u00f3 est\u00e0 connectada a un equip de so o uns altaveus externs potents o de qualitat, llavors ja l&#8217;experi\u00e8ncia \u00e9s immillorable.<\/p>\n\n\n\n<p><strong>R\u00e0dio i podcasts a la teva tele<\/strong><\/p>\n\n\n\n<p>Pocket Casts<\/p>\n\n\n\n<p>I tamb\u00e9 tens altres opcions d&#8217;\u00e0udio m\u00e9s enll\u00e0 de la m\u00fasica. Per exemple, aplicacions com TuneIn R\u00e0dio et permeten escoltar una gran quantitat d&#8217;emissores de r\u00e0dio en l\u00ednia i enviar-les a la teva Chromecast. Perfecte si tens Chromecast Audio, per\u00f2 tamb\u00e9 amb qualsevol televisor per poder escoltar les teves emissores preferides des de la comoditat de sof\u00e0.<\/p>\n\n\n\n<p>I de la mateixa manera que emissores de r\u00e0dio, tamb\u00e9 pots escoltar les teves podcasts favorits en el Chromecast. Aplicacions com iVoox porten diversos anys oferint aquesta funcionalitat, i tens altres alternatives de pagament amb dissenys exquisits com la quasi insuperable Pocket Casts.<\/p>\n\n\n\n<p><strong>El karaoke a casa amb el teu Chromecast<\/strong><\/p>\n\n\n\n<p>Musixmatch<\/p>\n\n\n\n<p>No \u00e9s un karaoke en qu\u00e8 tinguis micr\u00f2fons i una puntuaci\u00f3, per\u00f2 si aquest tret de competitivitat no \u00e9s essencial per a tu tens aplicacions com Musixmatch que ** convertiran la teva tele en un karaoke. \u00c9s una aplicaci\u00f3 que pots sincronitzar per mostrar al Chromecast les lletres de les can\u00e7ons que estan sonant.<\/p>\n\n\n\n<p><strong>Converteix el teu m\u00f2bil en consola de sobretaula<\/strong><\/p>\n\n\n\n<p>risk Chromecast<\/p>\n\n\n\n<p>A Google Play, la botiga d&#8217;aplicacions d&#8217;Android, tens una secci\u00f3 sencera de jocs compatibles amb Chromecast. Aix\u00f2 vol dir que el petit dispositiu tamb\u00e9 et permet convertir el teu m\u00f2bil o tauleta en la consola a la qual pots jugar en el teu televisor com si d&#8217;una sobretaula es tract\u00e9s.<\/p>\n\n\n\n<p>Aqu\u00ed hi ha diversos tipus de jocs, n&#8217;hi ha com aquest de tennis en qu\u00e8 fas servir el m\u00f2bil com raqueta i els seus sensors de moviment fan la resta, alguna cosa semblant a la Wii. En altres el m\u00f2bil o tauleta es converteixen en un comandament de control. I no nom\u00e9s \u00e9s cosa per a un jugador, perqu\u00e8 n&#8217;hi ha als quals pots jugar entre diverses persones com el Risk.<\/p>\n\n\n\n<p><strong>Una pissarra per als m\u00e9s petits<\/strong><\/p>\n\n\n\n<p>pissarra<\/p>\n\n\n\n<p>Hi ha altres aplicacions, com CastPad que converteixen el teu m\u00f2bil o tauleta en una pissarra i retransmeten tot el que facis en ella a la televisi\u00f3 a trav\u00e9s de l&#8217;Chromecast. L&#8217;aplicaci\u00f3 t\u00e9 una versi\u00f3 b\u00e0sica gratu\u00efta amb una interessant paleta de colors amb la qual pintar la pantalla de m\u00faltiples maneres.<\/p>\n\n\n\n<p>Aix\u00f2 el converteix en una eina amb moltes possibilitats en l&#8217;\u00e0mbit educacional i d&#8217;entreteniment per als m\u00e9s petits de la casa. Qualsevol activitat o joc que se&#8217;t passi que comporti el dibuixar sobre una pissarra es pot dur a terme amb el teu Chromecast.<\/p>\n\n\n\n<p><strong>Altres jocs infantils<\/strong><\/p>\n\n\n\n<p>Edukids<\/p>\n\n\n\n<p>M\u00e9s enll\u00e0 de la pissarra de la qual et vam acabar de parlar, hi ha altres jocs infantils tamb\u00e9 compatibles amb Chromecast. EduKids \u00e9s un d&#8217;ells, i afegeix una s\u00e8rie de jocs educatius multijugador dissenyats per estimular la creativitat i l&#8217;aprenentatge dels nens amb imatges divertides i de qualitat.<\/p>\n\n\n\n<p><strong>Un sistema de videovigil\u00e0ncia amb el teu m\u00f2bil<\/strong><\/p>\n\n\n\n<p>I parlant de nens petits, potser en algun moment puntual tinguis la necessitat d&#8217;utilitzar un sistema de vigil\u00e0ncia, per\u00f2 no et ve de gust invertir-hi sense saber fins a quin punt \u00e9s el que necessites. Doncs b\u00e9, et alegrar\u00e0 saber que Chromecast tamb\u00e9 et pot ajudar a convertir el teu m\u00f2bil o tauleta en una c\u00e0mera de vigil\u00e0ncia.<\/p>\n\n\n\n<p>Amb aquesta finalitat, per 4,49 euros tens l&#8217;aplicaci\u00f3 tinyCam Monitor per a Android, la qual et permetr\u00e0 vigilar als m\u00e9s petits, als teus mascotes o fins i tot el per\u00edmetre de casa teva amb qualsevol dispositiu Android que tingui una c\u00e0mera. Pot pujar els v\u00eddeos al n\u00favol, suporta sensors de temperatura i humitat i \u00e9s totalment compatible amb el connector de Google.<\/p>\n\n\n\n<p><strong>Munta&#8217;t un gimn\u00e0s a casa<\/strong><\/p>\n\n\n\n<p>Cody<\/p>\n\n\n\n<p>El cat\u00e0leg d&#8217;Android tamb\u00e9 t\u00e9 diverses aplicacions com 7MinGym, Runtastic Six Pack Abdominals, Fitstar Personal Trainer o Cody &#8211; Fitness v\u00eddeo training. Es tracta d&#8217;apps d&#8217;entrenament amb un punt en com\u00fa: que poden ser utilitzades amb Chromecast per treure profit del teu televisor.<\/p>\n\n\n\n<p>Amb elles i altres similars podr\u00e0s anar reproduint en la teva tele tot tipus de v\u00eddeos i programes d&#8217;entrenament a mida, mentre que en l&#8217;aplicaci\u00f3 vas registrant tot el que fas. La majoria s\u00f3n exercicis dissenyats perqu\u00e8 els facis a casa.<\/p>\n\n\n\n<p><strong>Un assistent de cuina<\/strong><\/p>\n\n\n\n<p>Ifood<\/p>\n\n\n\n<p>Si tens una televisi\u00f3 a la cuina el Chromecast de Google tamb\u00e9 pot ajudar-te a preparar pas a pas aquest plat que sempre has volgut provar. Aplicacions com iFood.TV per iOS i Android s\u00f3n un exemple de com treure-li el m\u00e0xim partit, ja que d&#8217;una banda al m\u00f2bil pots veure els ingredients i descripcions i per una altra a la tele els v\u00eddeos.<\/p>\n\n\n\n<p><strong>Despertador per al teu migdiades de sof\u00e0<\/strong><\/p>\n\n\n\n<p>Wake Em Up Cast<\/p>\n\n\n\n<p>Ets una d&#8217;aquelles persones que sol quedar-se adormida al sof\u00e0 sense adonar-se&#8217;n? Doncs et alegrar\u00e0 saber que el teu Chromecast tamb\u00e9 pot fer les funcions de despertador. Si m\u00e9s no sempre que la tele a la qual ho connectis tingui una entrada HDMI-CEC i la funci\u00f3 d&#8217;enc\u00e8s autom\u00e0tic.<\/p>\n\n\n\n<p>L&#8217;\u00fanica cosa que necessites \u00e9s l&#8217;aplicaci\u00f3 Wake Em Up Cast, que et permet triar un v\u00eddeo determinat i programar-lo perqu\u00e8 comenci a reproduir-se a l&#8217;hora que tri\u00efs. Com veus, aquest m\u00e8tode et permet despertar-te tant de manera agradable amb un v\u00eddeo musical lent com de forma abrupta si tries una mica m\u00e9s mogut.<\/p>\n\n\n\n<p><strong>Repassa en grup teus documents de text<\/strong><\/p>\n\n\n\n<p>Docs<\/p>\n\n\n\n<p>Est\u00e0s escrivint un text o un article i vols compartir-ho amb els teus asseguts tots al voltant de la televisi\u00f3? Aplicacions com EZCast et permeten, entre Ortas desenes de coses, transmetre al teu Chromecast documents de text, fulls de c\u00e0lcul i fins i tot PDFs.<\/p>\n\n\n\n<p>Es tracta d&#8217;una aplicaci\u00f3 que est\u00e0 disponible pr\u00e0cticament per a qualsevol sistema operatiu, des de Windows fins ChromeOS, passant per macOS, iOS i Android. Per tant, pots compartir aquests textos i documents importants pr\u00e0cticament des de qualsevol lloc i en qualsevol pantalla que tingui un HDMI per connectar el teu Chromecast.<\/p>\n\n\n\n<p><strong>Llegeix c\u00f2mics a la teva televisi\u00f3<\/strong><\/p>\n\n\n\n<p>Comics<\/p>\n\n\n\n<p>Hi ha altres aplicacions compatibles amb Chromecast especialment dissenyades per llegir c\u00f2mics i novel\u00b7les gr\u00e0fiques, com pot ser el cas de Astonishing Comic Reader per a PC, Android i navegador. Potser no \u00e9s la pantalla on m\u00e9s f\u00e0cil sigui llegir aquest tipus de contingut, per\u00f2 si et vas a ajuntar amb uns quants amics amants dels c\u00f2mics segur que saps treure-li profit.<\/p>\n\n\n\n<p>I no podem acabar aquest article sense el popurri de desenes d&#8217;opcions que suposa la llibertat de poder compartir en la teva televisi\u00f3 qualsevol cosa que estiguis veient a Chrome o Android. D&#8217;una banda, Android t\u00e9 l&#8217;opci\u00f3 d&#8217;Enviar pantalla per sincronitzar-se amb el teu Chromecast i poder veure a la tele exactament el mateix que a la pantalla del teu dispositiu.<\/p>\n\n\n\n<p>A m\u00e9s, fa un parell d\u2019anys Google va fusionar en el seu navegador l&#8217;aplicaci\u00f3 Google Cast, i ara pots enviar la pestanya del teu navegador o tot l&#8217;escriptori. L&#8217;\u00fanica cosa que has de fer \u00e9s obrir el men\u00fa d&#8217;opcions de el navegador i triar l&#8217;opci\u00f3 Enviar, i autom\u00e0ticament comen\u00e7ar\u00e0s a buscar el Chromecast m\u00e9s proper.<\/p>\n\n\n\n<p>article original de: <a href=\"https:\/\/www.xataka.com\/basics\/catorce-cosas-que-puedes-hacer-con-tu-chromecast-de-lo-basico-a-lo-mas-avanzado\">xataka<\/a><\/p>\n\n\n\n<p><\/p>\n\n\n\n<p><\/p>\n\n\n\n<p><\/p>\n","protected":false},"excerpt":{"rendered":"<p>\u00c9s un dispositiu de petites dimensions, lleuger i f\u00e0cilment instal\u00b7lable en els nostres televisors que ens permet accedir a una s\u00e8rie d&#8217;aplicacions, apps o eines pr\u00f2pies d&#8217;una Smart TV a televisions que<a class=\"moretag\" href=\"https:\/\/nntt2.auria.org\/index.php\/recursos\/material-tecnologic\/chromecast\/\">Read More&#8230;<\/a><\/p>\n","protected":false},"author":1,"featured_media":0,"parent":2,"menu_order":0,"comment_status":"closed","ping_status":"closed","template":"","meta":{"footnotes":""},"class_list":["post-2003","page","type-page","status-publish","hentry"],"_links":{"self":[{"href":"https:\/\/nntt2.auria.org\/index.php\/wp-json\/wp\/v2\/pages\/2003","targetHints":{"allow":["GET"]}}],"collection":[{"href":"https:\/\/nntt2.auria.org\/index.php\/wp-json\/wp\/v2\/pages"}],"about":[{"href":"https:\/\/nntt2.auria.org\/index.php\/wp-json\/wp\/v2\/types\/page"}],"author":[{"embeddable":true,"href":"https:\/\/nntt2.auria.org\/index.php\/wp-json\/wp\/v2\/users\/1"}],"replies":[{"embeddable":true,"href":"https:\/\/nntt2.auria.org\/index.php\/wp-json\/wp\/v2\/comments?post=2003"}],"version-history":[{"count":2,"href":"https:\/\/nntt2.auria.org\/index.php\/wp-json\/wp\/v2\/pages\/2003\/revisions"}],"predecessor-version":[{"id":2010,"href":"https:\/\/nntt2.auria.org\/index.php\/wp-json\/wp\/v2\/pages\/2003\/revisions\/2010"}],"up":[{"embeddable":true,"href":"https:\/\/nntt2.auria.org\/index.php\/wp-json\/wp\/v2\/pages\/2"}],"wp:attachment":[{"href":"https:\/\/nntt2.auria.org\/index.php\/wp-json\/wp\/v2\/media?parent=2003"}],"curies":[{"name":"wp","href":"https:\/\/api.w.org\/{rel}","templated":true}]}}