{"id":2,"date":"2020-05-27T17:13:43","date_gmt":"2020-05-27T17:13:43","guid":{"rendered":"https:\/\/nntt.auria.org\/?page_id=2"},"modified":"2024-07-11T15:43:25","modified_gmt":"2024-07-11T14:43:25","slug":"material-tecnologic","status":"publish","type":"page","link":"https:\/\/nntt2.auria.org\/index.php\/recursos\/material-tecnologic\/","title":{"rendered":"Material Tecnol\u00f2gic"},"content":{"rendered":"<div class=\"wp-block-image\">\n<figure class=\"aligncenter size-large\"><img loading=\"lazy\" decoding=\"async\" width=\"402\" height=\"402\" src=\"https:\/\/nntt2.auria.org\/wp-content\/uploads\/2020\/10\/IconaLateralMaterialTecnologic.png\" alt=\"\" class=\"wp-image-1211\" srcset=\"https:\/\/nntt2.auria.org\/wp-content\/uploads\/2020\/10\/IconaLateralMaterialTecnologic.png 402w, https:\/\/nntt2.auria.org\/wp-content\/uploads\/2020\/10\/IconaLateralMaterialTecnologic-300x300.png 300w, https:\/\/nntt2.auria.org\/wp-content\/uploads\/2020\/10\/IconaLateralMaterialTecnologic-100x100.png 100w, https:\/\/nntt2.auria.org\/wp-content\/uploads\/2020\/10\/IconaLateralMaterialTecnologic-150x150.png 150w\" sizes=\"auto, (max-width: 402px) 100vw, 402px\" \/><\/figure>\n<\/div>\n\n\n<p>En aquest apartat ens agradaria anar compartint amb vosaltres tot aquell material tecnol\u00f2gic (anal\u00f2gic o digital) que utilitzem a \u00c0uria Fundaci\u00f3 en el nostre dia a dia i aquell que anem descobrint o incorporant de mica en mica. Tamb\u00e9 ens agradaria acompanyar-ho d&#8217;exemples o idees perqu\u00e8 li pugueu treure el m\u00e0xim suc a cada material.<\/p>\n\n\n\n<div style=\"height:100px\" aria-hidden=\"true\" class=\"wp-block-spacer\"><\/div>\n\n\n\n<div class=\"wp-block-columns is-layout-flex wp-container-core-columns-is-layout-9d6595d7 wp-block-columns-is-layout-flex\">\n<div class=\"wp-block-column is-layout-flow wp-block-column-is-layout-flow\"><div class=\"wp-block-image\">\n<figure class=\"aligncenter size-large is-resized\"><a href=\"https:\/\/nntt2.auria.org\/index.php\/recursos\/material-tecnologic\/makey-makey\/\"><img loading=\"lazy\" decoding=\"async\" src=\"https:\/\/nntt2.auria.org\/wp-content\/uploads\/2020\/10\/makey_makey_ico.png\" alt=\"\" class=\"wp-image-1296\" width=\"300\" height=\"300\" srcset=\"https:\/\/nntt2.auria.org\/wp-content\/uploads\/2020\/10\/makey_makey_ico.png 300w, https:\/\/nntt2.auria.org\/wp-content\/uploads\/2020\/10\/makey_makey_ico-100x100.png 100w, https:\/\/nntt2.auria.org\/wp-content\/uploads\/2020\/10\/makey_makey_ico-150x150.png 150w\" sizes=\"auto, (max-width: 300px) 100vw, 300px\" \/><\/a><figcaption class=\"wp-element-caption\">Makey Makey<\/figcaption><\/figure>\n<\/div>\n\n<div class=\"wp-block-image\">\n<figure class=\"aligncenter size-large is-resized\"><a href=\"https:\/\/nntt2.auria.org\/index.php\/recursos\/material-tecnologic\/ratolins-adaptats-per-un-o-dos-polsadors\/\"><img loading=\"lazy\" decoding=\"async\" src=\"https:\/\/nntt2.auria.org\/wp-content\/uploads\/2020\/10\/ratoliBj802_ico.jpg\" alt=\"\" class=\"wp-image-1297\" width=\"300\" height=\"300\" srcset=\"https:\/\/nntt2.auria.org\/wp-content\/uploads\/2020\/10\/ratoliBj802_ico.jpg 300w, https:\/\/nntt2.auria.org\/wp-content\/uploads\/2020\/10\/ratoliBj802_ico-100x100.jpg 100w, https:\/\/nntt2.auria.org\/wp-content\/uploads\/2020\/10\/ratoliBj802_ico-150x150.jpg 150w\" sizes=\"auto, (max-width: 300px) 100vw, 300px\" \/><\/a><figcaption class=\"wp-element-caption\">Ratolins adaptats per a polsadors<\/figcaption><\/figure>\n<\/div>\n\n\n<figure class=\"wp-block-image size-large\"><a href=\"https:\/\/nntt2.auria.org\/index.php\/recursos\/material-tecnologic\/robot-thymio\/\"><img loading=\"lazy\" decoding=\"async\" width=\"1024\" height=\"834\" src=\"https:\/\/nntt2.auria.org\/wp-content\/uploads\/2024\/04\/robotThymio-1024x834.png\" alt=\"\" class=\"wp-image-3991\" srcset=\"https:\/\/nntt2.auria.org\/wp-content\/uploads\/2024\/04\/robotThymio-1024x834.png 1024w, https:\/\/nntt2.auria.org\/wp-content\/uploads\/2024\/04\/robotThymio-600x489.png 600w, https:\/\/nntt2.auria.org\/wp-content\/uploads\/2024\/04\/robotThymio-300x244.png 300w, https:\/\/nntt2.auria.org\/wp-content\/uploads\/2024\/04\/robotThymio-768x625.png 768w, https:\/\/nntt2.auria.org\/wp-content\/uploads\/2024\/04\/robotThymio-1536x1251.png 1536w, https:\/\/nntt2.auria.org\/wp-content\/uploads\/2024\/04\/robotThymio.png 1681w\" sizes=\"auto, (max-width: 1024px) 100vw, 1024px\" \/><\/a><figcaption class=\"wp-element-caption\">Robot Thymio<\/figcaption><\/figure>\n\n\n\n<figure class=\"wp-block-image size-large is-resized\"><a href=\"https:\/\/nntt2.auria.org\/index.php\/ulleres-de-realitat-virtual-per-a-mobil\/\"><img loading=\"lazy\" decoding=\"async\" src=\"https:\/\/nntt2.auria.org\/wp-content\/uploads\/2020\/11\/unotec-gafas-realidad-virtual-vr-box.jpg\" alt=\"\" class=\"wp-image-1692\" width=\"300\" height=\"300\" srcset=\"https:\/\/nntt2.auria.org\/wp-content\/uploads\/2020\/11\/unotec-gafas-realidad-virtual-vr-box.jpg 530w, https:\/\/nntt2.auria.org\/wp-content\/uploads\/2020\/11\/unotec-gafas-realidad-virtual-vr-box-300x300.jpg 300w, https:\/\/nntt2.auria.org\/wp-content\/uploads\/2020\/11\/unotec-gafas-realidad-virtual-vr-box-100x100.jpg 100w, https:\/\/nntt2.auria.org\/wp-content\/uploads\/2020\/11\/unotec-gafas-realidad-virtual-vr-box-150x150.jpg 150w\" sizes=\"auto, (max-width: 300px) 100vw, 300px\" \/><\/a><figcaption class=\"wp-element-caption\">Ulleres de realitat virtual per a m\u00f2bils<\/figcaption><\/figure>\n\n\n\n<figure class=\"wp-block-image size-large\"><a href=\"https:\/\/nntt2.auria.org\/index.php\/chromecast\/\"><img loading=\"lazy\" decoding=\"async\" width=\"800\" height=\"800\" src=\"https:\/\/nntt2.auria.org\/wp-content\/uploads\/2020\/11\/google_chromecast_3_negro_02_l.jpg\" alt=\"\" class=\"wp-image-2001\" srcset=\"https:\/\/nntt2.auria.org\/wp-content\/uploads\/2020\/11\/google_chromecast_3_negro_02_l.jpg 800w, https:\/\/nntt2.auria.org\/wp-content\/uploads\/2020\/11\/google_chromecast_3_negro_02_l-300x300.jpg 300w, https:\/\/nntt2.auria.org\/wp-content\/uploads\/2020\/11\/google_chromecast_3_negro_02_l-100x100.jpg 100w, https:\/\/nntt2.auria.org\/wp-content\/uploads\/2020\/11\/google_chromecast_3_negro_02_l-600x600.jpg 600w, https:\/\/nntt2.auria.org\/wp-content\/uploads\/2020\/11\/google_chromecast_3_negro_02_l-150x150.jpg 150w, https:\/\/nntt2.auria.org\/wp-content\/uploads\/2020\/11\/google_chromecast_3_negro_02_l-768x768.jpg 768w\" sizes=\"auto, (max-width: 800px) 100vw, 800px\" \/><\/a><figcaption class=\"wp-element-caption\">Chromecast<\/figcaption><\/figure>\n\n\n\n<figure class=\"wp-block-image size-large is-resized\"><a href=\"ulleres-de-realitat-virtual-oculus-quest-2\"><img loading=\"lazy\" decoding=\"async\" src=\"https:\/\/nntt2.auria.org\/wp-content\/uploads\/2024\/04\/oculus-1024x834.png\" alt=\"\" class=\"wp-image-3988\" width=\"386\" height=\"314\" srcset=\"https:\/\/nntt2.auria.org\/wp-content\/uploads\/2024\/04\/oculus-1024x834.png 1024w, https:\/\/nntt2.auria.org\/wp-content\/uploads\/2024\/04\/oculus-600x489.png 600w, https:\/\/nntt2.auria.org\/wp-content\/uploads\/2024\/04\/oculus-300x244.png 300w, https:\/\/nntt2.auria.org\/wp-content\/uploads\/2024\/04\/oculus-768x625.png 768w, https:\/\/nntt2.auria.org\/wp-content\/uploads\/2024\/04\/oculus-1536x1251.png 1536w, https:\/\/nntt2.auria.org\/wp-content\/uploads\/2024\/04\/oculus.png 1681w\" sizes=\"auto, (max-width: 386px) 100vw, 386px\" \/><\/a><figcaption class=\"wp-element-caption\">Ulleres d&#8217;RV Oculus Quest 2<\/figcaption><\/figure>\n\n\n<div class=\"wp-block-image\">\n<figure class=\"alignleft size-full is-resized\"><a href=\"https:\/\/nntt2.auria.org\/index.php\/llibre-electronic-ebook\/\"><img loading=\"lazy\" decoding=\"async\" src=\"https:\/\/nntt2.auria.org\/wp-content\/uploads\/2024\/04\/ebook.jpg\" alt=\"\" class=\"wp-image-3986\" width=\"529\" height=\"345\" srcset=\"https:\/\/nntt2.auria.org\/wp-content\/uploads\/2024\/04\/ebook.jpg 589w, https:\/\/nntt2.auria.org\/wp-content\/uploads\/2024\/04\/ebook-300x196.jpg 300w\" sizes=\"auto, (max-width: 529px) 100vw, 529px\" \/><\/a><figcaption class=\"wp-element-caption\">Lector de llibres electr\u00f2nics<\/figcaption><\/figure>\n<\/div><\/div>\n\n\n\n<div class=\"wp-block-column is-layout-flow wp-block-column-is-layout-flow\"><div class=\"wp-block-image\">\n<figure class=\"aligncenter size-large is-resized\"><a href=\"https:\/\/nntt2.auria.org\/index.php\/recursos\/material-tecnologic\/interactive-wall-2\/\"><img loading=\"lazy\" decoding=\"async\" src=\"https:\/\/nntt2.auria.org\/wp-content\/uploads\/2020\/10\/interactive-wall_ico.jpg\" alt=\"\" class=\"wp-image-1295\" width=\"300\" height=\"300\" srcset=\"https:\/\/nntt2.auria.org\/wp-content\/uploads\/2020\/10\/interactive-wall_ico.jpg 300w, https:\/\/nntt2.auria.org\/wp-content\/uploads\/2020\/10\/interactive-wall_ico-100x100.jpg 100w, https:\/\/nntt2.auria.org\/wp-content\/uploads\/2020\/10\/interactive-wall_ico-150x150.jpg 150w\" sizes=\"auto, (max-width: 300px) 100vw, 300px\" \/><\/a><figcaption class=\"wp-element-caption\">Interactive Wall<\/figcaption><\/figure>\n<\/div>\n\n<div class=\"wp-block-image\">\n<figure class=\"aligncenter size-large is-resized\"><a href=\"https:\/\/nntt2.auria.org\/index.php\/recursos\/material-tecnologic\/teclats-adaptats\/\"><img loading=\"lazy\" decoding=\"async\" src=\"https:\/\/nntt2.auria.org\/wp-content\/uploads\/2020\/10\/teclado-simplyworks_ico.jpg\" alt=\"\" class=\"wp-image-1298\" width=\"300\" height=\"300\" srcset=\"https:\/\/nntt2.auria.org\/wp-content\/uploads\/2020\/10\/teclado-simplyworks_ico.jpg 300w, https:\/\/nntt2.auria.org\/wp-content\/uploads\/2020\/10\/teclado-simplyworks_ico-100x100.jpg 100w, https:\/\/nntt2.auria.org\/wp-content\/uploads\/2020\/10\/teclado-simplyworks_ico-150x150.jpg 150w\" sizes=\"auto, (max-width: 300px) 100vw, 300px\" \/><\/a><figcaption class=\"wp-element-caption\">Teclats adaptats<\/figcaption><\/figure>\n<\/div>\n\n<div class=\"wp-block-image\">\n<figure class=\"aligncenter size-large is-resized\"><a href=\"https:\/\/nntt2.auria.org\/index.php\/recursos\/material-tecnologic\/polsador-bluetooth\/\"><img loading=\"lazy\" decoding=\"async\" src=\"https:\/\/nntt2.auria.org\/wp-content\/uploads\/2020\/11\/blue2-bluetooth-switch-1.jpg\" alt=\"\" class=\"wp-image-1663\" width=\"300\" height=\"300\" srcset=\"https:\/\/nntt2.auria.org\/wp-content\/uploads\/2020\/11\/blue2-bluetooth-switch-1.jpg 365w, https:\/\/nntt2.auria.org\/wp-content\/uploads\/2020\/11\/blue2-bluetooth-switch-1-300x300.jpg 300w, https:\/\/nntt2.auria.org\/wp-content\/uploads\/2020\/11\/blue2-bluetooth-switch-1-100x100.jpg 100w, https:\/\/nntt2.auria.org\/wp-content\/uploads\/2020\/11\/blue2-bluetooth-switch-1-150x150.jpg 150w\" sizes=\"auto, (max-width: 300px) 100vw, 300px\" \/><\/a><figcaption class=\"wp-element-caption\">Polsador bluetooth<\/figcaption><\/figure>\n<\/div>\n\n\n<figure class=\"wp-block-image size-large is-resized\"><a href=\"https:\/\/nntt2.auria.org\/index.php\/assistent-de-veu-alexa-echo-show\/\"><img loading=\"lazy\" decoding=\"async\" src=\"https:\/\/nntt2.auria.org\/wp-content\/uploads\/2020\/11\/g837ESHOW5B-F-1-1024x514.jpg\" alt=\"\" class=\"wp-image-1702\" width=\"459\" height=\"230\" srcset=\"https:\/\/nntt2.auria.org\/wp-content\/uploads\/2020\/11\/g837ESHOW5B-F-1-1024x514.jpg 1024w, https:\/\/nntt2.auria.org\/wp-content\/uploads\/2020\/11\/g837ESHOW5B-F-1-600x301.jpg 600w, https:\/\/nntt2.auria.org\/wp-content\/uploads\/2020\/11\/g837ESHOW5B-F-1-300x151.jpg 300w, https:\/\/nntt2.auria.org\/wp-content\/uploads\/2020\/11\/g837ESHOW5B-F-1-768x386.jpg 768w, https:\/\/nntt2.auria.org\/wp-content\/uploads\/2020\/11\/g837ESHOW5B-F-1-1536x772.jpg 1536w, https:\/\/nntt2.auria.org\/wp-content\/uploads\/2020\/11\/g837ESHOW5B-F-1-2048x1029.jpg 2048w\" sizes=\"auto, (max-width: 459px) 100vw, 459px\" \/><\/a><figcaption class=\"wp-element-caption\">Assistent de veu Alexa Echo Show 5<\/figcaption><\/figure>\n\n\n<div class=\"wp-block-image\">\n<figure class=\"aligncenter size-large is-resized\"><a href=\"https:\/\/nntt2.auria.org\/index.php\/go-talk-20\/\"><img loading=\"lazy\" decoding=\"async\" src=\"https:\/\/nntt2.auria.org\/wp-content\/uploads\/2021\/10\/WhatsApp-Image-2021-09-29-at-13.00.30-1-899x1024.jpeg\" alt=\"\" class=\"wp-image-2708\" width=\"311\" height=\"352\"\/><\/a><figcaption class=\"wp-element-caption\">Go Talk 20+<\/figcaption><\/figure>\n<\/div>\n\n<div class=\"wp-block-image\">\n<figure class=\"aligncenter size-large is-resized\"><a href=\"https:\/\/nntt2.auria.org\/?page_id=3002\"><img loading=\"lazy\" decoding=\"async\" src=\"https:\/\/nntt2.auria.org\/wp-content\/uploads\/2022\/07\/creality-ender-6-1-ud-339098-es.jpg\" alt=\"\" class=\"wp-image-3001\" width=\"329\" height=\"342\"\/><\/a><figcaption class=\"wp-element-caption\">Impressora 3D Creality Ender 6<\/figcaption><\/figure>\n<\/div>\n\n<div class=\"wp-block-image\">\n<figure class=\"aligncenter size-full is-resized\"><img loading=\"lazy\" decoding=\"async\" src=\"https:\/\/nntt2.auria.org\/wp-content\/uploads\/2024\/07\/Bambu-Lab-X1-Carbon-Combo-00-510x510-1.jpg\" alt=\"\" class=\"wp-image-4163\" width=\"332\" height=\"332\" srcset=\"https:\/\/nntt2.auria.org\/wp-content\/uploads\/2024\/07\/Bambu-Lab-X1-Carbon-Combo-00-510x510-1.jpg 510w, https:\/\/nntt2.auria.org\/wp-content\/uploads\/2024\/07\/Bambu-Lab-X1-Carbon-Combo-00-510x510-1-300x300.jpg 300w, https:\/\/nntt2.auria.org\/wp-content\/uploads\/2024\/07\/Bambu-Lab-X1-Carbon-Combo-00-510x510-1-100x100.jpg 100w, https:\/\/nntt2.auria.org\/wp-content\/uploads\/2024\/07\/Bambu-Lab-X1-Carbon-Combo-00-510x510-1-150x150.jpg 150w\" sizes=\"auto, (max-width: 332px) 100vw, 332px\" \/><figcaption class=\"wp-element-caption\">impressora 3D Bambu LAb x1 Carbon<\/figcaption><\/figure>\n<\/div><\/div>\n\n\n\n<div class=\"wp-block-column is-layout-flow wp-block-column-is-layout-flow\"><div class=\"wp-block-image\">\n<figure class=\"aligncenter size-large is-resized\"><a href=\"https:\/\/nntt2.auria.org\/index.php\/recursos\/material-tecnologic\/caixa-de-connexions\/\"><img loading=\"lazy\" decoding=\"async\" src=\"https:\/\/nntt2.auria.org\/wp-content\/uploads\/2020\/10\/caja-de-conexiones_ico.jpg\" alt=\"\" class=\"wp-image-1293\" width=\"300\" height=\"300\" srcset=\"https:\/\/nntt2.auria.org\/wp-content\/uploads\/2020\/10\/caja-de-conexiones_ico.jpg 300w, https:\/\/nntt2.auria.org\/wp-content\/uploads\/2020\/10\/caja-de-conexiones_ico-100x100.jpg 100w, https:\/\/nntt2.auria.org\/wp-content\/uploads\/2020\/10\/caja-de-conexiones_ico-150x150.jpg 150w\" sizes=\"auto, (max-width: 300px) 100vw, 300px\" \/><\/a><figcaption class=\"wp-element-caption\">Caixa de connexions<\/figcaption><\/figure>\n<\/div>\n\n<div class=\"wp-block-image\">\n<figure class=\"aligncenter size-large is-resized\"><a href=\"https:\/\/nntt2.auria.org\/index.php\/recursos\/material-tecnologic\/robot-tiralinies\/\"><img loading=\"lazy\" decoding=\"async\" src=\"https:\/\/nntt2.auria.org\/wp-content\/uploads\/2020\/10\/CotxeTiraLinies_ico.jpg\" alt=\"\" class=\"wp-image-1294\" width=\"300\" height=\"300\" srcset=\"https:\/\/nntt2.auria.org\/wp-content\/uploads\/2020\/10\/CotxeTiraLinies_ico.jpg 300w, https:\/\/nntt2.auria.org\/wp-content\/uploads\/2020\/10\/CotxeTiraLinies_ico-100x100.jpg 100w, https:\/\/nntt2.auria.org\/wp-content\/uploads\/2020\/10\/CotxeTiraLinies_ico-150x150.jpg 150w\" sizes=\"auto, (max-width: 300px) 100vw, 300px\" \/><\/a><figcaption class=\"wp-element-caption\">Robot &#8220;tiral\u00ednies&#8221;<\/figcaption><\/figure>\n<\/div>\n\n<div class=\"wp-block-image\">\n<figure class=\"aligncenter size-large is-resized\"><a href=\"https:\/\/nntt2.auria.org\/index.php\/ulleres-de-realitat-virtual-httc-vive\/\"><img loading=\"lazy\" decoding=\"async\" src=\"https:\/\/nntt2.auria.org\/wp-content\/uploads\/2020\/11\/ulleres-httc-vive_-1.jpg\" alt=\"\" class=\"wp-image-1675\" width=\"300\" height=\"300\" srcset=\"https:\/\/nntt2.auria.org\/wp-content\/uploads\/2020\/11\/ulleres-httc-vive_-1-300x300.jpg 300w, https:\/\/nntt2.auria.org\/wp-content\/uploads\/2020\/11\/ulleres-httc-vive_-1-100x100.jpg 100w, https:\/\/nntt2.auria.org\/wp-content\/uploads\/2020\/11\/ulleres-httc-vive_-1-150x150.jpg 150w\" sizes=\"auto, (max-width: 300px) 100vw, 300px\" \/><\/a><figcaption class=\"wp-element-caption\">Ulleres de realitat virtual HTC Vive<\/figcaption><\/figure>\n<\/div>\n\n<div class=\"wp-block-image\">\n<figure class=\"aligncenter size-large is-resized\"><a href=\"https:\/\/nntt2.auria.org\/index.php\/any-book\/\"><img loading=\"lazy\" decoding=\"async\" src=\"https:\/\/nntt2.auria.org\/wp-content\/uploads\/2020\/11\/any-bok.jpg\" alt=\"\" class=\"wp-image-1823\" width=\"259\" height=\"259\" srcset=\"https:\/\/nntt2.auria.org\/wp-content\/uploads\/2020\/11\/any-bok.jpg 800w, https:\/\/nntt2.auria.org\/wp-content\/uploads\/2020\/11\/any-bok-300x300.jpg 300w, https:\/\/nntt2.auria.org\/wp-content\/uploads\/2020\/11\/any-bok-100x100.jpg 100w, https:\/\/nntt2.auria.org\/wp-content\/uploads\/2020\/11\/any-bok-600x600.jpg 600w, https:\/\/nntt2.auria.org\/wp-content\/uploads\/2020\/11\/any-bok-150x150.jpg 150w, https:\/\/nntt2.auria.org\/wp-content\/uploads\/2020\/11\/any-bok-768x768.jpg 768w\" sizes=\"auto, (max-width: 259px) 100vw, 259px\" \/><\/a><figcaption class=\"wp-element-caption\">Any Book<\/figcaption><\/figure>\n<\/div>\n\n<div class=\"wp-block-image\">\n<figure class=\"aligncenter size-large is-resized\"><a href=\"https:\/\/nntt2.auria.org\/index.php\/assitent-de-veu-alexa-echo-dot\/\"><img loading=\"lazy\" decoding=\"async\" src=\"https:\/\/nntt2.auria.org\/wp-content\/uploads\/2021\/10\/echo-dot-foto-1.jpg\" alt=\"\" class=\"wp-image-2731\" width=\"342\" height=\"342\" srcset=\"https:\/\/nntt2.auria.org\/wp-content\/uploads\/2021\/10\/echo-dot-foto-1.jpg 800w, https:\/\/nntt2.auria.org\/wp-content\/uploads\/2021\/10\/echo-dot-foto-1-300x300.jpg 300w, https:\/\/nntt2.auria.org\/wp-content\/uploads\/2021\/10\/echo-dot-foto-1-100x100.jpg 100w, https:\/\/nntt2.auria.org\/wp-content\/uploads\/2021\/10\/echo-dot-foto-1-600x600.jpg 600w, https:\/\/nntt2.auria.org\/wp-content\/uploads\/2021\/10\/echo-dot-foto-1-150x150.jpg 150w, https:\/\/nntt2.auria.org\/wp-content\/uploads\/2021\/10\/echo-dot-foto-1-768x768.jpg 768w\" sizes=\"auto, (max-width: 342px) 100vw, 342px\" \/><\/a><\/figure>\n<\/div>\n\n\n<p class=\"has-text-align-center\">Alexa Echo Dot<\/p>\n\n\n<div class=\"wp-block-image\">\n<figure class=\"aligncenter size-large is-resized\"><a href=\"https:\/\/nntt2.auria.org\/index.php\/osmo-genius-kit\/\"><img loading=\"lazy\" decoding=\"async\" src=\"https:\/\/nntt2.auria.org\/wp-content\/uploads\/2024\/04\/osmoGenius-1024x767.jpg\" alt=\"\" class=\"wp-image-3972\" width=\"400\" height=\"298\" srcset=\"https:\/\/nntt2.auria.org\/wp-content\/uploads\/2024\/04\/osmoGenius-300x225.jpg 300w, https:\/\/nntt2.auria.org\/wp-content\/uploads\/2024\/04\/osmoGenius-768x575.jpg 768w\" sizes=\"auto, (max-width: 400px) 100vw, 400px\" \/><\/a><figcaption class=\"wp-element-caption\">OSMO Genius KIT<\/figcaption><\/figure>\n<\/div><\/div>\n<\/div>\n\n\n\n<p><\/p>\n","protected":false},"excerpt":{"rendered":"<p>En aquest apartat ens agradaria anar compartint amb vosaltres tot aquell material tecnol\u00f2gic (anal\u00f2gic o digital) que utilitzem a \u00c0uria Fundaci\u00f3 en el nostre dia a dia i aquell que anem descobrint<a class=\"moretag\" href=\"https:\/\/nntt2.auria.org\/index.php\/recursos\/material-tecnologic\/\">Read More&#8230;<\/a><\/p>\n","protected":false},"author":1,"featured_media":0,"parent":884,"menu_order":0,"comment_status":"closed","ping_status":"closed","template":"","meta":{"footnotes":""},"class_list":["post-2","page","type-page","status-publish","hentry"],"_links":{"self":[{"href":"https:\/\/nntt2.auria.org\/index.php\/wp-json\/wp\/v2\/pages\/2","targetHints":{"allow":["GET"]}}],"collection":[{"href":"https:\/\/nntt2.auria.org\/index.php\/wp-json\/wp\/v2\/pages"}],"about":[{"href":"https:\/\/nntt2.auria.org\/index.php\/wp-json\/wp\/v2\/types\/page"}],"author":[{"embeddable":true,"href":"https:\/\/nntt2.auria.org\/index.php\/wp-json\/wp\/v2\/users\/1"}],"replies":[{"embeddable":true,"href":"https:\/\/nntt2.auria.org\/index.php\/wp-json\/wp\/v2\/comments?post=2"}],"version-history":[{"count":49,"href":"https:\/\/nntt2.auria.org\/index.php\/wp-json\/wp\/v2\/pages\/2\/revisions"}],"predecessor-version":[{"id":4166,"href":"https:\/\/nntt2.auria.org\/index.php\/wp-json\/wp\/v2\/pages\/2\/revisions\/4166"}],"up":[{"embeddable":true,"href":"https:\/\/nntt2.auria.org\/index.php\/wp-json\/wp\/v2\/pages\/884"}],"wp:attachment":[{"href":"https:\/\/nntt2.auria.org\/index.php\/wp-json\/wp\/v2\/media?parent=2"}],"curies":[{"name":"wp","href":"https:\/\/api.w.org\/{rel}","templated":true}]}}