{"id":1995,"date":"2020-11-30T12:27:13","date_gmt":"2020-11-30T11:27:13","guid":{"rendered":"https:\/\/nntt.auria.org\/?page_id=1995"},"modified":"2020-12-14T13:32:10","modified_gmt":"2020-12-14T12:32:10","slug":"castle-blocks-2","status":"publish","type":"page","link":"https:\/\/nntt2.auria.org\/index.php\/recursos\/descarregues\/per-android\/castle-blocks-2\/","title":{"rendered":"Castle Blocks"},"content":{"rendered":"\n<div class=\"wp-block-image\"><figure class=\"aligncenter\"><a href=\"https:\/\/play.google.com\/store\/apps\/details?id=pl.muse.blocks.castle\"><img loading=\"lazy\" decoding=\"async\" width=\"521\" height=\"317\" src=\"https:\/\/nntt2.auria.org\/wp-content\/uploads\/2020\/11\/castle-bloks-gran.png\" alt=\"\" class=\"wp-image-1996\" srcset=\"https:\/\/nntt2.auria.org\/wp-content\/uploads\/2020\/11\/castle-bloks-gran.png 521w, https:\/\/nntt2.auria.org\/wp-content\/uploads\/2020\/11\/castle-bloks-gran-300x183.png 300w\" sizes=\"auto, (max-width: 521px) 100vw, 521px\" \/><\/a><\/figure><\/div>\n\n\n\n<p>Una aplicaci\u00f3 per a les persones que els agradin les construccions i dibuixar. En aquesta aplicaci\u00f3 hauran de crear el seu propi castell per despr\u00e9s pintar-lo i crear la construcci\u00f3 que m\u00e9s els agradi.<\/p>\n","protected":false},"excerpt":{"rendered":"<p>Una aplicaci\u00f3 per a les persones que els agradin les construccions i dibuixar. En aquesta aplicaci\u00f3 hauran de crear el seu propi castell per despr\u00e9s pintar-lo i crear la construcci\u00f3 que m\u00e9s<a class=\"moretag\" href=\"https:\/\/nntt2.auria.org\/index.php\/recursos\/descarregues\/per-android\/castle-blocks-2\/\">Read More&#8230;<\/a><\/p>\n","protected":false},"author":1,"featured_media":0,"parent":894,"menu_order":0,"comment_status":"closed","ping_status":"closed","template":"","meta":{"footnotes":""},"class_list":["post-1995","page","type-page","status-publish","hentry"],"_links":{"self":[{"href":"https:\/\/nntt2.auria.org\/index.php\/wp-json\/wp\/v2\/pages\/1995","targetHints":{"allow":["GET"]}}],"collection":[{"href":"https:\/\/nntt2.auria.org\/index.php\/wp-json\/wp\/v2\/pages"}],"about":[{"href":"https:\/\/nntt2.auria.org\/index.php\/wp-json\/wp\/v2\/types\/page"}],"author":[{"embeddable":true,"href":"https:\/\/nntt2.auria.org\/index.php\/wp-json\/wp\/v2\/users\/1"}],"replies":[{"embeddable":true,"href":"https:\/\/nntt2.auria.org\/index.php\/wp-json\/wp\/v2\/comments?post=1995"}],"version-history":[{"count":3,"href":"https:\/\/nntt2.auria.org\/index.php\/wp-json\/wp\/v2\/pages\/1995\/revisions"}],"predecessor-version":[{"id":2071,"href":"https:\/\/nntt2.auria.org\/index.php\/wp-json\/wp\/v2\/pages\/1995\/revisions\/2071"}],"up":[{"embeddable":true,"href":"https:\/\/nntt2.auria.org\/index.php\/wp-json\/wp\/v2\/pages\/894"}],"wp:attachment":[{"href":"https:\/\/nntt2.auria.org\/index.php\/wp-json\/wp\/v2\/media?parent=1995"}],"curies":[{"name":"wp","href":"https:\/\/api.w.org\/{rel}","templated":true}]}}