{"id":1989,"date":"2020-11-30T12:24:28","date_gmt":"2020-11-30T11:24:28","guid":{"rendered":"https:\/\/nntt.auria.org\/?page_id=1989"},"modified":"2020-12-14T13:31:12","modified_gmt":"2020-12-14T12:31:12","slug":"smash-master-2","status":"publish","type":"page","link":"https:\/\/nntt2.auria.org\/index.php\/recursos\/descarregues\/per-android\/smash-master-2\/","title":{"rendered":"Smash Master"},"content":{"rendered":"\n<div class=\"wp-block-image\"><figure class=\"aligncenter\"><a href=\"https:\/\/play.google.com\/store\/apps\/details?id=com.surenhakobyan.smashinggames&amp;hl=es\"><img loading=\"lazy\" decoding=\"async\" width=\"419\" height=\"316\" src=\"https:\/\/nntt2.auria.org\/wp-content\/uploads\/2020\/11\/smash-master-gran.png\" alt=\"\" class=\"wp-image-1990\" srcset=\"https:\/\/nntt2.auria.org\/wp-content\/uploads\/2020\/11\/smash-master-gran.png 419w, https:\/\/nntt2.auria.org\/wp-content\/uploads\/2020\/11\/smash-master-gran-300x226.png 300w\" sizes=\"auto, (max-width: 419px) 100vw, 419px\" \/><\/a><\/figure><\/div>\n\n\n\n<p id=\"block-9a7d89f2-d83d-4f0e-ba97-699646050b47\"><br>Insectes verdosos, mosques emprenyadores i escarabats d&#8217;un ull &#8230; Aixafa amb el dit tots els que puguis!<\/p>\n\n\n\n<p id=\"block-00c46cce-a824-4416-bbe2-327f4aa76c1f\">Estigues atent, l\u2019insecte vermell i m\u00e9s gran de tots val m\u00e9s punts! Per\u00f2 compte; \u00a1No aixafis a la bestiola negre si vols seguir jugant !.<\/p>\n\n\n\n<p id=\"block-8eb200e7-9875-4b22-bdac-cfe20a9a2427\">Disposa de varies modalitats de joc.<\/p>\n","protected":false},"excerpt":{"rendered":"<p>Insectes verdosos, mosques emprenyadores i escarabats d&#8217;un ull &#8230; Aixafa amb el dit tots els que puguis! Estigues atent, l\u2019insecte vermell i m\u00e9s gran de tots val m\u00e9s punts! Per\u00f2 compte; \u00a1No<a class=\"moretag\" href=\"https:\/\/nntt2.auria.org\/index.php\/recursos\/descarregues\/per-android\/smash-master-2\/\">Read More&#8230;<\/a><\/p>\n","protected":false},"author":1,"featured_media":0,"parent":894,"menu_order":0,"comment_status":"closed","ping_status":"closed","template":"","meta":{"footnotes":""},"class_list":["post-1989","page","type-page","status-publish","hentry"],"_links":{"self":[{"href":"https:\/\/nntt2.auria.org\/index.php\/wp-json\/wp\/v2\/pages\/1989","targetHints":{"allow":["GET"]}}],"collection":[{"href":"https:\/\/nntt2.auria.org\/index.php\/wp-json\/wp\/v2\/pages"}],"about":[{"href":"https:\/\/nntt2.auria.org\/index.php\/wp-json\/wp\/v2\/types\/page"}],"author":[{"embeddable":true,"href":"https:\/\/nntt2.auria.org\/index.php\/wp-json\/wp\/v2\/users\/1"}],"replies":[{"embeddable":true,"href":"https:\/\/nntt2.auria.org\/index.php\/wp-json\/wp\/v2\/comments?post=1989"}],"version-history":[{"count":2,"href":"https:\/\/nntt2.auria.org\/index.php\/wp-json\/wp\/v2\/pages\/1989\/revisions"}],"predecessor-version":[{"id":2070,"href":"https:\/\/nntt2.auria.org\/index.php\/wp-json\/wp\/v2\/pages\/1989\/revisions\/2070"}],"up":[{"embeddable":true,"href":"https:\/\/nntt2.auria.org\/index.php\/wp-json\/wp\/v2\/pages\/894"}],"wp:attachment":[{"href":"https:\/\/nntt2.auria.org\/index.php\/wp-json\/wp\/v2\/media?parent=1989"}],"curies":[{"name":"wp","href":"https:\/\/api.w.org\/{rel}","templated":true}]}}