{"id":1983,"date":"2020-11-30T12:21:47","date_gmt":"2020-11-30T11:21:47","guid":{"rendered":"https:\/\/nntt.auria.org\/?page_id=1983"},"modified":"2020-12-14T13:29:20","modified_gmt":"2020-12-14T12:29:20","slug":"joc-de-cotxes-2","status":"publish","type":"page","link":"https:\/\/nntt2.auria.org\/index.php\/recursos\/descarregues\/per-android\/joc-de-cotxes-2\/","title":{"rendered":"Joc de cotxes"},"content":{"rendered":"\n<div class=\"wp-block-image\"><figure class=\"aligncenter\"><a href=\"https:\/\/play.google.com\/store\/apps\/details?id=com.razmobi.carracegamefortoddlerskidsfree&amp;hl=es\"><img loading=\"lazy\" decoding=\"async\" width=\"444\" height=\"317\" src=\"https:\/\/nntt2.auria.org\/wp-content\/uploads\/2020\/11\/joc-de-cotxes-gran.png\" alt=\"\" class=\"wp-image-1984\" srcset=\"https:\/\/nntt2.auria.org\/wp-content\/uploads\/2020\/11\/joc-de-cotxes-gran.png 444w, https:\/\/nntt2.auria.org\/wp-content\/uploads\/2020\/11\/joc-de-cotxes-gran-300x214.png 300w\" sizes=\"auto, (max-width: 444px) 100vw, 444px\" \/><\/a><\/figure><\/div>\n\n\n\n<p>L\u2019usuari pot triar entre fins a 16 cotxes per c\u00f3rrer, despr\u00e9s fer sonar 3 tipus de botzines, fer que el cotxe acceleri, freni, salti, faci el cavallet\u00a0 tamb\u00e9 pot cambinar la m\u00fasica del joc, tot produint animacions divertides i sons. En acabar la carrera, quan hagi guanyat, tindr\u00e0 l&#8217;oportunitat d&#8217;explotar tots els globus que volen. Els botons s\u00f3n grans i intu\u00eftius.<\/p>\n","protected":false},"excerpt":{"rendered":"<p>L\u2019usuari pot triar entre fins a 16 cotxes per c\u00f3rrer, despr\u00e9s fer sonar 3 tipus de botzines, fer que el cotxe acceleri, freni, salti, faci el cavallet\u00a0 tamb\u00e9 pot cambinar la m\u00fasica<a class=\"moretag\" href=\"https:\/\/nntt2.auria.org\/index.php\/recursos\/descarregues\/per-android\/joc-de-cotxes-2\/\">Read More&#8230;<\/a><\/p>\n","protected":false},"author":1,"featured_media":0,"parent":894,"menu_order":0,"comment_status":"closed","ping_status":"closed","template":"","meta":{"footnotes":""},"class_list":["post-1983","page","type-page","status-publish","hentry"],"_links":{"self":[{"href":"https:\/\/nntt2.auria.org\/index.php\/wp-json\/wp\/v2\/pages\/1983","targetHints":{"allow":["GET"]}}],"collection":[{"href":"https:\/\/nntt2.auria.org\/index.php\/wp-json\/wp\/v2\/pages"}],"about":[{"href":"https:\/\/nntt2.auria.org\/index.php\/wp-json\/wp\/v2\/types\/page"}],"author":[{"embeddable":true,"href":"https:\/\/nntt2.auria.org\/index.php\/wp-json\/wp\/v2\/users\/1"}],"replies":[{"embeddable":true,"href":"https:\/\/nntt2.auria.org\/index.php\/wp-json\/wp\/v2\/comments?post=1983"}],"version-history":[{"count":2,"href":"https:\/\/nntt2.auria.org\/index.php\/wp-json\/wp\/v2\/pages\/1983\/revisions"}],"predecessor-version":[{"id":2067,"href":"https:\/\/nntt2.auria.org\/index.php\/wp-json\/wp\/v2\/pages\/1983\/revisions\/2067"}],"up":[{"embeddable":true,"href":"https:\/\/nntt2.auria.org\/index.php\/wp-json\/wp\/v2\/pages\/894"}],"wp:attachment":[{"href":"https:\/\/nntt2.auria.org\/index.php\/wp-json\/wp\/v2\/media?parent=1983"}],"curies":[{"name":"wp","href":"https:\/\/api.w.org\/{rel}","templated":true}]}}