{"id":1977,"date":"2020-11-30T12:19:19","date_gmt":"2020-11-30T11:19:19","guid":{"rendered":"https:\/\/nntt.auria.org\/?page_id=1977"},"modified":"2020-12-14T13:30:23","modified_gmt":"2020-12-14T12:30:23","slug":"baby-rattle-toy-2","status":"publish","type":"page","link":"https:\/\/nntt2.auria.org\/index.php\/recursos\/descarregues\/per-android\/baby-rattle-toy-2\/","title":{"rendered":"Baby Rattle Toy"},"content":{"rendered":"\n<div class=\"wp-block-image\"><figure class=\"aligncenter\"><a href=\"https:\/\/play.google.com\/store\/apps\/details?id=com.mobileaddicts.rattle\"><img loading=\"lazy\" decoding=\"async\" width=\"627\" height=\"323\" src=\"https:\/\/nntt2.auria.org\/wp-content\/uploads\/2020\/11\/baby-rattle-toy-gran.png\" alt=\"\" class=\"wp-image-1978\" srcset=\"https:\/\/nntt2.auria.org\/wp-content\/uploads\/2020\/11\/baby-rattle-toy-gran.png 627w, https:\/\/nntt2.auria.org\/wp-content\/uploads\/2020\/11\/baby-rattle-toy-gran-600x309.png 600w, https:\/\/nntt2.auria.org\/wp-content\/uploads\/2020\/11\/baby-rattle-toy-gran-300x155.png 300w\" sizes=\"auto, (max-width: 627px) 100vw, 627px\" \/><\/a><\/figure><\/div>\n\n\n\n<p>Transforma en teu m\u00f2bil o tauleta en una gran varietat de sonalls. Es fan sonar tan sols tocant la pantalla. T\u00e9 un sistema per qu\u00e8 la persona que l\u2019utilitzi no surti de l\u2019aplicaci\u00f3 sense voler i toqui altres coses.<\/p>\n","protected":false},"excerpt":{"rendered":"<p>Transforma en teu m\u00f2bil o tauleta en una gran varietat de sonalls. Es fan sonar tan sols tocant la pantalla. T\u00e9 un sistema per qu\u00e8 la persona que l\u2019utilitzi no surti de<a class=\"moretag\" href=\"https:\/\/nntt2.auria.org\/index.php\/recursos\/descarregues\/per-android\/baby-rattle-toy-2\/\">Read More&#8230;<\/a><\/p>\n","protected":false},"author":1,"featured_media":0,"parent":894,"menu_order":0,"comment_status":"closed","ping_status":"closed","template":"","meta":{"footnotes":""},"class_list":["post-1977","page","type-page","status-publish","hentry"],"_links":{"self":[{"href":"https:\/\/nntt2.auria.org\/index.php\/wp-json\/wp\/v2\/pages\/1977","targetHints":{"allow":["GET"]}}],"collection":[{"href":"https:\/\/nntt2.auria.org\/index.php\/wp-json\/wp\/v2\/pages"}],"about":[{"href":"https:\/\/nntt2.auria.org\/index.php\/wp-json\/wp\/v2\/types\/page"}],"author":[{"embeddable":true,"href":"https:\/\/nntt2.auria.org\/index.php\/wp-json\/wp\/v2\/users\/1"}],"replies":[{"embeddable":true,"href":"https:\/\/nntt2.auria.org\/index.php\/wp-json\/wp\/v2\/comments?post=1977"}],"version-history":[{"count":2,"href":"https:\/\/nntt2.auria.org\/index.php\/wp-json\/wp\/v2\/pages\/1977\/revisions"}],"predecessor-version":[{"id":2069,"href":"https:\/\/nntt2.auria.org\/index.php\/wp-json\/wp\/v2\/pages\/1977\/revisions\/2069"}],"up":[{"embeddable":true,"href":"https:\/\/nntt2.auria.org\/index.php\/wp-json\/wp\/v2\/pages\/894"}],"wp:attachment":[{"href":"https:\/\/nntt2.auria.org\/index.php\/wp-json\/wp\/v2\/media?parent=1977"}],"curies":[{"name":"wp","href":"https:\/\/api.w.org\/{rel}","templated":true}]}}