{"id":1965,"date":"2020-11-30T12:13:37","date_gmt":"2020-11-30T11:13:37","guid":{"rendered":"https:\/\/nntt.auria.org\/?page_id=1965"},"modified":"2020-12-14T13:27:48","modified_gmt":"2020-12-14T12:27:48","slug":"puzzle-kids","status":"publish","type":"page","link":"https:\/\/nntt2.auria.org\/index.php\/recursos\/descarregues\/per-android\/puzzle-kids\/","title":{"rendered":"Puzzle Kids"},"content":{"rendered":"\n<div class=\"wp-block-image\"><figure class=\"aligncenter\"><a href=\"https:\/\/play.google.com\/store\/apps\/details?id=com.rvappstudios.jigsaw.puzzles.kids\"><img loading=\"lazy\" decoding=\"async\" width=\"555\" height=\"321\" src=\"https:\/\/nntt2.auria.org\/wp-content\/uploads\/2020\/11\/puzle-kids-gran.png\" alt=\"\" class=\"wp-image-1966\" srcset=\"https:\/\/nntt2.auria.org\/wp-content\/uploads\/2020\/11\/puzle-kids-gran.png 555w, https:\/\/nntt2.auria.org\/wp-content\/uploads\/2020\/11\/puzle-kids-gran-300x174.png 300w\" sizes=\"auto, (max-width: 555px) 100vw, 555px\" \/><\/a><\/figure><\/div>\n\n\n\n<p>Aplicaci\u00f3 per comen\u00e7ar a desenvolupar el raonament l\u00f2gic i aprendre a seguir patrons fent puzles. Les persones han de recon\u00e8ixer les formes geom\u00e8triques de les peces i els puzles per unir-les amb la resta i crear una nova forma. T\u00e9 diferents modes de joc:<\/p>\n\n\n\n<p>&#8211; Unir l&#8217;objecte amb la seva forma buida.<\/p>\n\n\n\n<p>&#8211; Ordenar en el puzle peces desordenades.<\/p>\n\n\n\n<p>&#8211; Endevinar un objecte mitjan\u00e7ant pistes.<\/p>\n\n\n\n<p>&#8211; Organitzar formes per descobrir una imatge m\u00e9s gran.<\/p>\n","protected":false},"excerpt":{"rendered":"<p>Aplicaci\u00f3 per comen\u00e7ar a desenvolupar el raonament l\u00f2gic i aprendre a seguir patrons fent puzles. Les persones han de recon\u00e8ixer les formes geom\u00e8triques de les peces i els puzles per unir-les amb<a class=\"moretag\" href=\"https:\/\/nntt2.auria.org\/index.php\/recursos\/descarregues\/per-android\/puzzle-kids\/\">Read More&#8230;<\/a><\/p>\n","protected":false},"author":1,"featured_media":0,"parent":894,"menu_order":0,"comment_status":"closed","ping_status":"closed","template":"","meta":{"footnotes":""},"class_list":["post-1965","page","type-page","status-publish","hentry"],"_links":{"self":[{"href":"https:\/\/nntt2.auria.org\/index.php\/wp-json\/wp\/v2\/pages\/1965","targetHints":{"allow":["GET"]}}],"collection":[{"href":"https:\/\/nntt2.auria.org\/index.php\/wp-json\/wp\/v2\/pages"}],"about":[{"href":"https:\/\/nntt2.auria.org\/index.php\/wp-json\/wp\/v2\/types\/page"}],"author":[{"embeddable":true,"href":"https:\/\/nntt2.auria.org\/index.php\/wp-json\/wp\/v2\/users\/1"}],"replies":[{"embeddable":true,"href":"https:\/\/nntt2.auria.org\/index.php\/wp-json\/wp\/v2\/comments?post=1965"}],"version-history":[{"count":2,"href":"https:\/\/nntt2.auria.org\/index.php\/wp-json\/wp\/v2\/pages\/1965\/revisions"}],"predecessor-version":[{"id":2064,"href":"https:\/\/nntt2.auria.org\/index.php\/wp-json\/wp\/v2\/pages\/1965\/revisions\/2064"}],"up":[{"embeddable":true,"href":"https:\/\/nntt2.auria.org\/index.php\/wp-json\/wp\/v2\/pages\/894"}],"wp:attachment":[{"href":"https:\/\/nntt2.auria.org\/index.php\/wp-json\/wp\/v2\/media?parent=1965"}],"curies":[{"name":"wp","href":"https:\/\/api.w.org\/{rel}","templated":true}]}}