{"id":1941,"date":"2020-11-30T12:00:55","date_gmt":"2020-11-30T11:00:55","guid":{"rendered":"https:\/\/nntt.auria.org\/?page_id=1941"},"modified":"2020-12-14T13:23:14","modified_gmt":"2020-12-14T12:23:14","slug":"kids-numbers","status":"publish","type":"page","link":"https:\/\/nntt2.auria.org\/index.php\/recursos\/descarregues\/per-android\/kids-numbers\/","title":{"rendered":"Kids Numbers"},"content":{"rendered":"\n<div class=\"wp-block-image\"><figure class=\"aligncenter\"><a href=\"https:\/\/play.google.com\/store\/apps\/details?id=zok.android.numbers\"><img loading=\"lazy\" decoding=\"async\" width=\"552\" height=\"315\" src=\"https:\/\/nntt2.auria.org\/wp-content\/uploads\/2020\/11\/kids-number-gran.png\" alt=\"\" class=\"wp-image-1942\" srcset=\"https:\/\/nntt2.auria.org\/wp-content\/uploads\/2020\/11\/kids-number-gran.png 552w, https:\/\/nntt2.auria.org\/wp-content\/uploads\/2020\/11\/kids-number-gran-300x171.png 300w\" sizes=\"auto, (max-width: 552px) 100vw, 552px\" \/><\/a><\/figure><\/div>\n\n\n\n<p>Amb aquesta aplicaci\u00f3 els nens en edat preescolar poden desenvolupar algunes habilitats matem\u00e0tiques. Kids Numbers and Math els permetr\u00e0 aprendre els n\u00fameros de l&#8217;un a l&#8217;vint de forma ascendent i descendent, aix\u00ed com identificar i comparar nombres, a l&#8217;haver de triar el major o el menor en algunes de les diapositives. No obstant aix\u00f2, tot i que \u00e9s una aplicaci\u00f3 dissenyada per als m\u00e9s petits, els nens grandets tamb\u00e9 podran fer-la servir ja que inclou algunes diapositives amb operacions senzilles de suma o resta. L&#8217;aplicaci\u00f3 est\u00e0 disponible en vuit idiomes, i en la seva versi\u00f3 de pagament permet fer alguns ajustos per adaptar les diapositives a el nivell de desenvolupament de cada infant.<\/p>\n","protected":false},"excerpt":{"rendered":"<p>Amb aquesta aplicaci\u00f3 els nens en edat preescolar poden desenvolupar algunes habilitats matem\u00e0tiques. Kids Numbers and Math els permetr\u00e0 aprendre els n\u00fameros de l&#8217;un a l&#8217;vint de forma ascendent i descendent, aix\u00ed<a class=\"moretag\" href=\"https:\/\/nntt2.auria.org\/index.php\/recursos\/descarregues\/per-android\/kids-numbers\/\">Read More&#8230;<\/a><\/p>\n","protected":false},"author":1,"featured_media":0,"parent":894,"menu_order":0,"comment_status":"closed","ping_status":"closed","template":"","meta":{"footnotes":""},"class_list":["post-1941","page","type-page","status-publish","hentry"],"_links":{"self":[{"href":"https:\/\/nntt2.auria.org\/index.php\/wp-json\/wp\/v2\/pages\/1941","targetHints":{"allow":["GET"]}}],"collection":[{"href":"https:\/\/nntt2.auria.org\/index.php\/wp-json\/wp\/v2\/pages"}],"about":[{"href":"https:\/\/nntt2.auria.org\/index.php\/wp-json\/wp\/v2\/types\/page"}],"author":[{"embeddable":true,"href":"https:\/\/nntt2.auria.org\/index.php\/wp-json\/wp\/v2\/users\/1"}],"replies":[{"embeddable":true,"href":"https:\/\/nntt2.auria.org\/index.php\/wp-json\/wp\/v2\/comments?post=1941"}],"version-history":[{"count":2,"href":"https:\/\/nntt2.auria.org\/index.php\/wp-json\/wp\/v2\/pages\/1941\/revisions"}],"predecessor-version":[{"id":2062,"href":"https:\/\/nntt2.auria.org\/index.php\/wp-json\/wp\/v2\/pages\/1941\/revisions\/2062"}],"up":[{"embeddable":true,"href":"https:\/\/nntt2.auria.org\/index.php\/wp-json\/wp\/v2\/pages\/894"}],"wp:attachment":[{"href":"https:\/\/nntt2.auria.org\/index.php\/wp-json\/wp\/v2\/media?parent=1941"}],"curies":[{"name":"wp","href":"https:\/\/api.w.org\/{rel}","templated":true}]}}