{"id":1935,"date":"2020-11-30T11:58:34","date_gmt":"2020-11-30T10:58:34","guid":{"rendered":"https:\/\/nntt.auria.org\/?page_id=1935"},"modified":"2020-12-14T13:22:51","modified_gmt":"2020-12-14T12:22:51","slug":"writing-wizard-2","status":"publish","type":"page","link":"https:\/\/nntt2.auria.org\/index.php\/recursos\/descarregues\/per-android\/writing-wizard-2\/","title":{"rendered":"Writing Wizard"},"content":{"rendered":"\n<div class=\"wp-block-image\"><figure class=\"aligncenter is-resized\"><a href=\"https:\/\/play.google.com\/store\/apps\/details?id=com.lescapadou.tracingfree\"><img loading=\"lazy\" decoding=\"async\" src=\"https:\/\/nntt2.auria.org\/wp-content\/uploads\/2020\/11\/Writing-Wizard-Gran.png\" alt=\"\" class=\"wp-image-1936\" width=\"552\" height=\"330\" srcset=\"https:\/\/nntt2.auria.org\/wp-content\/uploads\/2020\/11\/Writing-Wizard-Gran.png 799w, https:\/\/nntt2.auria.org\/wp-content\/uploads\/2020\/11\/Writing-Wizard-Gran-600x359.png 600w, https:\/\/nntt2.auria.org\/wp-content\/uploads\/2020\/11\/Writing-Wizard-Gran-300x179.png 300w, https:\/\/nntt2.auria.org\/wp-content\/uploads\/2020\/11\/Writing-Wizard-Gran-768x459.png 768w\" sizes=\"auto, (max-width: 552px) 100vw, 552px\" \/><\/a><\/figure><\/div>\n\n\n\n<p id=\"block-3589fa3f-b844-46d2-8763-6e4231de58ae\"><br>L\u2019assistent d\u2019escriptura \u00e9s una aplicaci\u00f3 educativa premiada que s\u2019utilitza en moltes escoles.<\/p>\n\n\n\n<p id=\"block-3589fa3f-b844-46d2-8763-6e4231de58ae\"><br>Ajuda el vostre fill a aprendre a escriure l\u2019alfabet, els n\u00fameros i les paraules mitjan\u00e7ant un divertit sistema dissenyat acuradament per mantenir la motivaci\u00f3.<\/p>\n","protected":false},"excerpt":{"rendered":"<p>L\u2019assistent d\u2019escriptura \u00e9s una aplicaci\u00f3 educativa premiada que s\u2019utilitza en moltes escoles. Ajuda el vostre fill a aprendre a escriure l\u2019alfabet, els n\u00fameros i les paraules mitjan\u00e7ant un divertit sistema dissenyat acuradament<a class=\"moretag\" href=\"https:\/\/nntt2.auria.org\/index.php\/recursos\/descarregues\/per-android\/writing-wizard-2\/\">Read More&#8230;<\/a><\/p>\n","protected":false},"author":1,"featured_media":0,"parent":894,"menu_order":0,"comment_status":"closed","ping_status":"closed","template":"","meta":{"footnotes":""},"class_list":["post-1935","page","type-page","status-publish","hentry"],"_links":{"self":[{"href":"https:\/\/nntt2.auria.org\/index.php\/wp-json\/wp\/v2\/pages\/1935","targetHints":{"allow":["GET"]}}],"collection":[{"href":"https:\/\/nntt2.auria.org\/index.php\/wp-json\/wp\/v2\/pages"}],"about":[{"href":"https:\/\/nntt2.auria.org\/index.php\/wp-json\/wp\/v2\/types\/page"}],"author":[{"embeddable":true,"href":"https:\/\/nntt2.auria.org\/index.php\/wp-json\/wp\/v2\/users\/1"}],"replies":[{"embeddable":true,"href":"https:\/\/nntt2.auria.org\/index.php\/wp-json\/wp\/v2\/comments?post=1935"}],"version-history":[{"count":2,"href":"https:\/\/nntt2.auria.org\/index.php\/wp-json\/wp\/v2\/pages\/1935\/revisions"}],"predecessor-version":[{"id":2061,"href":"https:\/\/nntt2.auria.org\/index.php\/wp-json\/wp\/v2\/pages\/1935\/revisions\/2061"}],"up":[{"embeddable":true,"href":"https:\/\/nntt2.auria.org\/index.php\/wp-json\/wp\/v2\/pages\/894"}],"wp:attachment":[{"href":"https:\/\/nntt2.auria.org\/index.php\/wp-json\/wp\/v2\/media?parent=1935"}],"curies":[{"name":"wp","href":"https:\/\/api.w.org\/{rel}","templated":true}]}}