{"id":1915,"date":"2020-11-30T11:45:58","date_gmt":"2020-11-30T10:45:58","guid":{"rendered":"https:\/\/nntt.auria.org\/?page_id=1915"},"modified":"2020-12-14T13:20:24","modified_gmt":"2020-12-14T12:20:24","slug":"code-karts","status":"publish","type":"page","link":"https:\/\/nntt2.auria.org\/index.php\/recursos\/descarregues\/code-karts\/","title":{"rendered":"Code Karts"},"content":{"rendered":"\n<div class=\"wp-block-image\"><figure class=\"aligncenter\"><a href=\"https:\/\/play.google.com\/store\/apps\/details?id=com.edokiacademy.babycoding\"><img loading=\"lazy\" decoding=\"async\" width=\"420\" height=\"316\" src=\"https:\/\/nntt2.auria.org\/wp-content\/uploads\/2020\/11\/code-Karts-gran.png\" alt=\"\" class=\"wp-image-1916\" srcset=\"https:\/\/nntt2.auria.org\/wp-content\/uploads\/2020\/11\/code-Karts-gran.png 420w, https:\/\/nntt2.auria.org\/wp-content\/uploads\/2020\/11\/code-Karts-gran-300x226.png 300w\" sizes=\"auto, (max-width: 420px) 100vw, 420px\" \/><\/a><\/figure><\/div>\n\n\n\n<p><br>Introdueix a les persones en el m\u00f3n de la programaci\u00f3 m\u00e9s b\u00e0sic\u00a0 a partir de quatre anys. Per a aix\u00f2, s&#8217;utilitzen puzles l\u00f2gics en forma de carrera i l&#8217;objectiu \u00e9s portar el cotxe fins a la l\u00ednia de meta mitjan\u00e7ant una observaci\u00f3 meticulosa de la pista i una mica de pensament l\u00f2gic.<\/p>\n","protected":false},"excerpt":{"rendered":"<p>Introdueix a les persones en el m\u00f3n de la programaci\u00f3 m\u00e9s b\u00e0sic\u00a0 a partir de quatre anys. Per a aix\u00f2, s&#8217;utilitzen puzles l\u00f2gics en forma de carrera i l&#8217;objectiu \u00e9s portar el<a class=\"moretag\" href=\"https:\/\/nntt2.auria.org\/index.php\/recursos\/descarregues\/code-karts\/\">Read More&#8230;<\/a><\/p>\n","protected":false},"author":1,"featured_media":0,"parent":890,"menu_order":0,"comment_status":"closed","ping_status":"closed","template":"","meta":{"footnotes":""},"class_list":["post-1915","page","type-page","status-publish","hentry"],"_links":{"self":[{"href":"https:\/\/nntt2.auria.org\/index.php\/wp-json\/wp\/v2\/pages\/1915","targetHints":{"allow":["GET"]}}],"collection":[{"href":"https:\/\/nntt2.auria.org\/index.php\/wp-json\/wp\/v2\/pages"}],"about":[{"href":"https:\/\/nntt2.auria.org\/index.php\/wp-json\/wp\/v2\/types\/page"}],"author":[{"embeddable":true,"href":"https:\/\/nntt2.auria.org\/index.php\/wp-json\/wp\/v2\/users\/1"}],"replies":[{"embeddable":true,"href":"https:\/\/nntt2.auria.org\/index.php\/wp-json\/wp\/v2\/comments?post=1915"}],"version-history":[{"count":2,"href":"https:\/\/nntt2.auria.org\/index.php\/wp-json\/wp\/v2\/pages\/1915\/revisions"}],"predecessor-version":[{"id":2058,"href":"https:\/\/nntt2.auria.org\/index.php\/wp-json\/wp\/v2\/pages\/1915\/revisions\/2058"}],"up":[{"embeddable":true,"href":"https:\/\/nntt2.auria.org\/index.php\/wp-json\/wp\/v2\/pages\/890"}],"wp:attachment":[{"href":"https:\/\/nntt2.auria.org\/index.php\/wp-json\/wp\/v2\/media?parent=1915"}],"curies":[{"name":"wp","href":"https:\/\/api.w.org\/{rel}","templated":true}]}}