{"id":1909,"date":"2020-11-30T11:40:48","date_gmt":"2020-11-30T10:40:48","guid":{"rendered":"https:\/\/nntt.auria.org\/?page_id=1909"},"modified":"2020-12-14T13:18:48","modified_gmt":"2020-12-14T12:18:48","slug":"las-tres-ovejas","status":"publish","type":"page","link":"https:\/\/nntt2.auria.org\/index.php\/recursos\/descarregues\/per-android\/las-tres-ovejas\/","title":{"rendered":"Las Tres Ovejas"},"content":{"rendered":"\n<div class=\"wp-block-image\"><figure class=\"aligncenter\"><a href=\"https:\/\/play.google.com\/store\/apps\/details?id=com.vw.santillanaovejas&amp;hl=es\"><img loading=\"lazy\" decoding=\"async\" width=\"502\" height=\"317\" src=\"https:\/\/nntt2.auria.org\/wp-content\/uploads\/2020\/11\/lasTresOvejasGran.png\" alt=\"\" class=\"wp-image-1910\" srcset=\"https:\/\/nntt2.auria.org\/wp-content\/uploads\/2020\/11\/lasTresOvejasGran.png 502w, https:\/\/nntt2.auria.org\/wp-content\/uploads\/2020\/11\/lasTresOvejasGran-300x189.png 300w\" sizes=\"auto, (max-width: 502px) 100vw, 502px\" \/><\/a><\/figure><\/div>\n\n\n\n<p>Felipa, Tomasa i la petita Nicolasa \u00e9s una aplicaci\u00f3 educativa amb 72 jocs destinada al fet que els nens i nenes d&#8217;entre tres i sis anys exerceixin les seves intel\u00b7lig\u00e8ncies d&#8217;una forma integral. L&#8217;aplicaci\u00f3 est\u00e0 organitzada en tres nivells i permet que els nens i nenes juguin tant de forma lliure com autoritzada per un adult. Els aven\u00e7os en el joc quedaran registrats perqu\u00e8 els nens sempre puguin veure els seus progressos en qualsevol moment.<\/p>\n","protected":false},"excerpt":{"rendered":"<p>Felipa, Tomasa i la petita Nicolasa \u00e9s una aplicaci\u00f3 educativa amb 72 jocs destinada al fet que els nens i nenes d&#8217;entre tres i sis anys exerceixin les seves intel\u00b7lig\u00e8ncies d&#8217;una forma<a class=\"moretag\" href=\"https:\/\/nntt2.auria.org\/index.php\/recursos\/descarregues\/per-android\/las-tres-ovejas\/\">Read More&#8230;<\/a><\/p>\n","protected":false},"author":1,"featured_media":0,"parent":894,"menu_order":0,"comment_status":"closed","ping_status":"closed","template":"","meta":{"footnotes":""},"class_list":["post-1909","page","type-page","status-publish","hentry"],"_links":{"self":[{"href":"https:\/\/nntt2.auria.org\/index.php\/wp-json\/wp\/v2\/pages\/1909","targetHints":{"allow":["GET"]}}],"collection":[{"href":"https:\/\/nntt2.auria.org\/index.php\/wp-json\/wp\/v2\/pages"}],"about":[{"href":"https:\/\/nntt2.auria.org\/index.php\/wp-json\/wp\/v2\/types\/page"}],"author":[{"embeddable":true,"href":"https:\/\/nntt2.auria.org\/index.php\/wp-json\/wp\/v2\/users\/1"}],"replies":[{"embeddable":true,"href":"https:\/\/nntt2.auria.org\/index.php\/wp-json\/wp\/v2\/comments?post=1909"}],"version-history":[{"count":2,"href":"https:\/\/nntt2.auria.org\/index.php\/wp-json\/wp\/v2\/pages\/1909\/revisions"}],"predecessor-version":[{"id":2057,"href":"https:\/\/nntt2.auria.org\/index.php\/wp-json\/wp\/v2\/pages\/1909\/revisions\/2057"}],"up":[{"embeddable":true,"href":"https:\/\/nntt2.auria.org\/index.php\/wp-json\/wp\/v2\/pages\/894"}],"wp:attachment":[{"href":"https:\/\/nntt2.auria.org\/index.php\/wp-json\/wp\/v2\/media?parent=1909"}],"curies":[{"name":"wp","href":"https:\/\/api.w.org\/{rel}","templated":true}]}}