{"id":1903,"date":"2020-11-30T11:37:54","date_gmt":"2020-11-30T10:37:54","guid":{"rendered":"https:\/\/nntt.auria.org\/?page_id=1903"},"modified":"2020-12-14T13:18:02","modified_gmt":"2020-12-14T12:18:02","slug":"art-of-glow","status":"publish","type":"page","link":"https:\/\/nntt2.auria.org\/index.php\/recursos\/descarregues\/per-android\/art-of-glow\/","title":{"rendered":"Art Of Glow"},"content":{"rendered":"\n<div class=\"wp-block-image\"><figure class=\"aligncenter\"><a href=\"https:\/\/play.google.com\/store\/apps\/details?id=com.natenai.artofglow&amp;hl=en_US\"><img loading=\"lazy\" decoding=\"async\" width=\"634\" height=\"316\" src=\"https:\/\/nntt2.auria.org\/wp-content\/uploads\/2020\/11\/artofGlowGran.png\" alt=\"\" class=\"wp-image-1904\" srcset=\"https:\/\/nntt2.auria.org\/wp-content\/uploads\/2020\/11\/artofGlowGran.png 634w, https:\/\/nntt2.auria.org\/wp-content\/uploads\/2020\/11\/artofGlowGran-600x299.png 600w, https:\/\/nntt2.auria.org\/wp-content\/uploads\/2020\/11\/artofGlowGran-300x150.png 300w\" sizes=\"auto, (max-width: 634px) 100vw, 634px\" \/><\/a><\/figure><\/div>\n\n\n\n<p>App per crear dibuixos divertits, originals i sorprenents a base de llums brillants i de colors. Gr\u00e0cies a una paleta de colors tipus ne\u00f3, el nen podr\u00e0 crear imatges sobre un llen\u00e7 negre i jugar amb diferents efectes. Permet el dibuix lliure o creacions a partir de segells com cors, cercles, estrelles &#8230;<\/p>\n","protected":false},"excerpt":{"rendered":"<p>App per crear dibuixos divertits, originals i sorprenents a base de llums brillants i de colors. Gr\u00e0cies a una paleta de colors tipus ne\u00f3, el nen podr\u00e0 crear imatges sobre un llen\u00e7<a class=\"moretag\" href=\"https:\/\/nntt2.auria.org\/index.php\/recursos\/descarregues\/per-android\/art-of-glow\/\">Read More&#8230;<\/a><\/p>\n","protected":false},"author":1,"featured_media":0,"parent":894,"menu_order":0,"comment_status":"closed","ping_status":"closed","template":"","meta":{"footnotes":""},"class_list":["post-1903","page","type-page","status-publish","hentry"],"_links":{"self":[{"href":"https:\/\/nntt2.auria.org\/index.php\/wp-json\/wp\/v2\/pages\/1903","targetHints":{"allow":["GET"]}}],"collection":[{"href":"https:\/\/nntt2.auria.org\/index.php\/wp-json\/wp\/v2\/pages"}],"about":[{"href":"https:\/\/nntt2.auria.org\/index.php\/wp-json\/wp\/v2\/types\/page"}],"author":[{"embeddable":true,"href":"https:\/\/nntt2.auria.org\/index.php\/wp-json\/wp\/v2\/users\/1"}],"replies":[{"embeddable":true,"href":"https:\/\/nntt2.auria.org\/index.php\/wp-json\/wp\/v2\/comments?post=1903"}],"version-history":[{"count":2,"href":"https:\/\/nntt2.auria.org\/index.php\/wp-json\/wp\/v2\/pages\/1903\/revisions"}],"predecessor-version":[{"id":2056,"href":"https:\/\/nntt2.auria.org\/index.php\/wp-json\/wp\/v2\/pages\/1903\/revisions\/2056"}],"up":[{"embeddable":true,"href":"https:\/\/nntt2.auria.org\/index.php\/wp-json\/wp\/v2\/pages\/894"}],"wp:attachment":[{"href":"https:\/\/nntt2.auria.org\/index.php\/wp-json\/wp\/v2\/media?parent=1903"}],"curies":[{"name":"wp","href":"https:\/\/api.w.org\/{rel}","templated":true}]}}