{"id":1897,"date":"2020-11-30T11:34:47","date_gmt":"2020-11-30T10:34:47","guid":{"rendered":"https:\/\/nntt.auria.org\/?page_id=1897"},"modified":"2020-12-14T13:17:13","modified_gmt":"2020-12-14T12:17:13","slug":"montessori-2","status":"publish","type":"page","link":"https:\/\/nntt2.auria.org\/index.php\/recursos\/descarregues\/per-android\/montessori-2\/","title":{"rendered":"Montessori"},"content":{"rendered":"\n<div class=\"wp-block-image\"><figure class=\"aligncenter\"><a href=\"https:\/\/play.google.com\/store\/apps\/details?id=air.com.rosapp.autumn&amp;gl=ES\"><img loading=\"lazy\" decoding=\"async\" width=\"383\" height=\"309\" src=\"https:\/\/nntt2.auria.org\/wp-content\/uploads\/2020\/11\/montessoriGran.png\" alt=\"\" class=\"wp-image-1898\" srcset=\"https:\/\/nntt2.auria.org\/wp-content\/uploads\/2020\/11\/montessoriGran.png 383w, https:\/\/nntt2.auria.org\/wp-content\/uploads\/2020\/11\/montessoriGran-300x242.png 300w\" sizes=\"auto, (max-width: 383px) 100vw, 383px\" \/><\/a><\/figure><\/div>\n\n\n\n<p>Es tracta d&#8217;una aplicaci\u00f3 educativa per a realitzar trencaclosques i composicions art\u00edstiques inspirades en elements que es poden trobar a la natura durant la tardor, com ara fulles seques, palets, branques, llavors, fruits &#8230; Encara que potser siguin els nens en edat preescolar qui m\u00e9s la gaudeixin, aquesta app no \u200b\u200bt\u00e9 l\u00edmit d&#8217;edat, ja que \u00e9s una excel\u00b7lent manera de fomentar la creativitat i despertar el seu amor i respecte per la natura.<\/p>\n","protected":false},"excerpt":{"rendered":"<p>Es tracta d&#8217;una aplicaci\u00f3 educativa per a realitzar trencaclosques i composicions art\u00edstiques inspirades en elements que es poden trobar a la natura durant la tardor, com ara fulles seques, palets, branques, llavors,<a class=\"moretag\" href=\"https:\/\/nntt2.auria.org\/index.php\/recursos\/descarregues\/per-android\/montessori-2\/\">Read More&#8230;<\/a><\/p>\n","protected":false},"author":1,"featured_media":0,"parent":894,"menu_order":0,"comment_status":"closed","ping_status":"closed","template":"","meta":{"footnotes":""},"class_list":["post-1897","page","type-page","status-publish","hentry"],"_links":{"self":[{"href":"https:\/\/nntt2.auria.org\/index.php\/wp-json\/wp\/v2\/pages\/1897","targetHints":{"allow":["GET"]}}],"collection":[{"href":"https:\/\/nntt2.auria.org\/index.php\/wp-json\/wp\/v2\/pages"}],"about":[{"href":"https:\/\/nntt2.auria.org\/index.php\/wp-json\/wp\/v2\/types\/page"}],"author":[{"embeddable":true,"href":"https:\/\/nntt2.auria.org\/index.php\/wp-json\/wp\/v2\/users\/1"}],"replies":[{"embeddable":true,"href":"https:\/\/nntt2.auria.org\/index.php\/wp-json\/wp\/v2\/comments?post=1897"}],"version-history":[{"count":2,"href":"https:\/\/nntt2.auria.org\/index.php\/wp-json\/wp\/v2\/pages\/1897\/revisions"}],"predecessor-version":[{"id":2055,"href":"https:\/\/nntt2.auria.org\/index.php\/wp-json\/wp\/v2\/pages\/1897\/revisions\/2055"}],"up":[{"embeddable":true,"href":"https:\/\/nntt2.auria.org\/index.php\/wp-json\/wp\/v2\/pages\/894"}],"wp:attachment":[{"href":"https:\/\/nntt2.auria.org\/index.php\/wp-json\/wp\/v2\/media?parent=1897"}],"curies":[{"name":"wp","href":"https:\/\/api.w.org\/{rel}","templated":true}]}}