{"id":1889,"date":"2020-11-30T11:10:03","date_gmt":"2020-11-30T10:10:03","guid":{"rendered":"https:\/\/nntt.auria.org\/?page_id=1889"},"modified":"2020-12-14T13:16:42","modified_gmt":"2020-12-14T12:16:42","slug":"puzles-silueta-2","status":"publish","type":"page","link":"https:\/\/nntt2.auria.org\/index.php\/recursos\/descarregues\/per-android\/puzles-silueta-2\/","title":{"rendered":"Puzles silueta"},"content":{"rendered":"\n<div class=\"wp-block-image\"><figure class=\"aligncenter\"><a href=\"https:\/\/play.google.com\/store\/apps\/details?id=com.edujoy.Baby_puzzles&amp;hl=es\"><img loading=\"lazy\" decoding=\"async\" width=\"648\" height=\"323\" src=\"https:\/\/nntt2.auria.org\/wp-content\/uploads\/2020\/11\/PuzlesSiluetaGran.png\" alt=\"\" class=\"wp-image-1890\" srcset=\"https:\/\/nntt2.auria.org\/wp-content\/uploads\/2020\/11\/PuzlesSiluetaGran.png 648w, https:\/\/nntt2.auria.org\/wp-content\/uploads\/2020\/11\/PuzlesSiluetaGran-600x299.png 600w, https:\/\/nntt2.auria.org\/wp-content\/uploads\/2020\/11\/PuzlesSiluetaGran-300x150.png 300w\" sizes=\"auto, (max-width: 648px) 100vw, 648px\" \/><\/a><\/figure><\/div>\n\n\n\n<p>Ja pots gaudir dels famosos trencaclosques de siluetes de fusta!<\/p>\n\n\n\n<p>Baby puzles \u00e9s un joc educatiu i divertit per a nens i nenes d&#8217;edat primerenca. Es tracta de diferents puzles de fusta amb tem\u00e0tiques diverses en qu\u00e8 el nen ha de inserir les peces en el lloc corresponent.<\/p>\n","protected":false},"excerpt":{"rendered":"<p>Ja pots gaudir dels famosos trencaclosques de siluetes de fusta! Baby puzles \u00e9s un joc educatiu i divertit per a nens i nenes d&#8217;edat primerenca. Es tracta de diferents puzles de fusta<a class=\"moretag\" href=\"https:\/\/nntt2.auria.org\/index.php\/recursos\/descarregues\/per-android\/puzles-silueta-2\/\">Read More&#8230;<\/a><\/p>\n","protected":false},"author":1,"featured_media":0,"parent":894,"menu_order":0,"comment_status":"closed","ping_status":"closed","template":"","meta":{"footnotes":""},"class_list":["post-1889","page","type-page","status-publish","hentry"],"_links":{"self":[{"href":"https:\/\/nntt2.auria.org\/index.php\/wp-json\/wp\/v2\/pages\/1889","targetHints":{"allow":["GET"]}}],"collection":[{"href":"https:\/\/nntt2.auria.org\/index.php\/wp-json\/wp\/v2\/pages"}],"about":[{"href":"https:\/\/nntt2.auria.org\/index.php\/wp-json\/wp\/v2\/types\/page"}],"author":[{"embeddable":true,"href":"https:\/\/nntt2.auria.org\/index.php\/wp-json\/wp\/v2\/users\/1"}],"replies":[{"embeddable":true,"href":"https:\/\/nntt2.auria.org\/index.php\/wp-json\/wp\/v2\/comments?post=1889"}],"version-history":[{"count":2,"href":"https:\/\/nntt2.auria.org\/index.php\/wp-json\/wp\/v2\/pages\/1889\/revisions"}],"predecessor-version":[{"id":2054,"href":"https:\/\/nntt2.auria.org\/index.php\/wp-json\/wp\/v2\/pages\/1889\/revisions\/2054"}],"up":[{"embeddable":true,"href":"https:\/\/nntt2.auria.org\/index.php\/wp-json\/wp\/v2\/pages\/894"}],"wp:attachment":[{"href":"https:\/\/nntt2.auria.org\/index.php\/wp-json\/wp\/v2\/media?parent=1889"}],"curies":[{"name":"wp","href":"https:\/\/api.w.org\/{rel}","templated":true}]}}