{"id":1884,"date":"2020-11-30T11:07:27","date_gmt":"2020-11-30T10:07:27","guid":{"rendered":"https:\/\/nntt.auria.org\/?page_id=1884"},"modified":"2020-12-14T13:09:47","modified_gmt":"2020-12-14T12:09:47","slug":"fruit-ninja","status":"publish","type":"page","link":"https:\/\/nntt2.auria.org\/index.php\/recursos\/descarregues\/per-android\/fruit-ninja\/","title":{"rendered":"Fruit ninja"},"content":{"rendered":"\n<div class=\"wp-block-image\"><figure class=\"aligncenter\"><a href=\"https:\/\/play.google.com\/store\/apps\/details?id=com.halfbrick.fruitninjafree&amp;hl=es\"><img loading=\"lazy\" decoding=\"async\" width=\"556\" height=\"315\" src=\"https:\/\/nntt2.auria.org\/wp-content\/uploads\/2020\/11\/fruitNinjaGran.png\" alt=\"\" class=\"wp-image-1885\" srcset=\"https:\/\/nntt2.auria.org\/wp-content\/uploads\/2020\/11\/fruitNinjaGran.png 556w, https:\/\/nntt2.auria.org\/wp-content\/uploads\/2020\/11\/fruitNinjaGran-300x170.png 300w\" sizes=\"auto, (max-width: 556px) 100vw, 556px\" \/><\/a><\/figure><\/div>\n\n\n\n<p>Talla fruita, no tallis bombes, aix\u00f2 \u00e9s tot el que cal saber per comen\u00e7ar amb l\u2019addictiu joc d&#8217;acci\u00f3 Fruit Ninja! Desafia\u2019t a tu mateix i observa fins on pots arribar en la manera Cl\u00e0ssic, supera la teva puntuaci\u00f3 en la manera Arcade o simplement practica les teves habilitats de tall de fruites en la manera zen.<\/p>\n","protected":false},"excerpt":{"rendered":"<p>Talla fruita, no tallis bombes, aix\u00f2 \u00e9s tot el que cal saber per comen\u00e7ar amb l\u2019addictiu joc d&#8217;acci\u00f3 Fruit Ninja! Desafia\u2019t a tu mateix i observa fins on pots arribar en la<a class=\"moretag\" href=\"https:\/\/nntt2.auria.org\/index.php\/recursos\/descarregues\/per-android\/fruit-ninja\/\">Read More&#8230;<\/a><\/p>\n","protected":false},"author":1,"featured_media":0,"parent":894,"menu_order":0,"comment_status":"closed","ping_status":"closed","template":"","meta":{"footnotes":""},"class_list":["post-1884","page","type-page","status-publish","hentry"],"_links":{"self":[{"href":"https:\/\/nntt2.auria.org\/index.php\/wp-json\/wp\/v2\/pages\/1884","targetHints":{"allow":["GET"]}}],"collection":[{"href":"https:\/\/nntt2.auria.org\/index.php\/wp-json\/wp\/v2\/pages"}],"about":[{"href":"https:\/\/nntt2.auria.org\/index.php\/wp-json\/wp\/v2\/types\/page"}],"author":[{"embeddable":true,"href":"https:\/\/nntt2.auria.org\/index.php\/wp-json\/wp\/v2\/users\/1"}],"replies":[{"embeddable":true,"href":"https:\/\/nntt2.auria.org\/index.php\/wp-json\/wp\/v2\/comments?post=1884"}],"version-history":[{"count":2,"href":"https:\/\/nntt2.auria.org\/index.php\/wp-json\/wp\/v2\/pages\/1884\/revisions"}],"predecessor-version":[{"id":2053,"href":"https:\/\/nntt2.auria.org\/index.php\/wp-json\/wp\/v2\/pages\/1884\/revisions\/2053"}],"up":[{"embeddable":true,"href":"https:\/\/nntt2.auria.org\/index.php\/wp-json\/wp\/v2\/pages\/894"}],"wp:attachment":[{"href":"https:\/\/nntt2.auria.org\/index.php\/wp-json\/wp\/v2\/media?parent=1884"}],"curies":[{"name":"wp","href":"https:\/\/api.w.org\/{rel}","templated":true}]}}