{"id":1878,"date":"2020-11-30T11:05:03","date_gmt":"2020-11-30T10:05:03","guid":{"rendered":"https:\/\/nntt.auria.org\/?page_id=1878"},"modified":"2020-12-14T13:09:20","modified_gmt":"2020-12-14T12:09:20","slug":"story-dice","status":"publish","type":"page","link":"https:\/\/nntt2.auria.org\/index.php\/recursos\/descarregues\/per-android\/story-dice\/","title":{"rendered":"Story Dice"},"content":{"rendered":"\n<div class=\"wp-block-image\"><figure class=\"aligncenter\"><a href=\"https:\/\/play.google.com\/store\/apps\/details?id=com.zuidsoft.storystones&amp;hl=es\"><img loading=\"lazy\" decoding=\"async\" width=\"644\" height=\"317\" src=\"https:\/\/nntt2.auria.org\/wp-content\/uploads\/2020\/11\/story-dice-Gran-1.png\" alt=\"\" class=\"wp-image-1879\" srcset=\"https:\/\/nntt2.auria.org\/wp-content\/uploads\/2020\/11\/story-dice-Gran-1.png 644w, https:\/\/nntt2.auria.org\/wp-content\/uploads\/2020\/11\/story-dice-Gran-1-600x295.png 600w, https:\/\/nntt2.auria.org\/wp-content\/uploads\/2020\/11\/story-dice-Gran-1-300x148.png 300w\" sizes=\"auto, (max-width: 644px) 100vw, 644px\" \/><\/a><\/figure><\/div>\n\n\n\n<p>App desenvolupada per inventar hist\u00f2ries basades en les imatges que apareixen als daus. Disposa de varies opcions de configuraci\u00f3 com: escollir varies tem\u00e0tiques, quantitat de daus, etc.<\/p>\n","protected":false},"excerpt":{"rendered":"<p>App desenvolupada per inventar hist\u00f2ries basades en les imatges que apareixen als daus. Disposa de varies opcions de configuraci\u00f3 com: escollir varies tem\u00e0tiques, quantitat de daus, etc.<\/p>\n","protected":false},"author":1,"featured_media":0,"parent":894,"menu_order":0,"comment_status":"closed","ping_status":"closed","template":"","meta":{"footnotes":""},"class_list":["post-1878","page","type-page","status-publish","hentry"],"_links":{"self":[{"href":"https:\/\/nntt2.auria.org\/index.php\/wp-json\/wp\/v2\/pages\/1878","targetHints":{"allow":["GET"]}}],"collection":[{"href":"https:\/\/nntt2.auria.org\/index.php\/wp-json\/wp\/v2\/pages"}],"about":[{"href":"https:\/\/nntt2.auria.org\/index.php\/wp-json\/wp\/v2\/types\/page"}],"author":[{"embeddable":true,"href":"https:\/\/nntt2.auria.org\/index.php\/wp-json\/wp\/v2\/users\/1"}],"replies":[{"embeddable":true,"href":"https:\/\/nntt2.auria.org\/index.php\/wp-json\/wp\/v2\/comments?post=1878"}],"version-history":[{"count":2,"href":"https:\/\/nntt2.auria.org\/index.php\/wp-json\/wp\/v2\/pages\/1878\/revisions"}],"predecessor-version":[{"id":2052,"href":"https:\/\/nntt2.auria.org\/index.php\/wp-json\/wp\/v2\/pages\/1878\/revisions\/2052"}],"up":[{"embeddable":true,"href":"https:\/\/nntt2.auria.org\/index.php\/wp-json\/wp\/v2\/pages\/894"}],"wp:attachment":[{"href":"https:\/\/nntt2.auria.org\/index.php\/wp-json\/wp\/v2\/media?parent=1878"}],"curies":[{"name":"wp","href":"https:\/\/api.w.org\/{rel}","templated":true}]}}