{"id":1866,"date":"2020-11-30T10:56:39","date_gmt":"2020-11-30T09:56:39","guid":{"rendered":"https:\/\/nntt.auria.org\/?page_id=1866"},"modified":"2020-12-14T13:07:09","modified_gmt":"2020-12-14T12:07:09","slug":"tangram-2","status":"publish","type":"page","link":"https:\/\/nntt2.auria.org\/index.php\/recursos\/descarregues\/per-android\/tangram-2\/","title":{"rendered":"Tangram"},"content":{"rendered":"\n<div class=\"wp-block-image\"><figure class=\"aligncenter\"><img loading=\"lazy\" decoding=\"async\" width=\"580\" height=\"317\" src=\"https:\/\/nntt2.auria.org\/wp-content\/uploads\/2020\/11\/tangramGran.png\" alt=\"\" class=\"wp-image-1867\" srcset=\"https:\/\/nntt2.auria.org\/wp-content\/uploads\/2020\/11\/tangramGran.png 580w, https:\/\/nntt2.auria.org\/wp-content\/uploads\/2020\/11\/tangramGran-300x164.png 300w\" sizes=\"auto, (max-width: 580px) 100vw, 580px\" \/><\/figure><\/div>\n\n\n\n<p>Tangram \u00e9s una esp\u00e8cie de trencaclosques molt simple, pensat per als m\u00e9s petits de casa. L&#8217;aplicaci\u00f3 es basa en un joc xin\u00e8s molt antic que consisteix a formar siluetes de figures amb set peces, per\u00f2 sense solapar-les. B\u00e0sicament, els nens han d&#8217;anar situant cadascuna de les peces en la posici\u00f3 adequada fins a completar les figures que apareixen en cada un dels nivells. \u00c9s un bon exercici per apropar als petits a les figures geom\u00e8triques des de molt jove i estimular el pensament l\u00f2gic i l&#8217;orientaci\u00f3 espacial. No obstant aix\u00f2, tamb\u00e9 \u00e9s una aplicaci\u00f3 molt \u00fatil per fomentar el desenvolupament de les habilitats motores fines i la coordinaci\u00f3 oculomanual<\/p>\n","protected":false},"excerpt":{"rendered":"<p>Tangram \u00e9s una esp\u00e8cie de trencaclosques molt simple, pensat per als m\u00e9s petits de casa. L&#8217;aplicaci\u00f3 es basa en un joc xin\u00e8s molt antic que consisteix a formar siluetes de figures amb<a class=\"moretag\" href=\"https:\/\/nntt2.auria.org\/index.php\/recursos\/descarregues\/per-android\/tangram-2\/\">Read More&#8230;<\/a><\/p>\n","protected":false},"author":1,"featured_media":0,"parent":894,"menu_order":0,"comment_status":"closed","ping_status":"closed","template":"","meta":{"footnotes":""},"class_list":["post-1866","page","type-page","status-publish","hentry"],"_links":{"self":[{"href":"https:\/\/nntt2.auria.org\/index.php\/wp-json\/wp\/v2\/pages\/1866","targetHints":{"allow":["GET"]}}],"collection":[{"href":"https:\/\/nntt2.auria.org\/index.php\/wp-json\/wp\/v2\/pages"}],"about":[{"href":"https:\/\/nntt2.auria.org\/index.php\/wp-json\/wp\/v2\/types\/page"}],"author":[{"embeddable":true,"href":"https:\/\/nntt2.auria.org\/index.php\/wp-json\/wp\/v2\/users\/1"}],"replies":[{"embeddable":true,"href":"https:\/\/nntt2.auria.org\/index.php\/wp-json\/wp\/v2\/comments?post=1866"}],"version-history":[{"count":3,"href":"https:\/\/nntt2.auria.org\/index.php\/wp-json\/wp\/v2\/pages\/1866\/revisions"}],"predecessor-version":[{"id":2050,"href":"https:\/\/nntt2.auria.org\/index.php\/wp-json\/wp\/v2\/pages\/1866\/revisions\/2050"}],"up":[{"embeddable":true,"href":"https:\/\/nntt2.auria.org\/index.php\/wp-json\/wp\/v2\/pages\/894"}],"wp:attachment":[{"href":"https:\/\/nntt2.auria.org\/index.php\/wp-json\/wp\/v2\/media?parent=1866"}],"curies":[{"name":"wp","href":"https:\/\/api.w.org\/{rel}","templated":true}]}}