{"id":1858,"date":"2020-11-30T10:51:03","date_gmt":"2020-11-30T09:51:03","guid":{"rendered":"https:\/\/nntt.auria.org\/?page_id=1858"},"modified":"2020-12-14T12:58:54","modified_gmt":"2020-12-14T11:58:54","slug":"simons-diu","status":"publish","type":"page","link":"https:\/\/nntt2.auria.org\/index.php\/recursos\/descarregues\/per-android\/simons-diu\/","title":{"rendered":"Simons diu"},"content":{"rendered":"\n<div class=\"wp-block-image\"><figure class=\"aligncenter\"><a href=\"https:\/\/play.google.com\/store\/apps\/details?id=hackman.trevor.copycat\"><img loading=\"lazy\" decoding=\"async\" width=\"643\" height=\"318\" src=\"https:\/\/nntt2.auria.org\/wp-content\/uploads\/2020\/11\/simonsGran.png\" alt=\"\" class=\"wp-image-1859\" srcset=\"https:\/\/nntt2.auria.org\/wp-content\/uploads\/2020\/11\/simonsGran.png 643w, https:\/\/nntt2.auria.org\/wp-content\/uploads\/2020\/11\/simonsGran-600x297.png 600w, https:\/\/nntt2.auria.org\/wp-content\/uploads\/2020\/11\/simonsGran-300x148.png 300w\" sizes=\"auto, (max-width: 643px) 100vw, 643px\" \/><\/a><\/figure><\/div>\n\n\n\n<p>Fins on pot arribar? Mira com els colors s&#8217;il\u00b7luminen mentre escoltes les notes. Intenta repetir la seq\u00fc\u00e8ncia que es fa m\u00e9s llarga amb cada ronda. Configuraci\u00f3 de la velocitat de Normal a Insane!<\/p>\n\n\n\n<p>La millor versi\u00f3 del cl\u00e0ssic joc Simon dels anys 80, un joc senzill i divertit de mem\u00f2ria de colors i melodies. El joc de mem\u00f2ria de 4 colors. Augmenta el poder del cervell amb aquest exercici visual, auditiu i cin\u00e8tic ! Una varietat de conjunts de colors que podeu triar entre els quatre colors cl\u00e0ssics: vermell, blau, groc i verd. El retrat i el paisatge s\u00f3n compatibles. Les tauletes s\u00f3n compatibles. No hi ha anuncis de v\u00eddeo. Anuncis limitats que es poden eliminar. El joc de quatre colors en mem\u00f2ria.<\/p>\n","protected":false},"excerpt":{"rendered":"<p>Fins on pot arribar? Mira com els colors s&#8217;il\u00b7luminen mentre escoltes les notes. Intenta repetir la seq\u00fc\u00e8ncia que es fa m\u00e9s llarga amb cada ronda. Configuraci\u00f3 de la velocitat de Normal a<a class=\"moretag\" href=\"https:\/\/nntt2.auria.org\/index.php\/recursos\/descarregues\/per-android\/simons-diu\/\">Read More&#8230;<\/a><\/p>\n","protected":false},"author":1,"featured_media":0,"parent":894,"menu_order":0,"comment_status":"closed","ping_status":"closed","template":"","meta":{"footnotes":""},"class_list":["post-1858","page","type-page","status-publish","hentry"],"_links":{"self":[{"href":"https:\/\/nntt2.auria.org\/index.php\/wp-json\/wp\/v2\/pages\/1858","targetHints":{"allow":["GET"]}}],"collection":[{"href":"https:\/\/nntt2.auria.org\/index.php\/wp-json\/wp\/v2\/pages"}],"about":[{"href":"https:\/\/nntt2.auria.org\/index.php\/wp-json\/wp\/v2\/types\/page"}],"author":[{"embeddable":true,"href":"https:\/\/nntt2.auria.org\/index.php\/wp-json\/wp\/v2\/users\/1"}],"replies":[{"embeddable":true,"href":"https:\/\/nntt2.auria.org\/index.php\/wp-json\/wp\/v2\/comments?post=1858"}],"version-history":[{"count":3,"href":"https:\/\/nntt2.auria.org\/index.php\/wp-json\/wp\/v2\/pages\/1858\/revisions"}],"predecessor-version":[{"id":2046,"href":"https:\/\/nntt2.auria.org\/index.php\/wp-json\/wp\/v2\/pages\/1858\/revisions\/2046"}],"up":[{"embeddable":true,"href":"https:\/\/nntt2.auria.org\/index.php\/wp-json\/wp\/v2\/pages\/894"}],"wp:attachment":[{"href":"https:\/\/nntt2.auria.org\/index.php\/wp-json\/wp\/v2\/media?parent=1858"}],"curies":[{"name":"wp","href":"https:\/\/api.w.org\/{rel}","templated":true}]}}