{"id":1854,"date":"2020-11-30T10:48:53","date_gmt":"2020-11-30T09:48:53","guid":{"rendered":"https:\/\/nntt.auria.org\/?page_id=1854"},"modified":"2020-12-14T12:58:59","modified_gmt":"2020-12-14T11:58:59","slug":"match-up-2","status":"publish","type":"page","link":"https:\/\/nntt2.auria.org\/index.php\/recursos\/descarregues\/per-android\/match-up-2\/","title":{"rendered":"Match UP"},"content":{"rendered":"\n<div class=\"wp-block-image\"><figure class=\"aligncenter\"><a href=\"https:\/\/play.google.com\/store\/apps\/details?id=biz.paoro.pea\"><img loading=\"lazy\" decoding=\"async\" width=\"649\" height=\"316\" src=\"https:\/\/nntt2.auria.org\/wp-content\/uploads\/2020\/11\/match-up-gran.png\" alt=\"\" class=\"wp-image-1855\" srcset=\"https:\/\/nntt2.auria.org\/wp-content\/uploads\/2020\/11\/match-up-gran.png 649w, https:\/\/nntt2.auria.org\/wp-content\/uploads\/2020\/11\/match-up-gran-600x292.png 600w, https:\/\/nntt2.auria.org\/wp-content\/uploads\/2020\/11\/match-up-gran-300x146.png 300w\" sizes=\"auto, (max-width: 649px) 100vw, 649px\" \/><\/a><\/figure><\/div>\n\n\n\n<p>Match Up, tamb\u00e9 conegut com <strong>memori<\/strong>, \u00e9s un joc de cartes en qu\u00e8 totes les cartes es col\u00b7loquen cap per avall sobre una superf\u00edcie i dues cartes es voltegen cap per amunt en cada girar. L&#8217;objectiu del joc \u00e9s convertir a trav\u00e9s de parells de cartes del mateix valor. El joc acaba quan l&#8217;\u00faltim parell ha estat recollit.<\/p>\n\n\n\n<p><\/p>\n","protected":false},"excerpt":{"rendered":"<p>Match Up, tamb\u00e9 conegut com memori, \u00e9s un joc de cartes en qu\u00e8 totes les cartes es col\u00b7loquen cap per avall sobre una superf\u00edcie i dues cartes es voltegen cap per amunt<a class=\"moretag\" href=\"https:\/\/nntt2.auria.org\/index.php\/recursos\/descarregues\/per-android\/match-up-2\/\">Read More&#8230;<\/a><\/p>\n","protected":false},"author":1,"featured_media":0,"parent":894,"menu_order":0,"comment_status":"closed","ping_status":"closed","template":"","meta":{"footnotes":""},"class_list":["post-1854","page","type-page","status-publish","hentry"],"_links":{"self":[{"href":"https:\/\/nntt2.auria.org\/index.php\/wp-json\/wp\/v2\/pages\/1854","targetHints":{"allow":["GET"]}}],"collection":[{"href":"https:\/\/nntt2.auria.org\/index.php\/wp-json\/wp\/v2\/pages"}],"about":[{"href":"https:\/\/nntt2.auria.org\/index.php\/wp-json\/wp\/v2\/types\/page"}],"author":[{"embeddable":true,"href":"https:\/\/nntt2.auria.org\/index.php\/wp-json\/wp\/v2\/users\/1"}],"replies":[{"embeddable":true,"href":"https:\/\/nntt2.auria.org\/index.php\/wp-json\/wp\/v2\/comments?post=1854"}],"version-history":[{"count":4,"href":"https:\/\/nntt2.auria.org\/index.php\/wp-json\/wp\/v2\/pages\/1854\/revisions"}],"predecessor-version":[{"id":2047,"href":"https:\/\/nntt2.auria.org\/index.php\/wp-json\/wp\/v2\/pages\/1854\/revisions\/2047"}],"up":[{"embeddable":true,"href":"https:\/\/nntt2.auria.org\/index.php\/wp-json\/wp\/v2\/pages\/894"}],"wp:attachment":[{"href":"https:\/\/nntt2.auria.org\/index.php\/wp-json\/wp\/v2\/media?parent=1854"}],"curies":[{"name":"wp","href":"https:\/\/api.w.org\/{rel}","templated":true}]}}