{"id":1825,"date":"2020-11-13T17:34:28","date_gmt":"2020-11-13T16:34:28","guid":{"rendered":"https:\/\/nntt.auria.org\/?page_id=1825"},"modified":"2020-12-11T15:58:43","modified_gmt":"2020-12-11T14:58:43","slug":"any-book","status":"publish","type":"page","link":"https:\/\/nntt2.auria.org\/index.php\/recursos\/material-tecnologic\/any-book\/","title":{"rendered":"Any Book"},"content":{"rendered":"\n<div class=\"wp-block-media-text alignwide is-stacked-on-mobile\" style=\"grid-template-columns:36% auto\"><figure class=\"wp-block-media-text__media\"><img loading=\"lazy\" decoding=\"async\" width=\"600\" height=\"600\" src=\"https:\/\/nntt2.auria.org\/wp-content\/uploads\/2020\/11\/anybook2.jpg\" alt=\"\" class=\"wp-image-1826\" srcset=\"https:\/\/nntt2.auria.org\/wp-content\/uploads\/2020\/11\/anybook2.jpg 600w, https:\/\/nntt2.auria.org\/wp-content\/uploads\/2020\/11\/anybook2-300x300.jpg 300w, https:\/\/nntt2.auria.org\/wp-content\/uploads\/2020\/11\/anybook2-100x100.jpg 100w, https:\/\/nntt2.auria.org\/wp-content\/uploads\/2020\/11\/anybook2-150x150.jpg 150w\" sizes=\"auto, (max-width: 600px) 100vw, 600px\" \/><\/figure><div class=\"wp-block-media-text__content\">\n<p class=\"has-medium-font-size\">\u00c9s un dispositiu electr\u00f2nic d&#8217;enregistrament i reproducci\u00f3 de so amb lector \u00f2ptic per llegir missatges associats a adhesius. <\/p>\n\n\n\n<p class=\"has-medium-font-size\">Amb aquest aparell amb forma de llapis podrem gravar i escoltar missatges pr\u00e8viament enregistrats a trav\u00e9s de les enganxines especials que porta.<\/p>\n\n\n\n<p class=\"has-medium-font-size\">Aix\u00f2 ens permetr\u00e0 realitzar una gran varietat d&#8217;activitats diferents: Gimcanes, activitats de lectura, activitats de pregunta resposta, etc.<\/p>\n<\/div><\/div>\n\n\n\n<p><\/p>\n","protected":false},"excerpt":{"rendered":"<p>\u00c9s un dispositiu electr\u00f2nic d&#8217;enregistrament i reproducci\u00f3 de so amb lector \u00f2ptic per llegir missatges associats a adhesius. Amb aquest aparell amb forma de llapis podrem gravar i escoltar missatges pr\u00e8viament enregistrats<a class=\"moretag\" href=\"https:\/\/nntt2.auria.org\/index.php\/recursos\/material-tecnologic\/any-book\/\">Read More&#8230;<\/a><\/p>\n","protected":false},"author":1,"featured_media":0,"parent":2,"menu_order":0,"comment_status":"closed","ping_status":"closed","template":"","meta":{"footnotes":""},"class_list":["post-1825","page","type-page","status-publish","hentry"],"_links":{"self":[{"href":"https:\/\/nntt2.auria.org\/index.php\/wp-json\/wp\/v2\/pages\/1825","targetHints":{"allow":["GET"]}}],"collection":[{"href":"https:\/\/nntt2.auria.org\/index.php\/wp-json\/wp\/v2\/pages"}],"about":[{"href":"https:\/\/nntt2.auria.org\/index.php\/wp-json\/wp\/v2\/types\/page"}],"author":[{"embeddable":true,"href":"https:\/\/nntt2.auria.org\/index.php\/wp-json\/wp\/v2\/users\/1"}],"replies":[{"embeddable":true,"href":"https:\/\/nntt2.auria.org\/index.php\/wp-json\/wp\/v2\/comments?post=1825"}],"version-history":[{"count":1,"href":"https:\/\/nntt2.auria.org\/index.php\/wp-json\/wp\/v2\/pages\/1825\/revisions"}],"predecessor-version":[{"id":1827,"href":"https:\/\/nntt2.auria.org\/index.php\/wp-json\/wp\/v2\/pages\/1825\/revisions\/1827"}],"up":[{"embeddable":true,"href":"https:\/\/nntt2.auria.org\/index.php\/wp-json\/wp\/v2\/pages\/2"}],"wp:attachment":[{"href":"https:\/\/nntt2.auria.org\/index.php\/wp-json\/wp\/v2\/media?parent=1825"}],"curies":[{"name":"wp","href":"https:\/\/api.w.org\/{rel}","templated":true}]}}