{"id":1803,"date":"2020-11-13T10:15:23","date_gmt":"2020-11-13T09:15:23","guid":{"rendered":"https:\/\/nntt.auria.org\/?page_id=1803"},"modified":"2020-12-14T12:53:52","modified_gmt":"2020-12-14T11:53:52","slug":"google-spotlight-stories","status":"publish","type":"page","link":"https:\/\/nntt2.auria.org\/index.php\/recursos\/descarregues\/per-android\/google-spotlight-stories\/","title":{"rendered":"Google Spotlight Stories"},"content":{"rendered":"\n<div class=\"wp-block-image\"><figure class=\"aligncenter\"><a href=\"https:\/\/play.google.com\/store\/apps\/details?id=com.google.android.spotlightstories&amp;gl=ES\"><img loading=\"lazy\" decoding=\"async\" width=\"643\" height=\"317\" src=\"https:\/\/nntt2.auria.org\/wp-content\/uploads\/2020\/11\/spotlight2.png\" alt=\"\" class=\"wp-image-1804\" srcset=\"https:\/\/nntt2.auria.org\/wp-content\/uploads\/2020\/11\/spotlight2.png 643w, https:\/\/nntt2.auria.org\/wp-content\/uploads\/2020\/11\/spotlight2-600x296.png 600w, https:\/\/nntt2.auria.org\/wp-content\/uploads\/2020\/11\/spotlight2-300x148.png 300w\" sizes=\"auto, (max-width: 643px) 100vw, 643px\" \/><\/a><\/figure><\/div>\n\n\n\n<p>Gaudeix de petites hist\u00f2ries il\u00b7lustrades. Est\u00e0 en angl\u00e8s per\u00f2 s\u00f3n tan boniques est\u00e8ticament que val la pena veure-les.<\/p>\n\n\n\n<p>Podreu descarregar el joc utilitzant aquest <a href=\"https:\/\/play.google.com\/store\/apps\/details?id=com.google.android.spotlightstories&amp;gl=ES\">enlla\u00e7<\/a>.<\/p>\n","protected":false},"excerpt":{"rendered":"<p>Gaudeix de petites hist\u00f2ries il\u00b7lustrades. Est\u00e0 en angl\u00e8s per\u00f2 s\u00f3n tan boniques est\u00e8ticament que val la pena veure-les. Podreu descarregar el joc utilitzant aquest enlla\u00e7.<\/p>\n","protected":false},"author":1,"featured_media":0,"parent":894,"menu_order":0,"comment_status":"closed","ping_status":"closed","template":"","meta":{"footnotes":""},"class_list":["post-1803","page","type-page","status-publish","hentry"],"_links":{"self":[{"href":"https:\/\/nntt2.auria.org\/index.php\/wp-json\/wp\/v2\/pages\/1803","targetHints":{"allow":["GET"]}}],"collection":[{"href":"https:\/\/nntt2.auria.org\/index.php\/wp-json\/wp\/v2\/pages"}],"about":[{"href":"https:\/\/nntt2.auria.org\/index.php\/wp-json\/wp\/v2\/types\/page"}],"author":[{"embeddable":true,"href":"https:\/\/nntt2.auria.org\/index.php\/wp-json\/wp\/v2\/users\/1"}],"replies":[{"embeddable":true,"href":"https:\/\/nntt2.auria.org\/index.php\/wp-json\/wp\/v2\/comments?post=1803"}],"version-history":[{"count":2,"href":"https:\/\/nntt2.auria.org\/index.php\/wp-json\/wp\/v2\/pages\/1803\/revisions"}],"predecessor-version":[{"id":2040,"href":"https:\/\/nntt2.auria.org\/index.php\/wp-json\/wp\/v2\/pages\/1803\/revisions\/2040"}],"up":[{"embeddable":true,"href":"https:\/\/nntt2.auria.org\/index.php\/wp-json\/wp\/v2\/pages\/894"}],"wp:attachment":[{"href":"https:\/\/nntt2.auria.org\/index.php\/wp-json\/wp\/v2\/media?parent=1803"}],"curies":[{"name":"wp","href":"https:\/\/api.w.org\/{rel}","templated":true}]}}