{"id":1737,"date":"2020-11-13T08:00:00","date_gmt":"2020-11-13T07:00:00","guid":{"rendered":"https:\/\/nntt.auria.org\/?page_id=1737"},"modified":"2021-01-22T15:56:23","modified_gmt":"2021-01-22T14:56:23","slug":"formes-i-colors","status":"publish","type":"page","link":"https:\/\/nntt2.auria.org\/index.php\/recursos\/descarregues\/per-android\/formes-i-colors\/","title":{"rendered":"Formes i Colors"},"content":{"rendered":"\n<p>En aquesta ocasi\u00f3 presentem un joc educatiu pensat per a la plataforma Android.<\/p>\n\n\n\n<p>L\u2019objectiu del joc \u00e9s aprendre a discriminar formes geom\u00e8triques i colors mitjan\u00e7ant les noves tecnologies. Existeixen dues modalitat dintre del joc:<\/p>\n\n\n\n<ul class=\"wp-block-list\"><li><strong>Discriminaci\u00f3 de formes:<\/strong> Existeixen tres formes geom\u00e8triques diferents, un cub, una esfera i una pir\u00e0mide\/con. En el primer nivell es presenta, de forma aleat\u00f2ria, quina \u00e9s la forma que s\u2019haur\u00e0 de cercar durant la resta del joc. En aquesta modalitat totes les formes tenen el mateix color, un blanc\/gris per tal de no crear confusi\u00f3 amb l\u2019altre modalitat. Si durant la partida l\u2019usuari s\u2019equivoca de forma geom\u00e8trica tindr\u00e0 una altre oportunitat per seguir jugant. En aquest cas accedir\u00e0 a un nivell el qual se li recorda quina forma geom\u00e8trica estava cercant i se li presenten les tres possibles, en una mida notablement m\u00e9s gran, per tal de que ho torni a provar. Si l\u2019encerta retornar\u00e0 al nivell que estava fent i, per altre banda, si falla se\u2019l retornar\u00e0 al men\u00fa principal.<\/li><\/ul>\n\n\n\n<ul class=\"wp-block-list\"><li><strong>Discriminaci\u00f3 de colors:<\/strong> Existeixen tres colors diferents, blau, vermell i verd. En el primer nivell es presenta, de forma aleat\u00f2ria, quin \u00e9s el color que s\u2019haur\u00e0 de cercar durant la resta del joc. En aquesta modalitat tots els colors estan representats sota una mateixa forma geom\u00e8trica, un cub de tal forma que evitem confusi\u00f3 amb la modalitat anterior. La din\u00e0mica d\u2019error ser\u00e0 la mateixa de la modalitat anterior per\u00f2 en aquesta ocasi\u00f3 se li presenten tres portes, rectangles notablement grans, representant el tres colors.<\/li><\/ul>\n\n\n\n<p>El funcionament del joc es basa en una tecnologia de control mitjan\u00e7ant un punter i un temporitzador com a m\u00e8tode de selecci\u00f3. S\u2019ha seleccionat aquesta tecnologia ja que disminueix a un el proc\u00e9s de cerca i selecci\u00f3, evitant haver de realitzar un segon nivell utilitzant clics o pr\u00e9mer botons per seleccionar. Hem cregut oport\u00fa aquesta tecnologia per tal d\u2019aconseguir una major accessibilitat.<\/p>\n\n\n\n<p>Per el mateix motiu, intentar incrementar l\u2019accessibilitat, s\u2019han programat tres versions amb diferents m\u00e8todes d\u2019interacci\u00f3:<\/p>\n\n\n\n<ul class=\"wp-block-list\"><li><strong>Formes i Colors (VR):<\/strong> Aquesta versi\u00f3, representada amb el logo de l\u2019aplicaci\u00f3 amb un fons de color vermell, est\u00e0 pensada per treballar-la mitjan\u00e7ant un dispositiu Android i una ulleres de realitat virtual per a m\u00f2bil. La idea d\u2019aquesta versi\u00f3 \u00e9s la de ser apte per aquelles persones amb baixa motricitat fina i mobilitat limitada a les extremitats superiors. Tamb\u00e9 \u00e9s la versi\u00f3 que aconsegueix una major immersi\u00f3 durant el proc\u00e9s d\u2019aprenentatge.<\/li><\/ul>\n\n\n\n<div class=\"wp-block-image is-style-rounded\"><figure class=\"aligncenter size-large\"><img loading=\"lazy\" decoding=\"async\" width=\"183\" height=\"302\" src=\"https:\/\/nntt2.auria.org\/wp-content\/uploads\/2020\/11\/VR.gif\" alt=\"\" class=\"wp-image-1748\"\/><\/figure><\/div>\n\n\n\n<ul class=\"wp-block-list\"><li><strong>Formes i Colors (Gyroscope):<\/strong>&nbsp; Aquesta versi\u00f3, representada amb el logo de l\u2019aplicaci\u00f3 amb un fons de color taronja, est\u00e0 pensada per treballar-la sense ulleres de realitat virtual pero mitjan\u00e7ant l\u2019\u00fas del giroscopi. Aix\u00f2 es tradueix en que per tal de moure&#8217;s per l\u2019espai del joc ser\u00e0 necessari moure el dispositiu de forma f\u00edsica. La idea d\u2019aquesta versi\u00f3 \u00e9s la de ser apte per aquelles persones amb una baixa motricitat fina per\u00f2 amb mobilitat a les extremitats superiors. Aquesta versi\u00f3 aconsegueix una menor immersi\u00f3 que l\u2019anterior per\u00f2 el fet de combinar l\u2019espai real amb l\u2019espai virtual crea una sensaci\u00f3 de immersi\u00f3 durant el proc\u00e9s d\u2019aprenentatge.<\/li><\/ul>\n\n\n\n<div class=\"wp-block-image is-style-rounded\"><figure class=\"aligncenter size-large\"><img loading=\"lazy\" decoding=\"async\" width=\"224\" height=\"303\" src=\"https:\/\/nntt2.auria.org\/wp-content\/uploads\/2020\/11\/gyroscope.gif\" alt=\"\" class=\"wp-image-1746\"\/><\/figure><\/div>\n\n\n\n<ul class=\"wp-block-list\"><li><strong>Formes i Colors (T\u00e0ctil):<\/strong> Aquesta versi\u00f3, representada amb el logo de l\u2019aplicaci\u00f3 amb un fons de color verd, est\u00e0 pensada per treballar-la mitjan\u00e7ant el m\u00e8tode d\u2019interacci\u00f3 t\u00e0ctil com\u00fa en tots els dispositius m\u00f2bils. La idea d\u2019aquesta versi\u00f3 \u00e9s ser apte per aquelles persones que tinguin motricitat fina per\u00f2 una mobilitat limitada a les extremitats superiors. El fet d\u2019utilitzar el dispositiu de forma convencional o damunt d\u2019una superf\u00edcie redueix molt la sensaci\u00f3 immersiva que ofereixen les anteriors versions.<\/li><\/ul>\n\n\n\n<div class=\"wp-block-image is-style-rounded\"><figure class=\"aligncenter size-large is-resized\"><img loading=\"lazy\" decoding=\"async\" src=\"https:\/\/nntt2.auria.org\/wp-content\/uploads\/2020\/11\/normal.gif\" alt=\"\" class=\"wp-image-1747\" width=\"412\" height=\"211\"\/><\/figure><\/div>\n\n\n\n<p>A continuaci\u00f3 teniu un v\u00eddeo sobre el joc i les seves diferents modalitats.<\/p>\n\n\n\n<figure class=\"wp-block-embed-youtube wp-block-embed is-type-video is-provider-youtube wp-embed-aspect-16-9 wp-has-aspect-ratio\"><div class=\"wp-block-embed__wrapper\">\n<iframe loading=\"lazy\" title=\"GamePlay Formes i Colors\" width=\"604\" height=\"340\" src=\"https:\/\/www.youtube.com\/embed\/HonJ5RvNaxk?feature=oembed\" frameborder=\"0\" allow=\"accelerometer; autoplay; clipboard-write; encrypted-media; gyroscope; picture-in-picture; web-share\" referrerpolicy=\"strict-origin-when-cross-origin\" allowfullscreen><\/iframe>\n<\/div><\/figure>\n\n\n\n<p>Actualment encara no treballem amb la plataforma de <em>Play Store<\/em> de <em>Google<\/em> el qual permet descarregar i instal\u00b7lar aplicacions d\u2019una forma senzilla i pr\u00e0ctica. Per tant aquest proc\u00e9s ser\u00e0 una mica m\u00e9s llarg per\u00f2 no per aix\u00f2 m\u00e9s complicat.<\/p>\n\n\n\n<p>Primer pas seria descarregar-vos la versi\u00f3 que necessiteu mitjan\u00e7ant els seg\u00fcents enlla\u00e7os:<\/p>\n\n\n\n<div class=\"wp-block-columns is-layout-flex wp-container-core-columns-is-layout-9d6595d7 wp-block-columns-is-layout-flex\">\n<div class=\"wp-block-column is-layout-flow wp-block-column-is-layout-flow\">\n<div class=\"wp-block-image is-style-rounded\"><figure class=\"aligncenter size-large\"><a href=\"https:\/\/drive.google.com\/file\/d\/1YikkZrqAnIvD2SNZ-l0jMx3gkso-bSle\/view?usp=sharing\"><img loading=\"lazy\" decoding=\"async\" width=\"199\" height=\"200\" src=\"https:\/\/nntt2.auria.org\/wp-content\/uploads\/2021\/01\/JocFormesIColorsVR200x200.png\" alt=\"\" class=\"wp-image-2249\" srcset=\"https:\/\/nntt2.auria.org\/wp-content\/uploads\/2021\/01\/JocFormesIColorsVR200x200.png 199w, https:\/\/nntt2.auria.org\/wp-content\/uploads\/2021\/01\/JocFormesIColorsVR200x200-100x100.png 100w, https:\/\/nntt2.auria.org\/wp-content\/uploads\/2021\/01\/JocFormesIColorsVR200x200-150x150.png 150w\" sizes=\"auto, (max-width: 199px) 100vw, 199px\" \/><\/a><figcaption>Formes i Colors (VR)<\/figcaption><\/figure><\/div>\n<\/div>\n\n\n\n<div class=\"wp-block-column is-layout-flow wp-block-column-is-layout-flow\">\n<div class=\"wp-block-image is-style-rounded\"><figure class=\"aligncenter size-large\"><a href=\"https:\/\/drive.google.com\/file\/d\/1gb37FU4fwBS47ZYsp4M_SCTBJ9697NbQ\/view?usp=sharing\"><img loading=\"lazy\" decoding=\"async\" width=\"200\" height=\"200\" src=\"https:\/\/nntt2.auria.org\/wp-content\/uploads\/2021\/01\/JocFormesIColorsGiroscopi200x200.png\" alt=\"\" class=\"wp-image-2250\" srcset=\"https:\/\/nntt2.auria.org\/wp-content\/uploads\/2021\/01\/JocFormesIColorsGiroscopi200x200.png 200w, https:\/\/nntt2.auria.org\/wp-content\/uploads\/2021\/01\/JocFormesIColorsGiroscopi200x200-100x100.png 100w, https:\/\/nntt2.auria.org\/wp-content\/uploads\/2021\/01\/JocFormesIColorsGiroscopi200x200-150x150.png 150w\" sizes=\"auto, (max-width: 200px) 100vw, 200px\" \/><\/a><figcaption>Formes i Colors (Gyroscope)<\/figcaption><\/figure><\/div>\n<\/div>\n\n\n\n<div class=\"wp-block-column is-layout-flow wp-block-column-is-layout-flow\">\n<div class=\"wp-block-image is-style-rounded\"><figure class=\"aligncenter size-large\"><a href=\"https:\/\/drive.google.com\/file\/d\/1OBiLFZfKNaP9usrYmCQX6fX788QYiFG-\/view?usp=sharing\"><img loading=\"lazy\" decoding=\"async\" width=\"200\" height=\"200\" src=\"https:\/\/nntt2.auria.org\/wp-content\/uploads\/2021\/01\/JocFormesIColorsTactil200x200.png\" alt=\"\" class=\"wp-image-2251\" srcset=\"https:\/\/nntt2.auria.org\/wp-content\/uploads\/2021\/01\/JocFormesIColorsTactil200x200.png 200w, https:\/\/nntt2.auria.org\/wp-content\/uploads\/2021\/01\/JocFormesIColorsTactil200x200-100x100.png 100w, https:\/\/nntt2.auria.org\/wp-content\/uploads\/2021\/01\/JocFormesIColorsTactil200x200-150x150.png 150w\" sizes=\"auto, (max-width: 200px) 100vw, 200px\" \/><\/a><figcaption>Formes i Colors (T\u00e0ctil)<\/figcaption><\/figure><\/div>\n<\/div>\n<\/div>\n\n\n\n<p>Ho podeu fer directament des de el vostre dispositiu m\u00f2bil i d\u2019aquesta forma ja teniu els arxius al tel\u00e8fon. Tamb\u00e9 ho podeu descarregar des d\u2019un ordinador i transferir-ho al m\u00f2bil.<\/p>\n\n\n\n<p>El segon pas seria localitzar l\u2019arxiu <strong>Formes i Colors (<em>versi\u00f3<\/em>).apk <\/strong>i instal\u00b7lar-lo. \u00c9s possible que un cop arribat aquest punt ja trobeu l\u2019aplicaci\u00f3 al vostre men\u00fa per\u00f2 tamb\u00e9 \u00e9s possible que no sigui el cas i \u00fas hagi sortit un error a l\u2019hora d&#8217;instal\u00b7lar-lo.<\/p>\n\n\n\n<p>Aquest error o advert\u00e8ncia ens suggereix que millor no instal\u00b7lem aplicacions d\u2019origen desconegut o que no provinguin de <em>Play Store<\/em>. Per poder instal\u00b7lar l\u2019aplicaci\u00f3 haurem de seguir els seus consells o de forma manual. A continuaci\u00f3 deixem alguns enlla\u00e7os que expliquen com fer-ho amb diferents dispositius m\u00f2bils:<\/p>\n\n\n\n<ul class=\"wp-block-list\"><li><a href=\"https:\/\/es.digitaltrends.com\/guias\/instalar-app-android-fuera-play-store\/\">https:\/\/es.digitaltrends.com\/guias\/instalar-app-android-fuera-play-store\/<\/a><\/li><li><a href=\"https:\/\/www.xatakandroid.com\/sistema-operativo\/instalar-aplicaciones-fuentes-desconocidas-poco-peor-android-11\">https:\/\/www.xatakandroid.com\/sistema-operativo\/instalar-aplicaciones-fuentes-desconocidas-poco-peor-android-11<\/a><\/li><li><a href=\"https:\/\/miracomosehace.com\/instalar-aplicaciones-externas-origen-desconocido-android\/\">https:\/\/miracomosehace.com\/instalar-aplicaciones-externas-origen-desconocido-android\/<\/a><\/li><\/ul>\n\n\n\n<p>Esperem que els enlla\u00e7os que hem recopilat \u00fas serveixin d\u2019ajuda a l\u2019hora de fer la instal\u00b7laci\u00f3, si disposeu d\u2019una altra versi\u00f3 de Android i els exemples anteriors no han funcionat podeu contactar amb nosaltres mitjan\u00e7ant el formulari o al correu electr\u00f2nic <a href=\"mailto:nntt@auriagrup.cat\">nntt@auriagrup.cat<\/a>.<\/p>\n\n\n\n<p>Per altra banda animem a tots els professionals, tutors, familiars i usuaris a fer-nos arribar les seves experi\u00e8ncies amb l\u2019aplicaci\u00f3 o cr\u00edtiques de cara a poder millorar-ne la usabilitat.<\/p>\n","protected":false},"excerpt":{"rendered":"<p>En aquesta ocasi\u00f3 presentem un joc educatiu pensat per a la plataforma Android. L\u2019objectiu del joc \u00e9s aprendre a discriminar formes geom\u00e8triques i colors mitjan\u00e7ant les noves tecnologies. Existeixen dues modalitat dintre<a class=\"moretag\" href=\"https:\/\/nntt2.auria.org\/index.php\/recursos\/descarregues\/per-android\/formes-i-colors\/\">Read More&#8230;<\/a><\/p>\n","protected":false},"author":1,"featured_media":0,"parent":894,"menu_order":0,"comment_status":"open","ping_status":"closed","template":"","meta":{"footnotes":""},"class_list":["post-1737","page","type-page","status-publish","hentry"],"_links":{"self":[{"href":"https:\/\/nntt2.auria.org\/index.php\/wp-json\/wp\/v2\/pages\/1737","targetHints":{"allow":["GET"]}}],"collection":[{"href":"https:\/\/nntt2.auria.org\/index.php\/wp-json\/wp\/v2\/pages"}],"about":[{"href":"https:\/\/nntt2.auria.org\/index.php\/wp-json\/wp\/v2\/types\/page"}],"author":[{"embeddable":true,"href":"https:\/\/nntt2.auria.org\/index.php\/wp-json\/wp\/v2\/users\/1"}],"replies":[{"embeddable":true,"href":"https:\/\/nntt2.auria.org\/index.php\/wp-json\/wp\/v2\/comments?post=1737"}],"version-history":[{"count":13,"href":"https:\/\/nntt2.auria.org\/index.php\/wp-json\/wp\/v2\/pages\/1737\/revisions"}],"predecessor-version":[{"id":2255,"href":"https:\/\/nntt2.auria.org\/index.php\/wp-json\/wp\/v2\/pages\/1737\/revisions\/2255"}],"up":[{"embeddable":true,"href":"https:\/\/nntt2.auria.org\/index.php\/wp-json\/wp\/v2\/pages\/894"}],"wp:attachment":[{"href":"https:\/\/nntt2.auria.org\/index.php\/wp-json\/wp\/v2\/media?parent=1737"}],"curies":[{"name":"wp","href":"https:\/\/api.w.org\/{rel}","templated":true}]}}