{"id":1730,"date":"2020-11-09T16:42:42","date_gmt":"2020-11-09T16:42:42","guid":{"rendered":"https:\/\/nntt.auria.org\/?page_id=1730"},"modified":"2020-11-11T10:50:04","modified_gmt":"2020-11-11T10:50:04","slug":"in-cell-vr","status":"publish","type":"page","link":"https:\/\/nntt2.auria.org\/index.php\/recursos\/descarregues\/per-android\/in-cell-vr\/","title":{"rendered":"in Cell VR"},"content":{"rendered":"\n<div class=\"wp-block-image\"><figure class=\"aligncenter size-large\"><img loading=\"lazy\" decoding=\"async\" width=\"549\" height=\"317\" src=\"https:\/\/nntt2.auria.org\/wp-content\/uploads\/2020\/11\/incell2.png\" alt=\"\" class=\"wp-image-1731\" srcset=\"https:\/\/nntt2.auria.org\/wp-content\/uploads\/2020\/11\/incell2.png 549w, https:\/\/nntt2.auria.org\/wp-content\/uploads\/2020\/11\/incell2-300x173.png 300w\" sizes=\"auto, (max-width: 549px) 100vw, 549px\" \/><\/figure><\/div>\n\n\n\n<p><\/p>\n\n\n\n<p>Incell \u00e9s un joc d&#8217;acci\u00f3 \/ de carreres amb una mica d&#8217;estrat\u00e8gia i la ci\u00e8ncia llan\u00e7ats a la barreja en un micro m\u00f3n estrany i altament inusual de la c\u00e8l\u00b7lula humana acuradament reconstru\u00eft.<\/p>\n\n\n\n<p>Enlla\u00e7 de desc\u00e0rrega: <a href=\"https:\/\/play.google.com\/store\/apps\/details?id=com.nivalvr.incell&amp;gl=ES\">https:\/\/play.google.com\/store\/apps\/details?id=com.nivalvr.incell&amp;gl=ES<\/a><\/p>\n","protected":false},"excerpt":{"rendered":"<p>Incell \u00e9s un joc d&#8217;acci\u00f3 \/ de carreres amb una mica d&#8217;estrat\u00e8gia i la ci\u00e8ncia llan\u00e7ats a la barreja en un micro m\u00f3n estrany i altament inusual de la c\u00e8l\u00b7lula humana acuradament<a class=\"moretag\" href=\"https:\/\/nntt2.auria.org\/index.php\/recursos\/descarregues\/per-android\/in-cell-vr\/\">Read More&#8230;<\/a><\/p>\n","protected":false},"author":1,"featured_media":0,"parent":894,"menu_order":0,"comment_status":"closed","ping_status":"closed","template":"","meta":{"footnotes":""},"class_list":["post-1730","page","type-page","status-publish","hentry"],"_links":{"self":[{"href":"https:\/\/nntt2.auria.org\/index.php\/wp-json\/wp\/v2\/pages\/1730","targetHints":{"allow":["GET"]}}],"collection":[{"href":"https:\/\/nntt2.auria.org\/index.php\/wp-json\/wp\/v2\/pages"}],"about":[{"href":"https:\/\/nntt2.auria.org\/index.php\/wp-json\/wp\/v2\/types\/page"}],"author":[{"embeddable":true,"href":"https:\/\/nntt2.auria.org\/index.php\/wp-json\/wp\/v2\/users\/1"}],"replies":[{"embeddable":true,"href":"https:\/\/nntt2.auria.org\/index.php\/wp-json\/wp\/v2\/comments?post=1730"}],"version-history":[{"count":1,"href":"https:\/\/nntt2.auria.org\/index.php\/wp-json\/wp\/v2\/pages\/1730\/revisions"}],"predecessor-version":[{"id":1732,"href":"https:\/\/nntt2.auria.org\/index.php\/wp-json\/wp\/v2\/pages\/1730\/revisions\/1732"}],"up":[{"embeddable":true,"href":"https:\/\/nntt2.auria.org\/index.php\/wp-json\/wp\/v2\/pages\/894"}],"wp:attachment":[{"href":"https:\/\/nntt2.auria.org\/index.php\/wp-json\/wp\/v2\/media?parent=1730"}],"curies":[{"name":"wp","href":"https:\/\/api.w.org\/{rel}","templated":true}]}}