{"id":1724,"date":"2020-11-09T16:37:48","date_gmt":"2020-11-09T16:37:48","guid":{"rendered":"https:\/\/nntt.auria.org\/?page_id=1724"},"modified":"2020-11-11T10:51:34","modified_gmt":"2020-11-11T10:51:34","slug":"sites-vr","status":"publish","type":"page","link":"https:\/\/nntt2.auria.org\/index.php\/recursos\/descarregues\/per-android\/sites-vr\/","title":{"rendered":"Sites VR"},"content":{"rendered":"\n<div class=\"wp-block-image\"><figure class=\"aligncenter size-large\"><img loading=\"lazy\" decoding=\"async\" width=\"652\" height=\"317\" src=\"https:\/\/nntt2.auria.org\/wp-content\/uploads\/2020\/11\/sitesvr2.png\" alt=\"\" class=\"wp-image-1725\" srcset=\"https:\/\/nntt2.auria.org\/wp-content\/uploads\/2020\/11\/sitesvr2.png 652w, https:\/\/nntt2.auria.org\/wp-content\/uploads\/2020\/11\/sitesvr2-600x292.png 600w, https:\/\/nntt2.auria.org\/wp-content\/uploads\/2020\/11\/sitesvr2-300x146.png 300w\" sizes=\"auto, (max-width: 652px) 100vw, 652px\" \/><\/figure><\/div>\n\n\n\n<p><\/p>\n\n\n\n<p>Aplicaci\u00f3 per tours virtuals per diferents indrets d&#8217;inter\u00e8s del m\u00f3n.<\/p>\n\n\n\n<p>Enlla\u00e7 de desc\u00e0rrega: <a href=\"https:\/\/play.google.com\/store\/apps\/details?id=air.com.ercangigi.sitesin3d&amp;gl=ES\">https:\/\/play.google.com\/store\/apps\/details?id=air.com.ercangigi.sitesin3d&amp;gl=ES<\/a><\/p>\n","protected":false},"excerpt":{"rendered":"<p>Aplicaci\u00f3 per tours virtuals per diferents indrets d&#8217;inter\u00e8s del m\u00f3n. Enlla\u00e7 de desc\u00e0rrega: https:\/\/play.google.com\/store\/apps\/details?id=air.com.ercangigi.sitesin3d&amp;gl=ES<\/p>\n","protected":false},"author":1,"featured_media":0,"parent":894,"menu_order":0,"comment_status":"closed","ping_status":"closed","template":"","meta":{"footnotes":""},"class_list":["post-1724","page","type-page","status-publish","hentry"],"_links":{"self":[{"href":"https:\/\/nntt2.auria.org\/index.php\/wp-json\/wp\/v2\/pages\/1724","targetHints":{"allow":["GET"]}}],"collection":[{"href":"https:\/\/nntt2.auria.org\/index.php\/wp-json\/wp\/v2\/pages"}],"about":[{"href":"https:\/\/nntt2.auria.org\/index.php\/wp-json\/wp\/v2\/types\/page"}],"author":[{"embeddable":true,"href":"https:\/\/nntt2.auria.org\/index.php\/wp-json\/wp\/v2\/users\/1"}],"replies":[{"embeddable":true,"href":"https:\/\/nntt2.auria.org\/index.php\/wp-json\/wp\/v2\/comments?post=1724"}],"version-history":[{"count":1,"href":"https:\/\/nntt2.auria.org\/index.php\/wp-json\/wp\/v2\/pages\/1724\/revisions"}],"predecessor-version":[{"id":1726,"href":"https:\/\/nntt2.auria.org\/index.php\/wp-json\/wp\/v2\/pages\/1724\/revisions\/1726"}],"up":[{"embeddable":true,"href":"https:\/\/nntt2.auria.org\/index.php\/wp-json\/wp\/v2\/pages\/894"}],"wp:attachment":[{"href":"https:\/\/nntt2.auria.org\/index.php\/wp-json\/wp\/v2\/media?parent=1724"}],"curies":[{"name":"wp","href":"https:\/\/api.w.org\/{rel}","templated":true}]}}