{"id":1717,"date":"2020-11-09T16:33:49","date_gmt":"2020-11-09T16:33:49","guid":{"rendered":"https:\/\/nntt.auria.org\/?page_id=1717"},"modified":"2020-11-11T10:51:05","modified_gmt":"2020-11-11T10:51:05","slug":"relax-river-vr","status":"publish","type":"page","link":"https:\/\/nntt2.auria.org\/index.php\/recursos\/descarregues\/per-android\/relax-river-vr\/","title":{"rendered":"Relax River Vr"},"content":{"rendered":"\n<div class=\"wp-block-image\"><figure class=\"aligncenter size-large\"><img loading=\"lazy\" decoding=\"async\" width=\"523\" height=\"317\" src=\"https:\/\/nntt2.auria.org\/wp-content\/uploads\/2020\/11\/relaxriver2.png\" alt=\"\" class=\"wp-image-1719\" srcset=\"https:\/\/nntt2.auria.org\/wp-content\/uploads\/2020\/11\/relaxriver2.png 523w, https:\/\/nntt2.auria.org\/wp-content\/uploads\/2020\/11\/relaxriver2-300x182.png 300w\" sizes=\"auto, (max-width: 523px) 100vw, 523px\" \/><\/figure><\/div>\n\n\n\n<p>Relaxeu-vos en un tour de realitat virtual muntant en vaixell per un riu meravell\u00f3s, amb una natura rica i un escenari de muntanya, descobrint criatures incre\u00efbles. Visita totalment autom\u00e0tica, sense configuraci\u00f3, sense configuracions, simplement gaudeix del viatge.<\/p>\n\n\n\n<p><\/p>\n\n\n\n<p>enlla\u00e7 de desc\u00e0rrega: <a href=\"https:\/\/play.google.com\/store\/apps\/details?id=com.sfera.relaxrivercb&amp;gl=ES\">https:\/\/play.google.com\/store\/apps\/details?id=com.sfera.relaxrivercb&amp;gl=ES<\/a><\/p>\n","protected":false},"excerpt":{"rendered":"<p>Relaxeu-vos en un tour de realitat virtual muntant en vaixell per un riu meravell\u00f3s, amb una natura rica i un escenari de muntanya, descobrint criatures incre\u00efbles. Visita totalment autom\u00e0tica, sense configuraci\u00f3, sense<a class=\"moretag\" href=\"https:\/\/nntt2.auria.org\/index.php\/recursos\/descarregues\/per-android\/relax-river-vr\/\">Read More&#8230;<\/a><\/p>\n","protected":false},"author":1,"featured_media":0,"parent":894,"menu_order":0,"comment_status":"closed","ping_status":"closed","template":"","meta":{"footnotes":""},"class_list":["post-1717","page","type-page","status-publish","hentry"],"_links":{"self":[{"href":"https:\/\/nntt2.auria.org\/index.php\/wp-json\/wp\/v2\/pages\/1717","targetHints":{"allow":["GET"]}}],"collection":[{"href":"https:\/\/nntt2.auria.org\/index.php\/wp-json\/wp\/v2\/pages"}],"about":[{"href":"https:\/\/nntt2.auria.org\/index.php\/wp-json\/wp\/v2\/types\/page"}],"author":[{"embeddable":true,"href":"https:\/\/nntt2.auria.org\/index.php\/wp-json\/wp\/v2\/users\/1"}],"replies":[{"embeddable":true,"href":"https:\/\/nntt2.auria.org\/index.php\/wp-json\/wp\/v2\/comments?post=1717"}],"version-history":[{"count":1,"href":"https:\/\/nntt2.auria.org\/index.php\/wp-json\/wp\/v2\/pages\/1717\/revisions"}],"predecessor-version":[{"id":1720,"href":"https:\/\/nntt2.auria.org\/index.php\/wp-json\/wp\/v2\/pages\/1717\/revisions\/1720"}],"up":[{"embeddable":true,"href":"https:\/\/nntt2.auria.org\/index.php\/wp-json\/wp\/v2\/pages\/894"}],"wp:attachment":[{"href":"https:\/\/nntt2.auria.org\/index.php\/wp-json\/wp\/v2\/media?parent=1717"}],"curies":[{"name":"wp","href":"https:\/\/api.w.org\/{rel}","templated":true}]}}