{"id":1696,"date":"2020-11-09T16:06:41","date_gmt":"2020-11-09T16:06:41","guid":{"rendered":"https:\/\/nntt.auria.org\/?page_id=1696"},"modified":"2020-11-11T10:46:17","modified_gmt":"2020-11-11T10:46:17","slug":"assistent-de-veu-alexa-echo-show","status":"publish","type":"page","link":"https:\/\/nntt2.auria.org\/index.php\/recursos\/material-tecnologic\/assistent-de-veu-alexa-echo-show\/","title":{"rendered":"Assistent de veu Alexa Echo Show"},"content":{"rendered":"\n<p>Un <strong>assistent de veu <\/strong>\u00e9s un dispositiu electr\u00f2nic equipat amb una intel\u00b7lig\u00e8ncia artificial que li permet interaccionar amb les persones a trav\u00e9s de la veu, simulant una conversa normal entre dues persones.<\/p>\n\n\n\n<p>Aquests dispositius poden adoptar moltes aparences diferents: rodons, quadrats amb c\u00e0mera, sense c\u00e0mera amb pantalla, sense pantalla o fins i tot el m\u00f2bil mateix.<\/p>\n\n\n\n<p>El dispositiu que teniu vosaltres \u00e9s un <strong>Amazon Echo Show<\/strong>, un model de la companyia <strong>Amazon<\/strong> equipat amb pantalla frontal, c\u00e0mera frontal i altaveu:<\/p>\n\n\n\n<figure class=\"wp-block-image size-large is-resized\"><img loading=\"lazy\" decoding=\"async\" src=\"https:\/\/nntt2.auria.org\/wp-content\/uploads\/2020\/11\/g837ESHOW5B-F-1024x514.jpg\" alt=\"\" class=\"wp-image-1697\" width=\"548\" height=\"276\" srcset=\"https:\/\/nntt2.auria.org\/wp-content\/uploads\/2020\/11\/g837ESHOW5B-F-1024x514.jpg 1024w, https:\/\/nntt2.auria.org\/wp-content\/uploads\/2020\/11\/g837ESHOW5B-F-600x301.jpg 600w, https:\/\/nntt2.auria.org\/wp-content\/uploads\/2020\/11\/g837ESHOW5B-F-300x151.jpg 300w, https:\/\/nntt2.auria.org\/wp-content\/uploads\/2020\/11\/g837ESHOW5B-F-768x386.jpg 768w, https:\/\/nntt2.auria.org\/wp-content\/uploads\/2020\/11\/g837ESHOW5B-F-1536x772.jpg 1536w, https:\/\/nntt2.auria.org\/wp-content\/uploads\/2020\/11\/g837ESHOW5B-F-2048x1029.jpg 2048w\" sizes=\"auto, (max-width: 548px) 100vw, 548px\" \/><\/figure>\n\n\n\n<p><strong>Quina utilitat tenen els assistents de veu?<\/strong><\/p>\n\n\n\n<p>Els hi podem <strong>demanar informaci\u00f3 <\/strong>sobre pr\u00e0cticament qualsevol cosa.<\/p>\n\n\n\n<p>Exemples:<\/p>\n\n\n\n<p>\u00a0 -Preguntar pel tems que fa o far\u00e0 a la nostra ciutat.<\/p>\n\n\n\n<p>\u00a0 -Preguntar el dia, l\u2019hora, el mes, l\u2019any\u2026<\/p>\n\n\n\n<p>&nbsp; -Consultar les not\u00edcies m\u00e9s rellevants del dia.<\/p>\n\n\n\n<p>&nbsp; -Consultar l\u2019any de naixement o qualsevol altre &nbsp; informaci\u00f3 de &nbsp; personatges famosos.<\/p>\n\n\n\n<p>&nbsp; -Etc.<\/p>\n\n\n\n<p> -Tamb\u00e9 els podem utilitzar com una <strong>r\u00e0dio<\/strong>. Podent demanar que ens posi qualsevol dial o en el cas de pagar una petita subscripci\u00f3 de 4 \u20ac disposar de milions de        can\u00e7ons.<\/p>\n\n\n\n<p> -Ens poden servir de <strong>calculadora<\/strong> ja que se li poden demanar c\u00e0lculs matem\u00e0tics o conversions d\u2019unitats o monedes.<\/p>\n\n\n\n<p>  Exemple:<\/p>\n\n\n\n<p>&nbsp; -Que realitzi l\u2019arrel quadrada de un n\u00famero.<\/p>\n\n\n\n<p>&nbsp; -Que ens digui quantes dolars s\u00f3n xx euros.<\/p>\n\n\n\n<p>\u00a0 -Etc.<\/p>\n\n\n\n<p><\/p>\n\n\n\n<p>  -Ens poden servir per fer la <strong>llista de la compra<\/strong>. Nom\u00e9s cal demanar-li cada vegada que detectem que ens falta algun producte que l\u2019afegeixi a la llista de la compra. I   el dia que anem al supermercat des del m\u00f2bil la podrem consultar.<\/p>\n\n\n\n<p><\/p>\n\n\n\n<p>Per <strong>passar-nos-ho b\u00e9 <\/strong>i riure una estona. Li podem demanar que ens canti alguna can\u00e7\u00f3 o que ens expliqui un acudit.<\/p>\n\n\n\n<p><\/p>\n\n\n\n<p>Com a <strong>lector de llibres<\/strong>. Si adquireixes llibres des de la plataforma d\u2019Amazon anomenada Kindle li pots demanar que te les llegeixi.<\/p>\n\n\n\n<p><\/p>\n\n\n\n<p><strong>Controlar <\/strong><strong>altres<\/strong><strong> <\/strong><strong>dispositius<\/strong><strong> <\/strong><strong>intel\u00b7ligents<\/strong><strong> <\/strong>que tinguem per casa compatibles amb Amazon.<\/p>\n\n\n\n<p>Exemples:<\/p>\n\n\n\n<p>\u00a0 -Demanar que encengui o apagui una bombeta (sempre i quan aquesta sigui compatible amb l&#8217;assistent)<\/p>\n\n\n\n<p>&nbsp; -Demanar que activi un endoll on hi tenim alg\u00fan aparell endollat &nbsp; com un ventilador, calefactor, etc.<\/p>\n\n\n\n<p>\u00a0 -Encendre o apagar la tele (sempre i quant aquesta sigui compatible o disposem d&#8217;un Fire Stick)<\/p>\n\n\n\n<p>\u00a0 -Etc.<\/p>\n\n\n\n<p><\/p>\n\n\n\n<p><strong>Com demanar-li coses al nostre dispositiu Alexa?<\/strong><\/p>\n\n\n\n<p>Per demanar qualsevol cosa al dispositiu sempre haurem de seguir el seg\u00fcent procediment:<\/p>\n\n\n\n<p>Comen\u00e7ar la frase amb la <strong>paraula d\u2019activaci\u00f3 <\/strong>seguida de la pregunta o l\u2019ordre que li vulguem donar (en el nostre cas la paraula ser\u00e0 \u201c<strong>Alexa<\/strong>\u201d).<\/p>\n\n\n\n<p>De moment, nom\u00e9s li podrem parlar en castell\u00e0, tot i que esperem que en un futur tamb\u00e9 incorpori el catal\u00e0.<\/p>\n\n\n\n<p>Exemples:<\/p>\n\n\n\n<p>&nbsp; -\u201c<strong>Alexa<\/strong>\u201d que tiempo hace hoy en Igualada?<\/p>\n\n\n\n<p>&nbsp; -\u201c<strong>Alexa<\/strong>\u201d canta una canci\u00f3n<\/p>\n\n\n\n<p>&nbsp; -\u201c<strong>Alexa<\/strong>\u201d A\u00f1ade Leche a la lista de la compra<\/p>\n\n\n\n<p>&nbsp; -\u201c<strong>Alexa<\/strong>\u201d&#8230;<\/p>\n\n\n\n<p>Cal tenir en compte que per qu\u00e8 funcioni\u00a0 l\u2019Alexa sempre ha d\u2019estar conectada a la xarxa wifi.<\/p>\n\n\n\n<p><\/p>\n\n\n\n<p><\/p>\n","protected":false},"excerpt":{"rendered":"<p>Un assistent de veu \u00e9s un dispositiu electr\u00f2nic equipat amb una intel\u00b7lig\u00e8ncia artificial que li permet interaccionar amb les persones a trav\u00e9s de la veu, simulant una conversa normal entre dues persones.<a class=\"moretag\" href=\"https:\/\/nntt2.auria.org\/index.php\/recursos\/material-tecnologic\/assistent-de-veu-alexa-echo-show\/\">Read More&#8230;<\/a><\/p>\n","protected":false},"author":1,"featured_media":0,"parent":2,"menu_order":0,"comment_status":"closed","ping_status":"closed","template":"","meta":{"footnotes":""},"class_list":["post-1696","page","type-page","status-publish","hentry"],"_links":{"self":[{"href":"https:\/\/nntt2.auria.org\/index.php\/wp-json\/wp\/v2\/pages\/1696","targetHints":{"allow":["GET"]}}],"collection":[{"href":"https:\/\/nntt2.auria.org\/index.php\/wp-json\/wp\/v2\/pages"}],"about":[{"href":"https:\/\/nntt2.auria.org\/index.php\/wp-json\/wp\/v2\/types\/page"}],"author":[{"embeddable":true,"href":"https:\/\/nntt2.auria.org\/index.php\/wp-json\/wp\/v2\/users\/1"}],"replies":[{"embeddable":true,"href":"https:\/\/nntt2.auria.org\/index.php\/wp-json\/wp\/v2\/comments?post=1696"}],"version-history":[{"count":4,"href":"https:\/\/nntt2.auria.org\/index.php\/wp-json\/wp\/v2\/pages\/1696\/revisions"}],"predecessor-version":[{"id":1701,"href":"https:\/\/nntt2.auria.org\/index.php\/wp-json\/wp\/v2\/pages\/1696\/revisions\/1701"}],"up":[{"embeddable":true,"href":"https:\/\/nntt2.auria.org\/index.php\/wp-json\/wp\/v2\/pages\/2"}],"wp:attachment":[{"href":"https:\/\/nntt2.auria.org\/index.php\/wp-json\/wp\/v2\/media?parent=1696"}],"curies":[{"name":"wp","href":"https:\/\/api.w.org\/{rel}","templated":true}]}}