{"id":1687,"date":"2020-11-09T15:53:36","date_gmt":"2020-11-09T15:53:36","guid":{"rendered":"https:\/\/nntt.auria.org\/?page_id=1687"},"modified":"2020-11-11T10:53:40","modified_gmt":"2020-11-11T10:53:40","slug":"ulleres-de-realitat-virtual-per-a-mobil","status":"publish","type":"page","link":"https:\/\/nntt2.auria.org\/index.php\/recursos\/material-tecnologic\/ulleres-de-realitat-virtual-per-a-mobil\/","title":{"rendered":"Ulleres de realitat virtual per a m\u00f2bil"},"content":{"rendered":"\n<p>Les ulleres de realitat virtual per a m\u00f2bils, tamb\u00e9 conegudes com a <strong>cardboards<\/strong>, fent honor a les primes ulleres d\u2019aquest estil que hi va haver, propietat de Google i que eren de cartr\u00f3, no s\u00f3n m\u00e9s que un suport per poder col\u00b7locar el m\u00f2bil a l\u2019al\u00e7ada dels ulls sense necessitat d\u2019estar aguantant-lo amb la m\u00e0.<\/p>\n\n\n\n<p>Les ulleres de realitat virtual convencionals necessiten connectar-se a&nbsp; un \u201cordinador\u201d per poder simular la realitat que veiem per les ulleres. En canvi les cardboard utilitzen el nostre propi m\u00f2bil, que no deixa de ser un ordinador.<\/p>\n\n\n\n<p>Aix\u00f2 t\u00e9 uns avantatges molt grans per\u00f2 tamb\u00e9 algunes limitacions.<\/p>\n\n\n\n<p>Anem a repassar-les per sobre.<\/p>\n\n\n\n<p><strong>Avantatges:<\/strong><\/p>\n\n\n\n<p>-Permeten molta mobilitat ja que no hi ha cables per entremig.<\/p>\n\n\n\n<p>-\u00c9s una opci\u00f3 molt m\u00e9s econ\u00f2mica que no pas les ulleres de realitat virtual convencionals.<\/p>\n\n\n\n<p>-El procediment per utilitzar-la \u00e9s molt m\u00e9s senzill.<\/p>\n\n\n\n<p>-\u00c9s m\u00e9s senzill crear contingut 360<sup>0 <\/sup>amb el mateix m\u00f2bil.<\/p>\n\n\n\n<p><strong>Inconvenients:<\/strong><\/p>\n\n\n\n<p>\u00a0-Ofereix una experi\u00e8ncia molt menys immersiva que les altres.<\/p>\n\n\n\n<p>\u00a0-La qualitat del contingut creat en 360 \u00e9s de menys qualitat i el seu visionat tamb\u00e9.<\/p>\n\n\n\n<p>-Consumeix molta bateria del m\u00f2bil i moltes dades aix\u00ed que \u00e9s aconsellable utilitzar-les amb wifi.<\/p>\n\n\n\n<p>-Les ulleres s\u00f3n m\u00e9s inc\u00f2modes.<\/p>\n\n\n\n<p><strong>Algunes de les aplicacions de realitat virtual per a cardboard que hem provat s\u00f3n:<\/strong><\/p>\n\n\n\n<p><strong>-Sites in VR:<\/strong> Aplicaci\u00f3 per visitar diferents llocs del m\u00f3n.<\/p>\n\n\n\n<p>(<a href=\"https:\/\/play.google.com\/store\/apps\/details?id=air.com.ercangigi.sitesin3d&amp;gl=ES\">https:\/\/play.google.com\/store\/apps\/details?id=air.com.ercangigi.sitesin3d&amp;gl=ES<\/a>)<\/p>\n\n\n\n<p>&#8211;<strong>Germbuster:<\/strong> \u00e9s un joc en el que s\u2019han de matar bacteris que van apareixent per amb una pistola de bombolles de sab\u00f3. Actualment ja no es troba disponible a Google play i s\u2019ha de descarregar de p\u00e0gines de tercers.<\/p>\n\n\n\n<p>&#8211;<strong>InCell VR (Cardboard):<\/strong> Incell \u00e9s un joc d&#8217;acci\u00f3 \/ de carreres amb una mica d&#8217;estrat\u00e8gia i la ci\u00e8ncia llan\u00e7ats a la barreja en un micro m\u00f3n estrany i altament inusual de la c\u00e8l\u00b7lula humana acuradament reconstru\u00eft.<\/p>\n\n\n\n<p><a href=\"https:\/\/play.google.com\/store\/apps\/details?id=com.nivalvr.incell&amp;gl=ES\">https:\/\/play.google.com\/store\/apps\/details?id=com.nivalvr.incell&amp;gl=ES<\/a><\/p>\n\n\n\n<p>&#8211;<strong>RelaxRiver VR:<\/strong> Relaxeu-vos en un tour de realitat virtual muntant en vaixell per un riu meravell\u00f3s, amb una natura rica i un escenari de muntanya, descobrint criatures incre\u00efbles. Visita totalment autom\u00e0tica, sense configuraci\u00f3, sense configuracions, simplement gaudeix del viatge.<\/p>\n\n\n\n<p><a href=\"https:\/\/play.google.com\/store\/apps\/details?id=com.sfera.relaxrivercb&amp;gl=ES\">https:\/\/play.google.com\/store\/apps\/details?id=com.sfera.relaxrivercb&amp;gl=ES<\/a><\/p>\n\n\n\n<p>&#8211;<strong>Vr Fly:<\/strong> explora un casa des del punt de vista d\u2019una mosca. Experimenta com \u00e9s sentir-se una mosca volant per l\u2019habitaci\u00f3.<\/p>\n\n\n\n<p><a href=\"https:\/\/play.google.com\/store\/apps\/details?id=com.JanRaacke.VRFly&amp;gl=ES\">https:\/\/play.google.com\/store\/apps\/details?id=com.JanRaacke.VRFly&amp;gl=ES<\/a><\/p>\n\n\n\n<p>&#8211;<strong>Google spotlight stories:<\/strong> Gaudeix de petites hist\u00f2ries il\u00b7lustrades. Est\u00e0 amb angl\u00e8s per\u00f2 s\u00f3n tan boniques est\u00e8ticament que val la pena veure-les.<\/p>\n\n\n\n<p><a href=\"https:\/\/play.google.com\/store\/apps\/details?id=com.google.android.spotlightstories&amp;gl=ES\">https:\/\/play.google.com\/store\/apps\/details?id=com.google.android.spotlightstories&amp;gl=ES<\/a><\/p>\n\n\n\n<p><strong>-Within VR &#8211; Cinematic Virtual: <\/strong>Aqu\u00ed trobareu un bon recopilatori de documentals en vr, curtmetratges, etc. Molt recomanat.<\/p>\n\n\n\n<p><a href=\"https:\/\/play.google.com\/store\/apps\/details?id=com.shakingearthdigital.vrsecardboard&amp;gl=ES\">https:\/\/play.google.com\/store\/apps\/details?id=com.shakingearthdigital.vrsecardboard&amp;gl=ES<\/a><\/p>\n\n\n\n<p><strong>-Pyramids Roller Coaster: <\/strong>Experimenta la sensaci\u00f3 de la vida misteriosa d&#8217;aquesta incre\u00efble muntanya russa dins de les pir\u00e0mides eg\u00edpcies.<\/p>\n\n\n\n<p><a href=\"https:\/\/play.google.com\/store\/apps\/details?id=com.azamoka.pyramids.rollercoaster&amp;gl=ES\">https:\/\/play.google.com\/store\/apps\/details?id=com.azamoka.pyramids.rollercoaster&amp;gl=ES<\/a><\/p>\n\n\n\n<p><strong>-VR Thrills: Roller Coaster 360 (Cardboard Game): <\/strong>Diversos v\u00eddeos 360<sup>0<\/sup> de muntanyes russes.<\/p>\n\n\n\n<p><a href=\"https:\/\/play.google.com\/store\/apps\/details?id=com.rabbitmountain.rollercoaster&amp;gl=ES\">https:\/\/play.google.com\/store\/apps\/details?id=com.rabbitmountain.rollercoaster&amp;gl=ES<\/a><\/p>\n\n\n\n<p><strong>Tots els m\u00f2bils s\u00f3n aptes per a utilitzar realitat virtual?<\/strong><\/p>\n\n\n\n<p>Actualment la majoria de m\u00f2bils estan preparats per suportar aquesta tecnol\u00f2gia<strong> &nbsp;<\/strong>per\u00f2 en alguns casos depenent de la gamma i l\u2019antiguitat del teu dispositiu pot ser que no funcioni.<\/p>\n\n\n\n<p>Per fer servir aquestes ulleres low cost necessitarem un smartphone que disposi de sensor de &nbsp;<strong>giroscopi<\/strong> i <strong>acceler\u00f2metre<\/strong>.<\/p>\n\n\n\n<p>Per saber si el nostre m\u00f2bil disposa d\u2019aquests dos sensors podem descarregar una app anomenada sensor <strong>box for android <\/strong>(en el cas dels m\u00f2bils android).<\/p>\n\n\n\n<div class=\"wp-block-image\"><figure class=\"aligncenter size-large\"><img loading=\"lazy\" decoding=\"async\" width=\"332\" height=\"590\" src=\"https:\/\/nntt2.auria.org\/wp-content\/uploads\/2020\/11\/sensorboxforandroid.jpg\" alt=\"\" class=\"wp-image-1690\" srcset=\"https:\/\/nntt2.auria.org\/wp-content\/uploads\/2020\/11\/sensorboxforandroid.jpg 332w, https:\/\/nntt2.auria.org\/wp-content\/uploads\/2020\/11\/sensorboxforandroid-169x300.jpg 169w\" sizes=\"auto, (max-width: 332px) 100vw, 332px\" \/><\/figure><\/div>\n","protected":false},"excerpt":{"rendered":"<p>Les ulleres de realitat virtual per a m\u00f2bils, tamb\u00e9 conegudes com a cardboards, fent honor a les primes ulleres d\u2019aquest estil que hi va haver, propietat de Google i que eren de<a class=\"moretag\" href=\"https:\/\/nntt2.auria.org\/index.php\/recursos\/material-tecnologic\/ulleres-de-realitat-virtual-per-a-mobil\/\">Read More&#8230;<\/a><\/p>\n","protected":false},"author":1,"featured_media":0,"parent":2,"menu_order":0,"comment_status":"closed","ping_status":"closed","template":"","meta":{"footnotes":""},"class_list":["post-1687","page","type-page","status-publish","hentry"],"_links":{"self":[{"href":"https:\/\/nntt2.auria.org\/index.php\/wp-json\/wp\/v2\/pages\/1687","targetHints":{"allow":["GET"]}}],"collection":[{"href":"https:\/\/nntt2.auria.org\/index.php\/wp-json\/wp\/v2\/pages"}],"about":[{"href":"https:\/\/nntt2.auria.org\/index.php\/wp-json\/wp\/v2\/types\/page"}],"author":[{"embeddable":true,"href":"https:\/\/nntt2.auria.org\/index.php\/wp-json\/wp\/v2\/users\/1"}],"replies":[{"embeddable":true,"href":"https:\/\/nntt2.auria.org\/index.php\/wp-json\/wp\/v2\/comments?post=1687"}],"version-history":[{"count":3,"href":"https:\/\/nntt2.auria.org\/index.php\/wp-json\/wp\/v2\/pages\/1687\/revisions"}],"predecessor-version":[{"id":1695,"href":"https:\/\/nntt2.auria.org\/index.php\/wp-json\/wp\/v2\/pages\/1687\/revisions\/1695"}],"up":[{"embeddable":true,"href":"https:\/\/nntt2.auria.org\/index.php\/wp-json\/wp\/v2\/pages\/2"}],"wp:attachment":[{"href":"https:\/\/nntt2.auria.org\/index.php\/wp-json\/wp\/v2\/media?parent=1687"}],"curies":[{"name":"wp","href":"https:\/\/api.w.org\/{rel}","templated":true}]}}