{"id":1672,"date":"2020-11-09T10:29:57","date_gmt":"2020-11-09T10:29:57","guid":{"rendered":"https:\/\/nntt.auria.org\/?page_id=1672"},"modified":"2020-11-11T10:53:29","modified_gmt":"2020-11-11T10:53:29","slug":"ulleres-de-realitat-virtual-httc-vive","status":"publish","type":"page","link":"https:\/\/nntt2.auria.org\/index.php\/recursos\/material-tecnologic\/ulleres-de-realitat-virtual-httc-vive\/","title":{"rendered":"Ulleres de realitat virtual Htc Vive"},"content":{"rendered":"\n<figure class=\"wp-block-image size-large is-resized\"><img loading=\"lazy\" decoding=\"async\" src=\"https:\/\/nntt2.auria.org\/wp-content\/uploads\/2020\/11\/ulleres-httc-vive-pack-1024x398.png\" alt=\"\" class=\"wp-image-1677\" width=\"957\" height=\"372\" srcset=\"https:\/\/nntt2.auria.org\/wp-content\/uploads\/2020\/11\/ulleres-httc-vive-pack-1024x398.png 1024w, https:\/\/nntt2.auria.org\/wp-content\/uploads\/2020\/11\/ulleres-httc-vive-pack-600x233.png 600w, https:\/\/nntt2.auria.org\/wp-content\/uploads\/2020\/11\/ulleres-httc-vive-pack-300x117.png 300w, https:\/\/nntt2.auria.org\/wp-content\/uploads\/2020\/11\/ulleres-httc-vive-pack-768x298.png 768w, https:\/\/nntt2.auria.org\/wp-content\/uploads\/2020\/11\/ulleres-httc-vive-pack.png 1200w\" sizes=\"auto, (max-width: 957px) 100vw, 957px\" \/><\/figure>\n\n\n\n<p>I si, en lloc de parlar del Sistema Solar o l\u2019Egipte fara\u00f2nic, tingu\u00e9ssim la possibilitat d\u2019explorar-los en primera persona? I si una persona que ha estat tota la vida en una cadira de rodes pogu\u00e9s experimentar la sensaci\u00f3 de pujar a una muntanya russa o pogu\u00e9s gaudir de les vistes del cim del Pedraforca o l\u2019Everest?<\/p>\n\n\n\n<p>Tot aix\u00f2 i molt m\u00e9s \u00e9s possible gr\u00e0cies a la realitat virtual (RV). Els avantatges i les possibilitats que ens brinda aquesta tecnologia s\u00f3n quasi infinites: descobrir, sorprendre, impactar, treballar l\u2019empatia i les emocions i captivar l\u2019atenci\u00f3 de l\u2019usuari, donant-li l\u2019oportunitat de viure unes experi\u00e8ncies \u00faniques i en primera persona.<\/p>\n\n\n\n<p>Tot aix\u00f2 ens va motivar a adquirir una de les ulleres m\u00e9s de realitat virtual m\u00e9s competents del mercat, les &nbsp;<strong>Httc Vive.<\/strong> Aquestes ulleres porten casc i altaveus incorporats i permeten a la persona que se les posa veure i sentir una realitat creada per ordinador, el que es coneix com una realitat virtual.<\/p>\n\n\n\n<p>Per tant podem dir que la realitat virtual permet substituir la realitat a trav\u00e9s de dispositius que ens permeten &#8220;sentir&#8221; que ens trobem en un altre lloc, ens submergim en una altra realitat feta per ordinador, que no existeix.<\/p>\n\n\n\n<p>El casc compta amb sensors (giroscopi, acceler\u00f2metre), de manera que quan l&#8217;usuari mou el seu cap, aquesta pantalla mostra la imatge que hi hauria cap on l&#8217;usuari mira, de tal manera que crea la sensaci\u00f3 que la persona est\u00e0 dins de l&#8217;escena.<\/p>\n\n\n\n<p>Podeu consultar els diferents models d&#8217;ulleres HTTC a: <a href=\"https:\/\/www.vive.com\/us\/product\/#cosmos%20series\">https:\/\/www.vive.com\/us\/product\/#cosmos%20series<\/a><\/p>\n\n\n\n<div style=\"height:23px\" aria-hidden=\"true\" class=\"wp-block-spacer\"><\/div>\n\n\n\n<hr class=\"wp-block-separator is-style-wide\"\/>\n\n\n\n<p class=\"has-large-font-size\"><strong>Activitats que hem dut a terme:<\/strong><\/p>\n\n\n\n<div style=\"height:43px\" aria-hidden=\"true\" class=\"wp-block-spacer\"><\/div>\n\n\n\n<p class=\"has-medium-font-size\"><strong>Gaudir de v\u00eddeos 360 graus:<\/strong><\/p>\n\n\n\n<p>Els v\u00eddeos 360<sup>0 <\/sup>s\u00f3n v\u00eddeos normals i corrents en els que nom\u00e9s podem mirar, no podem interactuar amb l\u2019entorn per\u00f2 a difer\u00e8ncia dels v\u00eddeos convencionals en els que nom\u00e9s veiem el que hi ha al davant, en aquests&nbsp; hi ha v\u00eddeo en totes direccions, \u00e9s adir que si estem mirant un v\u00eddeo 360<sup>0 <\/sup>d\u2019una expedici\u00f3 d\u2019un excursionista a la muntanya si ens girem enrere o mirem cap al cel veurem el que hagu\u00e9s vist l\u2019excursionista si s\u2019hagu\u00e9s girat o hagu\u00e9s mirat al cel ja que les c\u00e0meres que utilitzen per gravar aquests v\u00eddeos capten informaci\u00f3 en totes direccions.<\/p>\n\n\n\n<p class=\"has-medium-font-size\">Com podem obtenir aquest tipus de v\u00eddeos?<\/p>\n\n\n\n<p>Una manera molt senzilla \u00e9s entrant a la plataforma <strong>Youtube 360<\/strong>. All\u00e0 trobarem multitud de v\u00eddeos d\u2019aquestes caracter\u00edstiques o <strong>Whithin VR<\/strong> per\u00f2 en ambd\u00f3s casos els haurem de veure en l\u00ednia ja que no els podrem descarregar.<\/p>\n\n\n\n<p>En cas que els vulguem descarregar per poder-los veure fora de l\u00ednia podem rec\u00f3rrer a <strong>JDownloader<\/strong> per descarregar els v\u00eddeos de Youtube 360<sup>0<\/sup> o de la plataforma que vulgueu i posteriorment visualitzar-los en algun reproductor 360<sup>0<\/sup> com per exemple <strong>SKYBOX VR.<\/strong><\/p>\n\n\n\n<p>Una altra forma \u00e9s gravar els nostres propis v\u00eddeos. Per poder fer-ho per\u00f2 necessitarem disposar d\u2019una c\u00e0mera 360<sup>0, <\/sup>com per exemple la: <strong>Ricoh Theta S<\/strong><\/p>\n\n\n\n<p><strong>(<\/strong><a href=\"https:\/\/theta360.com\/es\/about\/theta\/s.html\"><strong>https:\/\/theta360.com\/es\/about\/theta\/s.html<\/strong><\/a><strong>)<\/strong><\/p>\n\n\n\n<p>Entre aquest tipus de v\u00eddeos podem trobar experi\u00e8ncies emocionants com baixades en muntanya russa o experi\u00e8ncies tranquil\u00b7les i relaxants com passejos per la muntanya o la platja.<\/p>\n\n\n\n<p>Tamb\u00e9 es poden utilitzar per viatjar i fer turisme arreu del m\u00f3n a trav\u00e9s de plataformes com:<\/p>\n\n\n\n<p>&#8211; <a href=\"https:\/\/arvr.google.com\/earth\/\">Google Earth VR<\/a><\/p>\n\n\n\n<p><\/p>\n\n\n\n<p>Una cosa molt similar ens poden oferir alguns jocs que disposen d\u2019entorns virtuals creats 100% per ordinador que simulen experi\u00e8ncies emocionants o relaxants molt semblants als v\u00eddeos 360<sup>0<\/sup>.<\/p>\n\n\n\n<p>Aprofitant els v\u00eddeos 360<sup>0 <\/sup>podem fer activitats una mica m\u00e9s treballades que anomenem <strong>experi\u00e8ncies vivencials.<\/strong><\/p>\n\n\n\n<p>Anomenem experi\u00e8ncia vivencial quan a banda de fer visualitzar el v\u00eddeo 360<sup>0 <\/sup>afegim altres elements que enganyin als sentits de la persona, d\u2019una forma estructurada i planificada, \u00e9s a dir, per posar un exemple, si la persona est\u00e0 veient un v\u00eddeo d\u2019una platja (nom\u00e9s t\u00e9 el sentit de la vista immers) per\u00f2 si acompanyem l\u2019experi\u00e8ncia amb soroll de platja tamb\u00e9 enganyem el sentit de l\u2019o\u00efda, si a m\u00e9s a m\u00e9s posem els peus de la persona, descal\u00e7os, en un recipient ple de sorra de platja afegim el sentit del tacte i si a m\u00e9s a m\u00e9s ruixem l\u2019ambient amb ambientador mar\u00ed estem incloent l\u2019olfacte. Tot aquests est\u00edmuls extres faran que la immersi\u00f3 de la persona segui molt m\u00e9s gran i per tant la sensaci\u00f3 que tindr\u00e0 ella del que est\u00e0 vivint molt m\u00e9s real.<\/p>\n\n\n\n<div style=\"height:30px\" aria-hidden=\"true\" class=\"wp-block-spacer\"><\/div>\n\n\n\n<p><\/p>\n\n\n\n<p class=\"has-medium-font-size\"><strong>Dibuixar a l\u2019aire de forma virtual:<\/strong><\/p>\n\n\n\n<p>Mitjan\u00e7ant algunes aplicacions com <strong>Tilt brush<\/strong>:<\/p>\n\n\n\n<p><a href=\"https:\/\/www.viveport.com\/bbbc73fc-b018-42ce-a049-439ab378dbc6\">https:\/\/www.viveport.com\/bbbc73fc-b018-42ce-a049-439ab378dbc6<\/a><\/p>\n\n\n\n<p><strong>o l\u2019aerograf <\/strong>que trobem a la sala de<strong> Steam Vr Home<\/strong> podem dibuixar de forma virtual a l\u2019aire en totes direccions, sense les restriccions dels papers 2d.<\/p>\n\n\n\n<div style=\"height:31px\" aria-hidden=\"true\" class=\"wp-block-spacer\"><\/div>\n\n\n\n<p class=\"has-medium-font-size\"><strong>Simulacions:<\/strong><\/p>\n\n\n\n<p>Podem trobar simuladors gratu\u00efts o de pagament que representar l\u2019experi\u00e8ncia de pilotar un avi\u00f3, un cotxe, etc.<\/p>\n\n\n\n<p>Nosaltres hem provat <strong>ultrawings <\/strong>que tot i no ser massa realista si que proporcionava la sensaci\u00f3 d\u2019estar pilotant amb tot el que comporta (vertigen, adrenalina, etc.)<\/p>\n\n\n\n<p><a href=\"https:\/\/www.viveport.com\/60743ddc-2de6-487f-94ae-7fac16513a6f\">https:\/\/www.viveport.com\/60743ddc-2de6-487f-94ae-7fac16513a6f<\/a><\/p>\n\n\n\n<p>La sala principal que ens apareix en carregar les ulleres tamb\u00e9 \u00e9s un recurs molt suc\u00f3s ja que en ella podem simular un dormitori, un menjador, podem dibuixar, veure passatge, manipular diversos objectes, etc. Resulta extremadament \u00fatil per iniciar-se.<\/p>\n\n\n\n<p>Un altre entorn de simulaci\u00f3 que hem pogut provar i que ens ha agradat molt ha estat el <strong>Labs. <\/strong>Aquest simula un laboratori des del qual podrem accedir a varies activitats diferents com visitar un sistema solar, jugar amb un gos rob\u00f2tic o practicar la coordinaci\u00f3 fent tir amb arc, entre d\u2019altres. Est\u00e0 disponible a la plataforma Steam VR: <\/p>\n\n\n\n<p><a href=\"https:\/\/store.steampowered.com\/app\/450390\/The_Lab\/?l=spanish\">https:\/\/store.steampowered.com\/app\/450390\/The_Lab\/?l=spanish<\/a><\/p>\n\n\n\n<div style=\"height:20px\" aria-hidden=\"true\" class=\"wp-block-spacer\"><\/div>\n\n\n\n<p class=\"has-medium-font-size\"><strong>Visitar museus o exposicions culturals o similars:<\/strong><\/p>\n\n\n\n<p><strong>-Dreams of Dal\u00ed (somnis de Dal\u00ed): <\/strong>una experi\u00e8ncia gratu\u00efta molt interessant en la que pots endinsar-te a l\u2019interior d\u2019alguns quadres del fam\u00f3s pintor i veure\u2019ls des d\u2019una altra perspectiva molt atractiva. Disponible a Viveport.<\/p>\n\n\n\n<p><a href=\"https:\/\/www.viveport.com\/5c4dd1a3-3f37-4bc9-aa44-d588e553e376\">https:\/\/www.viveport.com\/5c4dd1a3-3f37-4bc9-aa44-d588e553e376<\/a><\/p>\n\n\n\n<p><strong>-VR Museum of Fine Art (museu de belles arts) <\/strong>Disponible a Viveport.<\/p>\n\n\n\n<p><a href=\"https:\/\/www.viveport.com\/3a7fbcc0-5bcd-4ba3-81b7-0662c1247e12\">https:\/\/www.viveport.com\/3a7fbcc0-5bcd-4ba3-81b7-0662c1247e12<\/a><\/p>\n\n\n\n<p><strong>-Vista 3d de l\u2019anatomia del cos hum\u00e0. <\/strong>Disponible a Viveport de forma gratu\u00efta.<\/p>\n\n\n\n<p><a href=\"https:\/\/www.viveport.com\/a047fcb6-17fa-40fd-9f6b-3e32d09f325d\">https:\/\/www.viveport.com\/a047fcb6-17fa-40fd-9f6b-3e32d09f325d<\/a><\/p>\n\n\n\n<div style=\"height:31px\" aria-hidden=\"true\" class=\"wp-block-spacer\"><\/div>\n\n\n\n<p class=\"has-medium-font-size\"><strong>Des d\u2019on descarregar material per les ulleres?<\/strong><\/p>\n\n\n\n<p>Nosaltres hem descarregat material des de la plataforma pr\u00f2pia de les ulleres <strong>Viveport <\/strong>i des de la plataforma<strong> Steam VR.<\/strong><\/p>\n\n\n\n<p>Steam vr: <a href=\"https:\/\/store.steampowered.com\/steamvr\">https:\/\/store.steampowered.com\/steamvr<\/a><\/p>\n\n\n\n<p>Viveport: <a href=\"https:\/\/www.viveport.com\/\">https:\/\/www.viveport.com\/<\/a><\/p>\n\n\n\n<p>Entre aquestes dues plataformes trobareu multitud de material per les vostres activitats.<\/p>\n\n\n\n<p><\/p>\n","protected":false},"excerpt":{"rendered":"<p>I si, en lloc de parlar del Sistema Solar o l\u2019Egipte fara\u00f2nic, tingu\u00e9ssim la possibilitat d\u2019explorar-los en primera persona? I si una persona que ha estat tota la vida en una cadira<a class=\"moretag\" href=\"https:\/\/nntt2.auria.org\/index.php\/recursos\/material-tecnologic\/ulleres-de-realitat-virtual-httc-vive\/\">Read More&#8230;<\/a><\/p>\n","protected":false},"author":1,"featured_media":0,"parent":2,"menu_order":0,"comment_status":"closed","ping_status":"closed","template":"","meta":{"footnotes":""},"class_list":["post-1672","page","type-page","status-publish","hentry"],"_links":{"self":[{"href":"https:\/\/nntt2.auria.org\/index.php\/wp-json\/wp\/v2\/pages\/1672","targetHints":{"allow":["GET"]}}],"collection":[{"href":"https:\/\/nntt2.auria.org\/index.php\/wp-json\/wp\/v2\/pages"}],"about":[{"href":"https:\/\/nntt2.auria.org\/index.php\/wp-json\/wp\/v2\/types\/page"}],"author":[{"embeddable":true,"href":"https:\/\/nntt2.auria.org\/index.php\/wp-json\/wp\/v2\/users\/1"}],"replies":[{"embeddable":true,"href":"https:\/\/nntt2.auria.org\/index.php\/wp-json\/wp\/v2\/comments?post=1672"}],"version-history":[{"count":9,"href":"https:\/\/nntt2.auria.org\/index.php\/wp-json\/wp\/v2\/pages\/1672\/revisions"}],"predecessor-version":[{"id":1735,"href":"https:\/\/nntt2.auria.org\/index.php\/wp-json\/wp\/v2\/pages\/1672\/revisions\/1735"}],"up":[{"embeddable":true,"href":"https:\/\/nntt2.auria.org\/index.php\/wp-json\/wp\/v2\/pages\/2"}],"wp:attachment":[{"href":"https:\/\/nntt2.auria.org\/index.php\/wp-json\/wp\/v2\/media?parent=1672"}],"curies":[{"name":"wp","href":"https:\/\/api.w.org\/{rel}","templated":true}]}}