{"id":1665,"date":"2020-11-06T16:32:28","date_gmt":"2020-11-06T16:32:28","guid":{"rendered":"https:\/\/nntt.auria.org\/?page_id=1665"},"modified":"2020-11-12T17:11:29","modified_gmt":"2020-11-12T16:11:29","slug":"polsador-bluetooth","status":"publish","type":"page","link":"https:\/\/nntt2.auria.org\/index.php\/recursos\/material-tecnologic\/polsador-bluetooth\/","title":{"rendered":"Polsador bluetooth"},"content":{"rendered":"\n<div class=\"wp-block-media-text alignwide is-stacked-on-mobile\" style=\"grid-template-columns:22% auto\"><figure class=\"wp-block-media-text__media\"><img loading=\"lazy\" decoding=\"async\" width=\"365\" height=\"365\" src=\"https:\/\/nntt2.auria.org\/wp-content\/uploads\/2020\/11\/blue2-bluetooth-switch-2.jpg\" alt=\"\" class=\"wp-image-1666\" srcset=\"https:\/\/nntt2.auria.org\/wp-content\/uploads\/2020\/11\/blue2-bluetooth-switch-2.jpg 365w, https:\/\/nntt2.auria.org\/wp-content\/uploads\/2020\/11\/blue2-bluetooth-switch-2-300x300.jpg 300w, https:\/\/nntt2.auria.org\/wp-content\/uploads\/2020\/11\/blue2-bluetooth-switch-2-100x100.jpg 100w, https:\/\/nntt2.auria.org\/wp-content\/uploads\/2020\/11\/blue2-bluetooth-switch-2-150x150.jpg 150w\" sizes=\"auto, (max-width: 365px) 100vw, 365px\" \/><\/figure><div class=\"wp-block-media-text__content\">\n<p class=\"has-medium-font-size\">Els polsadors bluetooth s\u00f3n la nova generaci\u00f3 de polsadors. A difer\u00e8ncia dels utilitzats fins ara, amb connector mini jack de 3,5mm aquests s\u00f3n inhal\u00e0mbrics i per tant funcionen sense cable, cosa que ens proporciona m\u00e9s flexibilitat a l&#8217;hora d&#8217;ubicar-los. Tamb\u00e9 fa que ens saltem el pas de connectar-lo da trav\u00e9s del ratol\u00ed ja que estableix una comunicaci\u00f3 directe amb el dispositiu. Gr\u00e0cies a aix\u00f2 ens permet utilitzar-lo en tauletes, cosa que amb els altres no pod\u00edem. A m\u00e9s a m\u00e9s incorpora dos polsadors simultanis.<\/p>\n<\/div><\/div>\n\n\n\n<p><\/p>\n","protected":false},"excerpt":{"rendered":"<p>Els polsadors bluetooth s\u00f3n la nova generaci\u00f3 de polsadors. A difer\u00e8ncia dels utilitzats fins ara, amb connector mini jack de 3,5mm aquests s\u00f3n inhal\u00e0mbrics i per tant funcionen sense cable, cosa que<a class=\"moretag\" href=\"https:\/\/nntt2.auria.org\/index.php\/recursos\/material-tecnologic\/polsador-bluetooth\/\">Read More&#8230;<\/a><\/p>\n","protected":false},"author":1,"featured_media":0,"parent":2,"menu_order":0,"comment_status":"closed","ping_status":"closed","template":"","meta":{"footnotes":""},"class_list":["post-1665","page","type-page","status-publish","hentry"],"_links":{"self":[{"href":"https:\/\/nntt2.auria.org\/index.php\/wp-json\/wp\/v2\/pages\/1665","targetHints":{"allow":["GET"]}}],"collection":[{"href":"https:\/\/nntt2.auria.org\/index.php\/wp-json\/wp\/v2\/pages"}],"about":[{"href":"https:\/\/nntt2.auria.org\/index.php\/wp-json\/wp\/v2\/types\/page"}],"author":[{"embeddable":true,"href":"https:\/\/nntt2.auria.org\/index.php\/wp-json\/wp\/v2\/users\/1"}],"replies":[{"embeddable":true,"href":"https:\/\/nntt2.auria.org\/index.php\/wp-json\/wp\/v2\/comments?post=1665"}],"version-history":[{"count":2,"href":"https:\/\/nntt2.auria.org\/index.php\/wp-json\/wp\/v2\/pages\/1665\/revisions"}],"predecessor-version":[{"id":1788,"href":"https:\/\/nntt2.auria.org\/index.php\/wp-json\/wp\/v2\/pages\/1665\/revisions\/1788"}],"up":[{"embeddable":true,"href":"https:\/\/nntt2.auria.org\/index.php\/wp-json\/wp\/v2\/pages\/2"}],"wp:attachment":[{"href":"https:\/\/nntt2.auria.org\/index.php\/wp-json\/wp\/v2\/media?parent=1665"}],"curies":[{"name":"wp","href":"https:\/\/api.w.org\/{rel}","templated":true}]}}