{"id":1658,"date":"2020-11-06T16:14:19","date_gmt":"2020-11-06T16:14:19","guid":{"rendered":"https:\/\/nntt.auria.org\/?page_id=1658"},"modified":"2020-11-11T10:51:18","modified_gmt":"2020-11-11T10:51:18","slug":"robot-thymio","status":"publish","type":"page","link":"https:\/\/nntt2.auria.org\/index.php\/recursos\/material-tecnologic\/robot-thymio\/","title":{"rendered":"Robot Thymio"},"content":{"rendered":"\n<p>Recentment hem adquirit un parell de robots Thymio.<\/p>\n\n\n\n<div class=\"wp-block-image\"><figure class=\"alignleft size-large is-resized\"><img loading=\"lazy\" decoding=\"async\" src=\"https:\/\/nntt2.auria.org\/wp-content\/uploads\/2020\/11\/51U-aZSr1TL._AC_SY355_-1.jpg\" alt=\"\" class=\"wp-image-1669\" width=\"269\" height=\"183\" srcset=\"https:\/\/nntt2.auria.org\/wp-content\/uploads\/2020\/11\/51U-aZSr1TL._AC_SY355_-1.jpg 520w, https:\/\/nntt2.auria.org\/wp-content\/uploads\/2020\/11\/51U-aZSr1TL._AC_SY355_-1-300x205.jpg 300w\" sizes=\"auto, (max-width: 269px) 100vw, 269px\" \/><\/figure><\/div>\n\n\n\n<p><strong>Qu\u00e8 \u00e9s el Thymio?<\/strong><\/p>\n\n\n\n<p>El Thymio \u00e9s un petit robot dotat de dues rodes i m\u00faltiples sensors que li otorguen moviment i reacci\u00f3 a est\u00edmuls de l\u2019entorn.<\/p>\n\n\n\n<p>Thymio porta incorporats 6 comportaments de s\u00e8rie, els quals es poden utiltzar sense necessitat de cap ordinador per\u00f2 tamb\u00e9 t\u00e9 una plataforma que es diu <strong>thymio suite<\/strong> que permet programar els nostres propis programes o comportaments a mitjan\u00e7ant 5 codis diferents, segons m\u00e9s ens convingui. Entre aquests codis en destaquem 3 que ens permeten programar de forma visual mitjan\u00e7ant blocs l\u00f2gics, cosa que el fa molt atractiu per a iniciar a persones en el m\u00f3n de la programaci\u00f3.<\/p>\n\n\n\n<p>Alguns dels sensors que porta s\u00f3n:<\/p>\n\n\n\n<p>-de temperatura, de so, de pressi\u00f3, acceler\u00f2metre, infraroig, de seguiment de l\u00ednies, de proximitat, etc.<\/p>\n\n\n\n<p>Aix\u00f2 li confereix un ventall molt ampli de possibilitats a l\u2019hora de dissenyar activitats per a les persones.<\/p>\n\n\n\n<p><\/p>\n\n\n\n<p>Els 6 comportament que porta de s\u00e8rie s\u00f3n:<\/p>\n\n\n\n<figure class=\"wp-block-image size-large\"><img loading=\"lazy\" decoding=\"async\" width=\"1024\" height=\"145\" src=\"https:\/\/nntt2.auria.org\/wp-content\/uploads\/2020\/11\/comportaments-1024x145.png\" alt=\"\" class=\"wp-image-1659\" srcset=\"https:\/\/nntt2.auria.org\/wp-content\/uploads\/2020\/11\/comportaments-1024x145.png 1024w, https:\/\/nntt2.auria.org\/wp-content\/uploads\/2020\/11\/comportaments-600x85.png 600w, https:\/\/nntt2.auria.org\/wp-content\/uploads\/2020\/11\/comportaments-300x42.png 300w, https:\/\/nntt2.auria.org\/wp-content\/uploads\/2020\/11\/comportaments-768x108.png 768w, https:\/\/nntt2.auria.org\/wp-content\/uploads\/2020\/11\/comportaments.png 1154w\" sizes=\"auto, (max-width: 1024px) 100vw, 1024px\" \/><\/figure>\n\n\n\n<p>Si escollim el verd el robot seguir\u00e0 la nostra m\u00e0 o l&#8217;objecte que se li apropi. <\/p>\n\n\n\n<p>El color taronj\u00f3s far\u00e0 que el robot avanci evitant els obstacles que es trobi per davant.<\/p>\n\n\n\n<p>El color vermell far\u00e0 que s&#8217;allunyi de la nostra m\u00e0 o de l&#8217;objecte que li apropem.<\/p>\n\n\n\n<p>El color blau fort for far\u00e0 que reaccioni a sorolls, per exemple picar de mans.<\/p>\n\n\n\n<p>El color Turquesa far\u00e0 que segueixi una l\u00ednia de color negre que hi hagi al terra o a la superf\u00edcie en que es trobi.<\/p>\n\n\n\n<p>Finalment amb el color porpre posar\u00e0 el seu despla\u00e7ament a disposici\u00f3 de les fletxes permeten que siguem nosaltres qui el fem avan\u00e7ar, girar o retrocedir mitjan\u00e7ant la pulsaci\u00f3 de les fletxes que porta.<\/p>\n\n\n\n<p><\/p>\n","protected":false},"excerpt":{"rendered":"<p>Recentment hem adquirit un parell de robots Thymio. Qu\u00e8 \u00e9s el Thymio? El Thymio \u00e9s un petit robot dotat de dues rodes i m\u00faltiples sensors que li otorguen moviment i reacci\u00f3 a<a class=\"moretag\" href=\"https:\/\/nntt2.auria.org\/index.php\/recursos\/material-tecnologic\/robot-thymio\/\">Read More&#8230;<\/a><\/p>\n","protected":false},"author":1,"featured_media":0,"parent":2,"menu_order":0,"comment_status":"closed","ping_status":"closed","template":"","meta":{"footnotes":""},"class_list":["post-1658","page","type-page","status-publish","hentry"],"_links":{"self":[{"href":"https:\/\/nntt2.auria.org\/index.php\/wp-json\/wp\/v2\/pages\/1658","targetHints":{"allow":["GET"]}}],"collection":[{"href":"https:\/\/nntt2.auria.org\/index.php\/wp-json\/wp\/v2\/pages"}],"about":[{"href":"https:\/\/nntt2.auria.org\/index.php\/wp-json\/wp\/v2\/types\/page"}],"author":[{"embeddable":true,"href":"https:\/\/nntt2.auria.org\/index.php\/wp-json\/wp\/v2\/users\/1"}],"replies":[{"embeddable":true,"href":"https:\/\/nntt2.auria.org\/index.php\/wp-json\/wp\/v2\/comments?post=1658"}],"version-history":[{"count":3,"href":"https:\/\/nntt2.auria.org\/index.php\/wp-json\/wp\/v2\/pages\/1658\/revisions"}],"predecessor-version":[{"id":1671,"href":"https:\/\/nntt2.auria.org\/index.php\/wp-json\/wp\/v2\/pages\/1658\/revisions\/1671"}],"up":[{"embeddable":true,"href":"https:\/\/nntt2.auria.org\/index.php\/wp-json\/wp\/v2\/pages\/2"}],"wp:attachment":[{"href":"https:\/\/nntt2.auria.org\/index.php\/wp-json\/wp\/v2\/media?parent=1658"}],"curies":[{"name":"wp","href":"https:\/\/api.w.org\/{rel}","templated":true}]}}