{"id":1641,"date":"2020-11-03T09:30:41","date_gmt":"2020-11-03T09:30:41","guid":{"rendered":"https:\/\/nntt.auria.org\/?page_id=1641"},"modified":"2020-11-12T17:10:00","modified_gmt":"2020-11-12T16:10:00","slug":"discrimina-els-objectes-segons-la-mostra","status":"publish","type":"page","link":"https:\/\/nntt2.auria.org\/index.php\/recursos\/jocs\/discrimina-els-objectes-segons-la-mostra\/","title":{"rendered":"Discrimina els objectes segons la mostra"},"content":{"rendered":"\n<div class=\"wp-block-media-text alignwide is-stacked-on-mobile is-vertically-aligned-top\" style=\"grid-template-columns:35% auto\"><figure class=\"wp-block-media-text__media\"><a href=\"https:\/\/www.mundoprimaria.com\/juegos-educativos\/juegos-de-atencion-infantil\/encuentra-dibujo-01\" target=\"_blank\" rel=\"noopener noreferrer\"><img loading=\"lazy\" decoding=\"async\" width=\"414\" height=\"413\" src=\"https:\/\/nntt2.auria.org\/wp-content\/uploads\/2020\/11\/MiniJocDiscriminar1-1.jpg\" alt=\"\" class=\"wp-image-1642\" srcset=\"https:\/\/nntt2.auria.org\/wp-content\/uploads\/2020\/11\/MiniJocDiscriminar1-1.jpg 414w, https:\/\/nntt2.auria.org\/wp-content\/uploads\/2020\/11\/MiniJocDiscriminar1-1-300x300.jpg 300w, https:\/\/nntt2.auria.org\/wp-content\/uploads\/2020\/11\/MiniJocDiscriminar1-1-100x100.jpg 100w, https:\/\/nntt2.auria.org\/wp-content\/uploads\/2020\/11\/MiniJocDiscriminar1-1-150x150.jpg 150w\" sizes=\"auto, (max-width: 414px) 100vw, 414px\" \/><\/a><\/figure><div class=\"wp-block-media-text__content\">\n<p>En aquesta p\u00e0gina trobarem diferents jocs per treballar la percepci\u00f3 visual.<\/p>\n\n\n\n<p>La majoria estan plantejats de la mateixa manera: s&#8217;exposen diversos dibuixos entre els quals s&#8217;han d&#8217;assenyalar aquells que s\u00f3n iguals al model donat. Despr\u00e9s, es presenten de nou diversos objectes per\u00f2, en aquesta ocasi\u00f3, s&#8217;ha d&#8217;assenyalar l&#8217;objecte diferent a la resta dels exposats.<\/p>\n<\/div><\/div>\n","protected":false},"excerpt":{"rendered":"<p>En aquesta p\u00e0gina trobarem diferents jocs per treballar la percepci\u00f3 visual. La majoria estan plantejats de la mateixa manera: s&#8217;exposen diversos dibuixos entre els quals s&#8217;han d&#8217;assenyalar aquells que s\u00f3n iguals al<a class=\"moretag\" href=\"https:\/\/nntt2.auria.org\/index.php\/recursos\/jocs\/discrimina-els-objectes-segons-la-mostra\/\">Read More&#8230;<\/a><\/p>\n","protected":false},"author":1,"featured_media":0,"parent":15,"menu_order":0,"comment_status":"closed","ping_status":"closed","template":"","meta":{"footnotes":""},"class_list":["post-1641","page","type-page","status-publish","hentry"],"_links":{"self":[{"href":"https:\/\/nntt2.auria.org\/index.php\/wp-json\/wp\/v2\/pages\/1641","targetHints":{"allow":["GET"]}}],"collection":[{"href":"https:\/\/nntt2.auria.org\/index.php\/wp-json\/wp\/v2\/pages"}],"about":[{"href":"https:\/\/nntt2.auria.org\/index.php\/wp-json\/wp\/v2\/types\/page"}],"author":[{"embeddable":true,"href":"https:\/\/nntt2.auria.org\/index.php\/wp-json\/wp\/v2\/users\/1"}],"replies":[{"embeddable":true,"href":"https:\/\/nntt2.auria.org\/index.php\/wp-json\/wp\/v2\/comments?post=1641"}],"version-history":[{"count":5,"href":"https:\/\/nntt2.auria.org\/index.php\/wp-json\/wp\/v2\/pages\/1641\/revisions"}],"predecessor-version":[{"id":1787,"href":"https:\/\/nntt2.auria.org\/index.php\/wp-json\/wp\/v2\/pages\/1641\/revisions\/1787"}],"up":[{"embeddable":true,"href":"https:\/\/nntt2.auria.org\/index.php\/wp-json\/wp\/v2\/pages\/15"}],"wp:attachment":[{"href":"https:\/\/nntt2.auria.org\/index.php\/wp-json\/wp\/v2\/media?parent=1641"}],"curies":[{"name":"wp","href":"https:\/\/api.w.org\/{rel}","templated":true}]}}